{"id":772599,"date":"2025-08-28T15:45:34","date_gmt":"2025-08-28T12:45:34","guid":{"rendered":"https:\/\/roveyayinevi.com.tr\/index.php\/urun\/kozmozun-sirlari\/"},"modified":"2026-04-15T03:38:51","modified_gmt":"2026-04-15T00:38:51","slug":"kozmozun-sirlari","status":"publish","type":"product","link":"https:\/\/roveyayinevi.com.tr\/index.php\/urun\/kozmozun-sirlari\/","title":{"rendered":"Kozmozun S\u0131rlar\u0131"},"content":{"rendered":"<p>Kozmozun S\u0131rlar\u0131: \u0130nsanl\u0131\u011f\u0131n K\u00fcllerinden Y\u00fckseli\u015fi-Felaketten Bilime Uzanan Kurgu \u0130nsanl\u0131k tarihi boyunca; meteor \u00e7arpmalar\u0131, b\u00fcy\u00fck volkanik patlamalar ve y\u0131k\u0131c\u0131 depremler gibi do\u011fa olaylar\u0131, medeniyetleri defalarca yok olman\u0131n e\u015fi\u011fine getirmi\u015ftir. Ancak Antik \u00c7a\u011f insan\u0131, \u00fcst\u00fcn hayatta kalma becerileri sayesinde her felaketin ard\u0131ndan yeniden var olmay\u0131 ba\u015farm\u0131\u015ft\u0131r. Peki ya bug\u00fcn benzer bir felaket ya\u015fansa? Telefonsuz markete gidemeyen, internet kesildi\u011finde panikleyen, elektriksiz kald\u0131\u011f\u0131nda g\u00fcnl\u00fck ya\u015fam\u0131n\u0131 s\u00fcrd\u00fcremeyen modern insan, ger\u00e7ekten hayatta kalabilir mi? Ara\u015ft\u0131rmac\u0131 Yazar Levant D\u00f6nmez, bu sorunun pe\u015fine d\u00fc\u015f\u00fcyor. Kaleme ald\u0131\u011f\u0131 bu roman, k\u00fcresel \u00f6l\u00e7ekte ya\u015fanan b\u00fcy\u00fck bir felaketin ard\u0131ndan hayatta kalmay\u0131 ba\u015faran insanl\u0131\u011f\u0131n m\u00fccadelesini anlat\u0131yor. Kurgu olmas\u0131na ra\u011fmen, eserde yer alan t\u00fcm aletler, teknolojik donan\u0131mlar ve bilimsel a\u00e7\u0131klamalar; yazar\u0131n uzun y\u0131llar boyunca \u00fczerinde \u00e7al\u0131\u015ft\u0131\u011f\u0131 ger\u00e7ek projelere ve teorilere dayanmaktad\u0131r. Kara deliklerin, y\u0131ld\u0131zlar\u0131n ve gezegenlerin nas\u0131l olu\u015ftu\u011fu ve yap\u0131s\u0131\u2026  Atmosfer ve jeofiziksel olaylar ile depremlerin bilinenden farkl\u0131 y\u00f6nleri\u2026 T\u00fcm bu konular, bilimsel verilerle desteklenen \u00f6zg\u00fcn bir bak\u0131\u015f a\u00e7\u0131s\u0131yla ele al\u0131n\u0131yor. Yazar, yaln\u0131zca teorileri de\u011fil; ayn\u0131 zamanda hayata ge\u00e7irilmeyi bekleyen yenilik\u00e7i tasar\u0131mlar\u0131n\u0131 da bu roman arac\u0131l\u0131\u011f\u0131yla okuyucuya sunuyor. Elinizdeki eser, s\u00fcr\u00fckleyici bir hik\u00e2ye anlatman\u0131n \u00f6tesinde; atom alt\u0131 par\u00e7ac\u0131klar\u0131n hareketlerinden h\u00fccrelerin olu\u015fumuna; ya\u015fam\u0131n canlanmas\u0131n\u0131 sa\u011flayan kuvvetlerin k\u00f6keninden evrimsel s\u00fcre\u00e7lere kadar pek \u00e7ok alanda \u00f6nemli hipotezler i\u00e7eriyor. Biyoloji, insan beyni, teknoloji, evrim ve evrenin i\u015fleyi\u015fi \u00fczerine \u00e7arp\u0131c\u0131 \u00e7\u0131kar\u0131mlar da roman\u0131n bilimsel zeminini olu\u015fturuyor. Yapay zek\u00e2 \u00e7a\u011f\u0131nda insanl\u0131\u011f\u0131n kar\u015f\u0131 kar\u015f\u0131ya kalaca\u011f\u0131 zorluklar\u0131, acemilikle ustal\u0131k aras\u0131ndaki k\u0131r\u0131lma noktalar\u0131n\u0131 ve teknolojik d\u00f6n\u00fc\u015f\u00fcm\u00fcn insan do\u011fas\u0131 \u00fczerindeki etkilerini d\u00fc\u015f\u00fcnd\u00fcr\u00fcc\u00fc bir kurguyla aktaran bu roman hem bilim merakl\u0131lar\u0131na hem de macera severlere hitap ediyor. ,  Her sayfas\u0131nda \u015fa\u015f\u0131racak, d\u00fc\u015f\u00fcnecek ve merakla okumaya devam edeceksiniz. <\/p>\n","protected":false},"excerpt":{"rendered":"<p>Kozmozun S\u0131rlar\u0131: \u0130nsanl\u0131\u011f\u0131n K\u00fcllerinden Y\u00fckseli\u015fi-Felaketten Bilime Uzanan Kurgu \u0130nsanl\u0131k tarihi boyunca; meteor \u00e7arpmalar\u0131, b\u00fcy\u00fck volkanik patlamalar ve y\u0131k\u0131c\u0131 depremler gibi do\u011fa olaylar\u0131, medeniyetleri defalarca yok olman\u0131n<span class=\"excerpt-hellip\"> [\u2026]<\/span><\/p>\n","protected":false},"featured_media":0,"template":"","meta":{"_monsterinsights_skip_tracking":false,"_monsterinsights_sitenote_active":false,"_monsterinsights_sitenote_note":"","_monsterinsights_sitenote_category":0},"product_brand":[],"product_cat":[12291,12711],"product_tag":[],"class_list":{"0":"post-772599","1":"product","2":"type-product","3":"status-publish","5":"product_cat-edebiyat","6":"product_cat-roman-oyku","7":"pa_cilt-ciltsiz","8":"pa_tur-kitap","9":"pa_yayinevi-alden-yayinlari","10":"pa_yazar-levant-donmez","12":"first","13":"instock","14":"sale","15":"shipping-taxable","16":"purchasable","17":"product-type-simple"},"_links":{"self":[{"href":"https:\/\/roveyayinevi.com.tr\/index.php\/wp-json\/wp\/v2\/product\/772599","targetHints":{"allow":["GET"]}}],"collection":[{"href":"https:\/\/roveyayinevi.com.tr\/index.php\/wp-json\/wp\/v2\/product"}],"about":[{"href":"https:\/\/roveyayinevi.com.tr\/index.php\/wp-json\/wp\/v2\/types\/product"}],"wp:attachment":[{"href":"https:\/\/roveyayinevi.com.tr\/index.php\/wp-json\/wp\/v2\/media?parent=772599"}],"wp:term":[{"taxonomy":"product_brand","embeddable":true,"href":"https:\/\/roveyayinevi.com.tr\/index.php\/wp-json\/wp\/v2\/product_brand?post=772599"},{"taxonomy":"product_cat","embeddable":true,"href":"https:\/\/roveyayinevi.com.tr\/index.php\/wp-json\/wp\/v2\/product_cat?post=772599"},{"taxonomy":"product_tag","embeddable":true,"href":"https:\/\/roveyayinevi.com.tr\/index.php\/wp-json\/wp\/v2\/product_tag?post=772599"}],"curies":[{"name":"wp","href":"https:\/\/api.w.org\/{rel}","templated":true}]}}