{"id":772598,"date":"2025-08-28T15:45:32","date_gmt":"2025-08-28T12:45:32","guid":{"rendered":"https:\/\/roveyayinevi.com.tr\/index.php\/urun\/gurbetci-elif\/"},"modified":"2026-04-15T03:38:51","modified_gmt":"2026-04-15T00:38:51","slug":"gurbetci-elif","status":"publish","type":"product","link":"https:\/\/roveyayinevi.com.tr\/index.php\/urun\/gurbetci-elif\/","title":{"rendered":"Gurbet\u00e7i Elif"},"content":{"rendered":"<p>Baz\u0131 hik\u00e2yeler, bir ba\u015flang\u0131c\u0131n de\u011fil bir sonun e\u015fi\u011finde do\u011far. Bu hik\u00e2ye, sadece Elif\u2019in, Yi\u011fit\u2019in, Alya\u2019n\u0131n, Emilia\u2019n\u0131n de\u011fil&#8230; Bir g\u00fcn hayat\u0131n tam ortas\u0131nda savrulmu\u015f, d\u00fc\u015f\u00fcp kalkm\u0131\u015f ama asla pes etmemi\u015f herkesin sessiz hik\u00e2yesidir. \u00c7\u00fcnk\u00fc ger\u00e7ek iyile\u015fmeler sessiz olur. Bu roman\u0131, hayat\u0131n ne kadar k\u0131r\u0131lgan ama ayn\u0131 zamanda ne kadar g\u00fc\u00e7l\u00fc olabilece\u011fini hat\u0131rlatmak i\u00e7in yazd\u0131m. Umar\u0131m her d\u00fc\u015ft\u00fc\u011f\u00fcn\u00fczde, her kayboldu\u011funuzda, i\u00e7inizden bir ses size \u015f\u00f6yle f\u0131s\u0131ldar: \u201cBazen kayboldu\u011funu sand\u0131\u011f\u0131n yer, asl\u0131nda yolun ba\u015flad\u0131\u011f\u0131 yerdir.\u201d Hik\u00e2yeler bitmez. Biz sadece bir sayfay\u0131 kapat\u0131r, di\u011ferine ge\u00e7eriz. Kalbinize, hayallerinize ve t\u00fcm yeni ba\u015flang\u0131\u00e7lar\u0131n\u0131za sonsuz bir inan\u00e7la&#8230;   \u015eiirleri ve romanlar\u0131yla kalplerinize dokunan Kahraman Tazeo\u011flu, &#8221; Gurbet\u00e7i Elif &#8221; ile sizi yine duygusal bir yolculu\u011fa davet ediyor. <\/p>\n","protected":false},"excerpt":{"rendered":"<p>Baz\u0131 hik\u00e2yeler, bir ba\u015flang\u0131c\u0131n de\u011fil bir sonun e\u015fi\u011finde do\u011far. Bu hik\u00e2ye, sadece Elif\u2019in, Yi\u011fit\u2019in, Alya\u2019n\u0131n, Emilia\u2019n\u0131n de\u011fil&#8230; Bir g\u00fcn hayat\u0131n tam ortas\u0131nda savrulmu\u015f, d\u00fc\u015f\u00fcp kalkm\u0131\u015f ama<span class=\"excerpt-hellip\"> [\u2026]<\/span><\/p>\n","protected":false},"featured_media":0,"template":"","meta":{"_monsterinsights_skip_tracking":false,"_monsterinsights_sitenote_active":false,"_monsterinsights_sitenote_note":"","_monsterinsights_sitenote_category":0},"product_brand":[],"product_cat":[12291,12711],"product_tag":[],"class_list":{"0":"post-772598","1":"product","2":"type-product","3":"status-publish","5":"product_cat-edebiyat","6":"product_cat-roman-oyku","7":"pa_cilt-ciltsiz","8":"pa_tur-kitap","9":"pa_yayinevi-yediveren-yayinlari","10":"pa_yazar-kahraman-tazeoglu","12":"first","13":"instock","14":"sale","15":"shipping-taxable","16":"purchasable","17":"product-type-simple"},"_links":{"self":[{"href":"https:\/\/roveyayinevi.com.tr\/index.php\/wp-json\/wp\/v2\/product\/772598","targetHints":{"allow":["GET"]}}],"collection":[{"href":"https:\/\/roveyayinevi.com.tr\/index.php\/wp-json\/wp\/v2\/product"}],"about":[{"href":"https:\/\/roveyayinevi.com.tr\/index.php\/wp-json\/wp\/v2\/types\/product"}],"wp:attachment":[{"href":"https:\/\/roveyayinevi.com.tr\/index.php\/wp-json\/wp\/v2\/media?parent=772598"}],"wp:term":[{"taxonomy":"product_brand","embeddable":true,"href":"https:\/\/roveyayinevi.com.tr\/index.php\/wp-json\/wp\/v2\/product_brand?post=772598"},{"taxonomy":"product_cat","embeddable":true,"href":"https:\/\/roveyayinevi.com.tr\/index.php\/wp-json\/wp\/v2\/product_cat?post=772598"},{"taxonomy":"product_tag","embeddable":true,"href":"https:\/\/roveyayinevi.com.tr\/index.php\/wp-json\/wp\/v2\/product_tag?post=772598"}],"curies":[{"name":"wp","href":"https:\/\/api.w.org\/{rel}","templated":true}]}}