{"id":772597,"date":"2025-08-28T15:45:30","date_gmt":"2025-08-28T12:45:30","guid":{"rendered":"https:\/\/roveyayinevi.com.tr\/index.php\/urun\/ayi-ve-arkadaslari-mutlu-ev-kitabi-yuksek-kontrast-gorunumlu-kece-kitap\/"},"modified":"2026-04-15T03:38:51","modified_gmt":"2026-04-15T00:38:51","slug":"ayi-ve-arkadaslari-mutlu-ev-kitabi-yuksek-kontrast-gorunumlu-kece-kitap","status":"publish","type":"product","link":"https:\/\/roveyayinevi.com.tr\/index.php\/urun\/ayi-ve-arkadaslari-mutlu-ev-kitabi-yuksek-kontrast-gorunumlu-kece-kitap\/","title":{"rendered":"Ay\u0131 ve Arkada\u015flar\u0131 &#8211; Mutlu Ev Kitab\u0131 (Y\u00fcksek Kontrast G\u00f6r\u00fcn\u00fcml\u00fc Ke\u00e7e Kitap)"},"content":{"rendered":"<p>Ev \u015feklindeki bu reng\u00e2renk ke\u00e7e kitap e\u011flence dolu. Bug\u00fcn Ay\u0131c\u0131k\u2019\u0131n do\u011fum g\u00fcn\u00fc! Hadi, onu en \u00e7ok neyin mutlu etti\u011fini \u00f6\u011frenelim. Siyah-beyaz \u00e7izimler, parlak ke\u00e7e \u015fekillerle g\u00fczel bir kontrast olu\u015fturuyor. Bebeklerin ve k\u00fc\u00e7\u00fck \u00e7ocuklar\u0131n duyu geli\u015fimi i\u00e7in harika! Haydi i\u00e7eri girin! Ke\u015ffedecek \u00e7ok \u015fey var!  <\/p>\n","protected":false},"excerpt":{"rendered":"<p>Ev \u015feklindeki bu reng\u00e2renk ke\u00e7e kitap e\u011flence dolu. Bug\u00fcn Ay\u0131c\u0131k\u2019\u0131n do\u011fum g\u00fcn\u00fc! Hadi, onu en \u00e7ok neyin mutlu etti\u011fini \u00f6\u011frenelim. Siyah-beyaz \u00e7izimler, parlak ke\u00e7e \u015fekillerle g\u00fczel<span class=\"excerpt-hellip\"> [\u2026]<\/span><\/p>\n","protected":false},"featured_media":0,"template":"","meta":{"_monsterinsights_skip_tracking":false,"_monsterinsights_sitenote_active":false,"_monsterinsights_sitenote_note":"","_monsterinsights_sitenote_category":0},"product_brand":[],"product_cat":[12274,12518],"product_tag":[],"class_list":{"0":"post-772597","1":"product","2":"type-product","3":"status-publish","5":"product_cat-cocuk-ve-genclik-kitaplari","6":"product_cat-okul-oncesi-kitaplar","7":"pa_cilt-ciltsiz","8":"pa_tur-kitap","9":"pa_yayinevi-buyulu-fener-yayinlari","10":"pa_yazar-kolektif","12":"first","13":"instock","14":"sale","15":"shipping-taxable","16":"purchasable","17":"product-type-simple"},"_links":{"self":[{"href":"https:\/\/roveyayinevi.com.tr\/index.php\/wp-json\/wp\/v2\/product\/772597","targetHints":{"allow":["GET"]}}],"collection":[{"href":"https:\/\/roveyayinevi.com.tr\/index.php\/wp-json\/wp\/v2\/product"}],"about":[{"href":"https:\/\/roveyayinevi.com.tr\/index.php\/wp-json\/wp\/v2\/types\/product"}],"wp:attachment":[{"href":"https:\/\/roveyayinevi.com.tr\/index.php\/wp-json\/wp\/v2\/media?parent=772597"}],"wp:term":[{"taxonomy":"product_brand","embeddable":true,"href":"https:\/\/roveyayinevi.com.tr\/index.php\/wp-json\/wp\/v2\/product_brand?post=772597"},{"taxonomy":"product_cat","embeddable":true,"href":"https:\/\/roveyayinevi.com.tr\/index.php\/wp-json\/wp\/v2\/product_cat?post=772597"},{"taxonomy":"product_tag","embeddable":true,"href":"https:\/\/roveyayinevi.com.tr\/index.php\/wp-json\/wp\/v2\/product_tag?post=772597"}],"curies":[{"name":"wp","href":"https:\/\/api.w.org\/{rel}","templated":true}]}}