{"id":772593,"date":"2025-08-28T15:45:21","date_gmt":"2025-08-28T12:45:21","guid":{"rendered":"https:\/\/roveyayinevi.com.tr\/index.php\/urun\/esrarli-misralar\/"},"modified":"2026-04-15T03:38:51","modified_gmt":"2026-04-15T00:38:51","slug":"esrarli-misralar","status":"publish","type":"product","link":"https:\/\/roveyayinevi.com.tr\/index.php\/urun\/esrarli-misralar\/","title":{"rendered":"Esrarl\u0131 M\u0131sralar"},"content":{"rendered":"<p>Medet umma d\u00fcnyadan, serseri g\u00f6n\u00fcl! Ka\u00e7 kez y\u0131k\u0131lmaz, diye yaslanmad\u0131n m\u0131? Y\u00e2re u\u00e7am, dedin de, ey deli g\u00f6n\u00fcl! Kanad\u0131ndan vuruldun, uslanmad\u0131n m\u0131?   Y\u00e2rin pe\u015finde fena h\u00e2llere d\u00fc\u015ft\u00fcn! Rezil r\u00fcsva oldun da, dillere d\u00fc\u015ft\u00fcn. Gidem de bulam, diye yollara d\u00fc\u015ft\u00fcn. Hep nafile yoruldun, uslanmad\u0131n m\u0131?   Bak, b\u00fct\u00fcn hayallerin y\u0131k\u0131ld\u0131 gitti. \u00dcmitlerin t\u00fckendi; kayboldu, yitti. Bitmeyecek san\u0131rd\u0131n, sabr\u0131n da bitti. A\u015fk \u201cod\u201dunda kor oldun, uslanmad\u0131n m\u0131?   Ey Der\u00fbni kabullen, karaym\u0131\u015f yaz\u0131n! Kestiler solu\u011funu, \u00e7\u0131kmaz avaz\u0131n. Gayri mah\u015fere kald\u0131, senin niyaz\u0131n. Buland\u0131n da duruldun, uslanmad\u0131n m\u0131?<\/p>\n","protected":false},"excerpt":{"rendered":"<p>Medet umma d\u00fcnyadan, serseri g\u00f6n\u00fcl! Ka\u00e7 kez y\u0131k\u0131lmaz, diye yaslanmad\u0131n m\u0131? Y\u00e2re u\u00e7am, dedin de, ey deli g\u00f6n\u00fcl! Kanad\u0131ndan vuruldun, uslanmad\u0131n m\u0131? Y\u00e2rin pe\u015finde fena h\u00e2llere<span class=\"excerpt-hellip\"> [\u2026]<\/span><\/p>\n","protected":false},"featured_media":0,"template":"","meta":{"_monsterinsights_skip_tracking":false,"_monsterinsights_sitenote_active":false,"_monsterinsights_sitenote_note":"","_monsterinsights_sitenote_category":0},"product_brand":[],"product_cat":[12291,12509],"product_tag":[],"class_list":{"0":"post-772593","1":"product","2":"type-product","3":"status-publish","5":"product_cat-edebiyat","6":"product_cat-siir","7":"pa_cilt-ciltsiz","8":"pa_tur-kitap","9":"pa_yayinevi-luna-yayinlari","10":"pa_yazar-ramazan-celik","12":"first","13":"instock","14":"sale","15":"shipping-taxable","16":"purchasable","17":"product-type-simple"},"_links":{"self":[{"href":"https:\/\/roveyayinevi.com.tr\/index.php\/wp-json\/wp\/v2\/product\/772593","targetHints":{"allow":["GET"]}}],"collection":[{"href":"https:\/\/roveyayinevi.com.tr\/index.php\/wp-json\/wp\/v2\/product"}],"about":[{"href":"https:\/\/roveyayinevi.com.tr\/index.php\/wp-json\/wp\/v2\/types\/product"}],"wp:attachment":[{"href":"https:\/\/roveyayinevi.com.tr\/index.php\/wp-json\/wp\/v2\/media?parent=772593"}],"wp:term":[{"taxonomy":"product_brand","embeddable":true,"href":"https:\/\/roveyayinevi.com.tr\/index.php\/wp-json\/wp\/v2\/product_brand?post=772593"},{"taxonomy":"product_cat","embeddable":true,"href":"https:\/\/roveyayinevi.com.tr\/index.php\/wp-json\/wp\/v2\/product_cat?post=772593"},{"taxonomy":"product_tag","embeddable":true,"href":"https:\/\/roveyayinevi.com.tr\/index.php\/wp-json\/wp\/v2\/product_tag?post=772593"}],"curies":[{"name":"wp","href":"https:\/\/api.w.org\/{rel}","templated":true}]}}