{"id":772591,"date":"2025-08-28T15:45:17","date_gmt":"2025-08-28T12:45:17","guid":{"rendered":"https:\/\/roveyayinevi.com.tr\/index.php\/urun\/asiye-2\/"},"modified":"2026-04-15T03:38:51","modified_gmt":"2026-04-15T00:38:51","slug":"asiye-2","status":"publish","type":"product","link":"https:\/\/roveyayinevi.com.tr\/index.php\/urun\/asiye-2\/","title":{"rendered":"Asiye"},"content":{"rendered":"<p>Ben Asiye, Sessiz Asiye, \u00d6zel Asiye, Sar\u0131 sa\u00e7l\u0131 mavi g\u00f6zl\u00fc Asiye. Bir \u00e7ocu\u011fum ben, Hikayesi sessizce ilerleyen. Yazd\u0131klar\u0131m senin sesinle hayat bulsun, Onlarca, y\u00fczlerce farkl\u0131 sesim olsun. Ben Hayalperest Asiye, Hayalini kurmad\u0131\u011f\u0131n bulmaz seni, Hayallerine s\u0131n\u0131r koyma, Hayatta engel var ama hayallerde asla!<\/p>\n","protected":false},"excerpt":{"rendered":"<p>Ben Asiye, Sessiz Asiye, \u00d6zel Asiye, Sar\u0131 sa\u00e7l\u0131 mavi g\u00f6zl\u00fc Asiye. Bir \u00e7ocu\u011fum ben, Hikayesi sessizce ilerleyen. Yazd\u0131klar\u0131m senin sesinle hayat bulsun, Onlarca, y\u00fczlerce farkl\u0131 sesim<span class=\"excerpt-hellip\"> [\u2026]<\/span><\/p>\n","protected":false},"featured_media":0,"template":"","meta":{"_monsterinsights_skip_tracking":false,"_monsterinsights_sitenote_active":false,"_monsterinsights_sitenote_note":"","_monsterinsights_sitenote_category":0},"product_brand":[],"product_cat":[12274,12284],"product_tag":[],"class_list":{"0":"post-772591","1":"product","2":"type-product","3":"status-publish","5":"product_cat-cocuk-ve-genclik-kitaplari","6":"product_cat-hikayeler","7":"pa_cilt-ciltsiz","8":"pa_tur-kitap","9":"pa_yayinevi-luna-cocuk-yayinlari","10":"pa_yazar-hanife-filiz-ustundagli","12":"first","13":"instock","14":"sale","15":"shipping-taxable","16":"purchasable","17":"product-type-simple"},"_links":{"self":[{"href":"https:\/\/roveyayinevi.com.tr\/index.php\/wp-json\/wp\/v2\/product\/772591","targetHints":{"allow":["GET"]}}],"collection":[{"href":"https:\/\/roveyayinevi.com.tr\/index.php\/wp-json\/wp\/v2\/product"}],"about":[{"href":"https:\/\/roveyayinevi.com.tr\/index.php\/wp-json\/wp\/v2\/types\/product"}],"wp:attachment":[{"href":"https:\/\/roveyayinevi.com.tr\/index.php\/wp-json\/wp\/v2\/media?parent=772591"}],"wp:term":[{"taxonomy":"product_brand","embeddable":true,"href":"https:\/\/roveyayinevi.com.tr\/index.php\/wp-json\/wp\/v2\/product_brand?post=772591"},{"taxonomy":"product_cat","embeddable":true,"href":"https:\/\/roveyayinevi.com.tr\/index.php\/wp-json\/wp\/v2\/product_cat?post=772591"},{"taxonomy":"product_tag","embeddable":true,"href":"https:\/\/roveyayinevi.com.tr\/index.php\/wp-json\/wp\/v2\/product_tag?post=772591"}],"curies":[{"name":"wp","href":"https:\/\/api.w.org\/{rel}","templated":true}]}}