{"id":772590,"date":"2025-08-28T15:45:15","date_gmt":"2025-08-28T12:45:15","guid":{"rendered":"https:\/\/roveyayinevi.com.tr\/index.php\/urun\/buzdolabindaki-mamut\/"},"modified":"2026-04-12T03:30:01","modified_gmt":"2026-04-12T00:30:01","slug":"buzdolabindaki-mamut","status":"publish","type":"product","link":"https:\/\/roveyayinevi.com.tr\/index.php\/urun\/buzdolabindaki-mamut\/","title":{"rendered":"Buzdolab\u0131ndaki Mamut"},"content":{"rendered":"<p>Ekin\u2019in ba\u015f\u0131na inan\u0131lmaz bir \u015fey geldi: Buzdolab\u0131n\u0131 a\u00e7t\u0131 ve kar\u015f\u0131s\u0131nda bir mamut buldu! Annesi hemen itfaiye \u00e7a\u011f\u0131rd\u0131. Mamut ka\u00e7t\u0131, onlar kovalad\u0131. \u0130yi de soyu \u00e7oktan t\u00fckenmi\u015f bir mamutun, Ekin\u2019in evinde ne i\u015fi vard\u0131? Cevap galiba Ekin\u2019in k\u0131z karde\u015fi Peri\u2019de sakl\u0131! <\/p>\n","protected":false},"excerpt":{"rendered":"<p>Ekin\u2019in ba\u015f\u0131na inan\u0131lmaz bir \u015fey geldi: Buzdolab\u0131n\u0131 a\u00e7t\u0131 ve kar\u015f\u0131s\u0131nda bir mamut buldu! Annesi hemen itfaiye \u00e7a\u011f\u0131rd\u0131. Mamut ka\u00e7t\u0131, onlar kovalad\u0131. \u0130yi de soyu \u00e7oktan t\u00fckenmi\u015f<span class=\"excerpt-hellip\"> [\u2026]<\/span><\/p>\n","protected":false},"featured_media":0,"template":"","meta":{"_monsterinsights_skip_tracking":false,"_monsterinsights_sitenote_active":false,"_monsterinsights_sitenote_note":"","_monsterinsights_sitenote_category":0},"product_brand":[],"product_cat":[12274,12284],"product_tag":[],"class_list":{"0":"post-772590","1":"product","2":"type-product","3":"status-publish","5":"product_cat-cocuk-ve-genclik-kitaplari","6":"product_cat-hikayeler","7":"pa_cilt-ciltsiz","8":"pa_tur-kitap","9":"pa_yayinevi-domingo-yayinevi","10":"pa_yazar-michael-escoffier-matthieu-maudet","12":"first","13":"instock","14":"sale","15":"shipping-taxable","16":"purchasable","17":"product-type-simple"},"_links":{"self":[{"href":"https:\/\/roveyayinevi.com.tr\/index.php\/wp-json\/wp\/v2\/product\/772590","targetHints":{"allow":["GET"]}}],"collection":[{"href":"https:\/\/roveyayinevi.com.tr\/index.php\/wp-json\/wp\/v2\/product"}],"about":[{"href":"https:\/\/roveyayinevi.com.tr\/index.php\/wp-json\/wp\/v2\/types\/product"}],"wp:attachment":[{"href":"https:\/\/roveyayinevi.com.tr\/index.php\/wp-json\/wp\/v2\/media?parent=772590"}],"wp:term":[{"taxonomy":"product_brand","embeddable":true,"href":"https:\/\/roveyayinevi.com.tr\/index.php\/wp-json\/wp\/v2\/product_brand?post=772590"},{"taxonomy":"product_cat","embeddable":true,"href":"https:\/\/roveyayinevi.com.tr\/index.php\/wp-json\/wp\/v2\/product_cat?post=772590"},{"taxonomy":"product_tag","embeddable":true,"href":"https:\/\/roveyayinevi.com.tr\/index.php\/wp-json\/wp\/v2\/product_tag?post=772590"}],"curies":[{"name":"wp","href":"https:\/\/api.w.org\/{rel}","templated":true}]}}