{"id":772588,"date":"2025-08-28T15:45:11","date_gmt":"2025-08-28T12:45:11","guid":{"rendered":"https:\/\/roveyayinevi.com.tr\/index.php\/urun\/ailesini-arayan-ev\/"},"modified":"2026-01-28T04:02:02","modified_gmt":"2026-01-28T01:02:02","slug":"ailesini-arayan-ev","status":"publish","type":"product","link":"https:\/\/roveyayinevi.com.tr\/index.php\/urun\/ailesini-arayan-ev\/","title":{"rendered":"Ailesini Arayan Ev"},"content":{"rendered":"<p>Ali Bey, g\u00fczel bir ev yapm\u0131\u015f ve ad\u0131n\u0131 Kartal Yuvas\u0131 koymu\u015ftu. E\u015fiyle burada mutlu an\u0131lar biriktirmi\u015fti. Ta ki o\u011fullar\u0131 onlar\u0131 yan\u0131na almak isteyene kadar\u2026 \u015eehre ta\u015f\u0131nd\u0131klar\u0131nda Kartal Yuvas\u0131 yaln\u0131z kald\u0131. Art\u0131k duvarlar\u0131nda kahkahalar \u00e7\u0131nlam\u0131yor, mutfa\u011f\u0131ndan g\u00fczel yemek kokular\u0131 yay\u0131lm\u0131yordu. Kendini terk edilmi\u015f, faydas\u0131z hissediyordu. Bir g\u00fcn, yolda \u00e7at\u0131s\u0131 olan bir arac\u0131n hareket etti\u011fini g\u00f6rd\u00fc. Bu, ev gibi tasarlanm\u0131\u015f bir karavand\u0131. Ondan ilham alan Kartal Yuvas\u0131 aya\u011fa kalk\u0131p ailesini aramaya koyuldu. Bu yolculukta kimlerle kar\u015f\u0131la\u015ft\u0131? Yanan bir evi nas\u0131l kurtard\u0131? K\u0131r\u0131lan bir minare i\u00e7in kendini nas\u0131l feda etti? Ve nas\u0131l bir k\u00f6y\u00fcn sahiplendi\u011fi bir ev h\u00e2line geldi? Evlerin de bir ruhu oldu\u011funu anlatan, s\u0131ms\u0131cak bir hik\u00e2ye&#8230; <\/p>\n","protected":false},"excerpt":{"rendered":"<p>Ali Bey, g\u00fczel bir ev yapm\u0131\u015f ve ad\u0131n\u0131 Kartal Yuvas\u0131 koymu\u015ftu. E\u015fiyle burada mutlu an\u0131lar biriktirmi\u015fti. Ta ki o\u011fullar\u0131 onlar\u0131 yan\u0131na almak isteyene kadar\u2026 \u015eehre ta\u015f\u0131nd\u0131klar\u0131nda<span class=\"excerpt-hellip\"> [\u2026]<\/span><\/p>\n","protected":false},"featured_media":0,"template":"","meta":{"_monsterinsights_skip_tracking":false,"_monsterinsights_sitenote_active":false,"_monsterinsights_sitenote_note":"","_monsterinsights_sitenote_category":0},"product_brand":[],"product_cat":[12274,12284],"product_tag":[],"class_list":{"0":"post-772588","1":"product","2":"type-product","3":"status-publish","5":"product_cat-cocuk-ve-genclik-kitaplari","6":"product_cat-hikayeler","7":"pa_cilt-ciltsiz","8":"pa_tur-kitap","9":"pa_yayinevi-aile-yayinlari","10":"pa_yazar-hilal-ulug","12":"first","13":"instock","14":"sale","15":"shipping-taxable","16":"purchasable","17":"product-type-simple"},"_links":{"self":[{"href":"https:\/\/roveyayinevi.com.tr\/index.php\/wp-json\/wp\/v2\/product\/772588","targetHints":{"allow":["GET"]}}],"collection":[{"href":"https:\/\/roveyayinevi.com.tr\/index.php\/wp-json\/wp\/v2\/product"}],"about":[{"href":"https:\/\/roveyayinevi.com.tr\/index.php\/wp-json\/wp\/v2\/types\/product"}],"wp:attachment":[{"href":"https:\/\/roveyayinevi.com.tr\/index.php\/wp-json\/wp\/v2\/media?parent=772588"}],"wp:term":[{"taxonomy":"product_brand","embeddable":true,"href":"https:\/\/roveyayinevi.com.tr\/index.php\/wp-json\/wp\/v2\/product_brand?post=772588"},{"taxonomy":"product_cat","embeddable":true,"href":"https:\/\/roveyayinevi.com.tr\/index.php\/wp-json\/wp\/v2\/product_cat?post=772588"},{"taxonomy":"product_tag","embeddable":true,"href":"https:\/\/roveyayinevi.com.tr\/index.php\/wp-json\/wp\/v2\/product_tag?post=772588"}],"curies":[{"name":"wp","href":"https:\/\/api.w.org\/{rel}","templated":true}]}}