{"id":772586,"date":"2025-08-28T15:45:06","date_gmt":"2025-08-28T12:45:06","guid":{"rendered":"https:\/\/roveyayinevi.com.tr\/index.php\/urun\/abartili-isler-mudurlugu\/"},"modified":"2026-01-28T04:02:02","modified_gmt":"2026-01-28T01:02:02","slug":"abartili-isler-mudurlugu","status":"publish","type":"product","link":"https:\/\/roveyayinevi.com.tr\/index.php\/urun\/abartili-isler-mudurlugu\/","title":{"rendered":"Abart\u0131l\u0131 \u0130\u015fler M\u00fcd\u00fcrl\u00fc\u011f\u00fc"},"content":{"rendered":"<p>Bu kitapta \u00e7ok hassas bir k\u0131z olan Mimoza\u2019n\u0131n ya\u015fad\u0131\u011f\u0131 olumsuzluklara kar\u015f\u0131 \u00e7\u00f6z\u00fcm bulmak i\u00e7in dedesine ula\u015fmas\u0131n\u0131 konu olan g\u00fcpg\u00fczel bir hik\u00e2ye okuyacaks\u0131n. Senin de \u00e7evrende ekrana bakmaktan birbirini g\u00f6remeyen arkada\u015flar\u0131n var m\u0131? Ya yo\u011funla\u015ft\u0131\u011f\u0131 bir konu nedeniyle \u00f6nemli olan di\u011fer sorumluluklar\u0131n\u0131 yerine getirmeyen tan\u0131d\u0131klar\u0131n? En \u00e7aresiz hissettireni de iyili\u011fini d\u00fc\u015f\u00fcnd\u00fckleri i\u00e7in ald\u0131\u011f\u0131 kararlarla sana zarar veren en sevdiklerin&#8230; Toplum hayat\u0131ndan uzakla\u015fan, birbirini anlamayan, \u00e7evreye duyars\u0131zla\u015fan insanlar aras\u0131nda kal\u0131nca kendini \u00e7ok yaln\u0131z hissediyor Mimoza&#8230; \u0130\u015fte b\u00fct\u00fcn bu ya\u015fad\u0131klar\u0131na \u00e7\u00f6z\u00fcm bulmak isteyince de dedesine hislerini anlatan bir mektup yaz\u0131yor. Peki, dedesi ne yaparak okuldaki, parktaki, evdeki ve mahalledeki herkesi de\u011fi\u015ftiriyor? Merak ettin de\u011fil mi? Hadi, o zaman, bir dede-torun i\u015f birli\u011fi maceras\u0131 seni bekliyor! <\/p>\n","protected":false},"excerpt":{"rendered":"<p>Bu kitapta \u00e7ok hassas bir k\u0131z olan Mimoza\u2019n\u0131n ya\u015fad\u0131\u011f\u0131 olumsuzluklara kar\u015f\u0131 \u00e7\u00f6z\u00fcm bulmak i\u00e7in dedesine ula\u015fmas\u0131n\u0131 konu olan g\u00fcpg\u00fczel bir hik\u00e2ye okuyacaks\u0131n. Senin de \u00e7evrende ekrana<span class=\"excerpt-hellip\"> [\u2026]<\/span><\/p>\n","protected":false},"featured_media":0,"template":"","meta":{"_monsterinsights_skip_tracking":false,"_monsterinsights_sitenote_active":false,"_monsterinsights_sitenote_note":"","_monsterinsights_sitenote_category":0},"product_brand":[],"product_cat":[12274,12284],"product_tag":[],"class_list":{"0":"post-772586","1":"product","2":"type-product","3":"status-publish","5":"product_cat-cocuk-ve-genclik-kitaplari","6":"product_cat-hikayeler","7":"pa_cilt-ciltsiz","8":"pa_tur-kitap","9":"pa_yayinevi-aile-yayinlari","10":"pa_yazar-gamze-akturk","12":"first","13":"instock","14":"sale","15":"shipping-taxable","16":"purchasable","17":"product-type-simple"},"_links":{"self":[{"href":"https:\/\/roveyayinevi.com.tr\/index.php\/wp-json\/wp\/v2\/product\/772586","targetHints":{"allow":["GET"]}}],"collection":[{"href":"https:\/\/roveyayinevi.com.tr\/index.php\/wp-json\/wp\/v2\/product"}],"about":[{"href":"https:\/\/roveyayinevi.com.tr\/index.php\/wp-json\/wp\/v2\/types\/product"}],"wp:attachment":[{"href":"https:\/\/roveyayinevi.com.tr\/index.php\/wp-json\/wp\/v2\/media?parent=772586"}],"wp:term":[{"taxonomy":"product_brand","embeddable":true,"href":"https:\/\/roveyayinevi.com.tr\/index.php\/wp-json\/wp\/v2\/product_brand?post=772586"},{"taxonomy":"product_cat","embeddable":true,"href":"https:\/\/roveyayinevi.com.tr\/index.php\/wp-json\/wp\/v2\/product_cat?post=772586"},{"taxonomy":"product_tag","embeddable":true,"href":"https:\/\/roveyayinevi.com.tr\/index.php\/wp-json\/wp\/v2\/product_tag?post=772586"}],"curies":[{"name":"wp","href":"https:\/\/api.w.org\/{rel}","templated":true}]}}