{"id":772585,"date":"2025-08-28T15:45:05","date_gmt":"2025-08-28T12:45:05","guid":{"rendered":"https:\/\/roveyayinevi.com.tr\/index.php\/urun\/yetisin-babalar\/"},"modified":"2026-04-15T03:38:51","modified_gmt":"2026-04-15T00:38:51","slug":"yetisin-babalar","status":"publish","type":"product","link":"https:\/\/roveyayinevi.com.tr\/index.php\/urun\/yetisin-babalar\/","title":{"rendered":"Yeti\u015fin Babalar"},"content":{"rendered":"<p>\u00b7 Baba olmaya nas\u0131l haz\u0131rlan\u0131l\u0131r?   \u00b7 \u00c7ocu\u011fun ilk \u00fc\u00e7 y\u0131l\u0131nda baban\u0131n rol\u00fc tam olarak nedir? \u00b7 Okul se\u00e7imi yaparken nelere dikkat etmeli? \u00b7 Ekran s\u00fcresi, dijital oyunlar ve YouTube: Nerede durmal\u0131, nas\u0131l y\u00f6nlendirmeli? \u00b7 Akran zorbal\u0131\u011f\u0131na kar\u015f\u0131 bir baba ne yapabilir? \u00b7 G\u00fcn\u00fcm\u00fcz T\u00fcrkiye\u2019sinde iyi bir baba olmak i\u00e7in hangi beceriler \u015fart?   Babal\u0131k sadece \u00e7ocu\u011fu sevmek de\u011fil, yan\u0131nda olmakt\u0131r.   Annenin h\u00fccrelerine kadar hissederek ya\u015fad\u0131\u011f\u0131 mucizevi hamilelik d\u00f6nemine baba bir izleyici olarak e\u015flik eder. Evlad\u0131n\u0131 kuca\u011f\u0131na ald\u0131\u011f\u0131 andaysa babay\u0131 art\u0131k bamba\u015fka bir hayat bekler. Maalesef bu heyecanl\u0131 ve b\u00fcy\u00fck de\u011fi\u015fimde babalara yolda\u015fl\u0131k edecek pek bir kaynak yok. Elinizdeki kitap, i\u015fte bu b\u00fcy\u00fck a\u00e7\u0131\u011f\u0131 kapatmak i\u00e7in kaleme al\u0131nd\u0131.   Do\u011fumdan ergenli\u011fe uzanan bu babal\u0131k rehberinde Prof. Dr. Sel\u00e7uk \u015eirin, bilimi ya\u015famla birle\u015ftiriyor. Modern d\u00fcnyada \u00e7ocuk yeti\u015ftirmek isteyen babalar i\u00e7in sade, ger\u00e7ek\u00e7i ve uygulanabilir bir yol haritas\u0131 sunuyor. E\u011fer, \u201c\u0130yi bir baba olmak istiyorum ama nereden ba\u015flayaca\u011f\u0131m\u0131 bilmiyorum,\u201d diyorsan\u0131z, bu kitap sizin i\u00e7in.   Yeti\u015fin Babalar sadece baba adaylar\u0131 i\u00e7in de\u011fil, babal\u0131k s\u00fcrecini g\u00f6zden ge\u00e7irmek isteyen k\u0131demli babalar ve \u00e7ocu\u011funu yeti\u015ftirirken \u201cbaba\u201dlar\u0131 da yeti\u015ftirmek zorunda kalan anneler i\u00e7in yaz\u0131ld\u0131. Can Bonomo, C\u00fcneyt \u00d6zdemir, Emrah Safa G\u00fcrkan, Faruk Eczac\u0131ba\u015f\u0131, Mirg\u00fcn Cabas, Serkan \u00d6z\u00fcbek ve Z\u00fclf\u00fc Livaneli de bu babal\u0131k yolculu\u011funa \u015fahsi tecr\u00fcbeleriyle e\u015flik etti.   \u015eimdi yeti\u015fme s\u0131ras\u0131 siz babalarda&#8230;<\/p>\n","protected":false},"excerpt":{"rendered":"<p>\u00b7 Baba olmaya nas\u0131l haz\u0131rlan\u0131l\u0131r? \u00b7 \u00c7ocu\u011fun ilk \u00fc\u00e7 y\u0131l\u0131nda baban\u0131n rol\u00fc tam olarak nedir? \u00b7 Okul se\u00e7imi yaparken nelere dikkat etmeli? \u00b7 Ekran s\u00fcresi, dijital<span class=\"excerpt-hellip\"> [\u2026]<\/span><\/p>\n","protected":false},"featured_media":0,"template":"","meta":{"_monsterinsights_skip_tracking":false,"_monsterinsights_sitenote_active":false,"_monsterinsights_sitenote_note":"","_monsterinsights_sitenote_category":0},"product_brand":[],"product_cat":[12831,12324],"product_tag":[],"class_list":{"0":"post-772585","1":"product","2":"type-product","3":"status-publish","5":"product_cat-aile-ve-cocuk","6":"product_cat-sosyoloji","7":"pa_cilt-ciltsiz","8":"pa_tur-kitap","9":"pa_yayinevi-mundi","10":"pa_yazar-selcuk-sirin","12":"first","13":"instock","14":"sale","15":"shipping-taxable","16":"purchasable","17":"product-type-simple"},"_links":{"self":[{"href":"https:\/\/roveyayinevi.com.tr\/index.php\/wp-json\/wp\/v2\/product\/772585","targetHints":{"allow":["GET"]}}],"collection":[{"href":"https:\/\/roveyayinevi.com.tr\/index.php\/wp-json\/wp\/v2\/product"}],"about":[{"href":"https:\/\/roveyayinevi.com.tr\/index.php\/wp-json\/wp\/v2\/types\/product"}],"wp:attachment":[{"href":"https:\/\/roveyayinevi.com.tr\/index.php\/wp-json\/wp\/v2\/media?parent=772585"}],"wp:term":[{"taxonomy":"product_brand","embeddable":true,"href":"https:\/\/roveyayinevi.com.tr\/index.php\/wp-json\/wp\/v2\/product_brand?post=772585"},{"taxonomy":"product_cat","embeddable":true,"href":"https:\/\/roveyayinevi.com.tr\/index.php\/wp-json\/wp\/v2\/product_cat?post=772585"},{"taxonomy":"product_tag","embeddable":true,"href":"https:\/\/roveyayinevi.com.tr\/index.php\/wp-json\/wp\/v2\/product_tag?post=772585"}],"curies":[{"name":"wp","href":"https:\/\/api.w.org\/{rel}","templated":true}]}}