{"id":772584,"date":"2025-08-28T15:45:03","date_gmt":"2025-08-28T12:45:03","guid":{"rendered":"https:\/\/roveyayinevi.com.tr\/index.php\/urun\/bagimlilik-zincirlerini-kir-gercek-benligini-fark-et\/"},"modified":"2026-04-15T03:38:51","modified_gmt":"2026-04-15T00:38:51","slug":"bagimlilik-zincirlerini-kir-gercek-benligini-fark-et","status":"publish","type":"product","link":"https:\/\/roveyayinevi.com.tr\/index.php\/urun\/bagimlilik-zincirlerini-kir-gercek-benligini-fark-et\/","title":{"rendered":"Ba\u011f\u0131ml\u0131l\u0131k Zincirlerini K\u0131r: Ger\u00e7ek Benli\u011fini Fark Et"},"content":{"rendered":"<p>Kendini bulmak i\u00e7in \u00f6nce kendinden kurtul.   Kendini tamamlamaya \u00e7al\u0131\u015f\u0131rken daha da par\u00e7alanm\u0131\u015f m\u0131 hissediyorsun? Her defas\u0131nda i\u00e7ini kemiren ayn\u0131 arzular\u0131n, ayn\u0131 al\u0131\u015fkanl\u0131klar\u0131n esiri mi oluyorsun?   Bu kitap, i\u015fte tam da burada devreye giriyor.   Guy Finley, ba\u011f\u0131ml\u0131l\u0131klar\u0131 yaln\u0131zca birer \u201cal\u0131\u015fkanl\u0131k\u201d de\u011fil, sahte benlik alg\u0131m\u0131z\u0131n tehlikeli yans\u0131malar\u0131 olarak ele al\u0131yor. \u0130ster maddeye, ister bir ili\u015fkiye, ister onay aray\u0131\u015f\u0131na ba\u011f\u0131ml\u0131 ol; hepsinin ard\u0131nda yatan temel dinamikleri ortaya koyarken, i\u00e7indeki tamamlanm\u0131\u015f benli\u011fi nas\u0131l yeniden hat\u0131rlayaca\u011f\u0131n\u0131 sade ama \u00e7arp\u0131c\u0131 \u00f6rneklerle anlat\u0131yor.   Kendi ger\u00e7ekli\u011fini fark etmek ve zincirlerinden \u00f6zg\u00fcrle\u015fmek i\u00e7in ataca\u011f\u0131n her ad\u0131mda yan\u0131nda olacak \u00fc\u00e7 i\u00e7sel \u201carkada\u015fla\u201d tan\u0131\u015fmaya haz\u0131r ol: Fark\u0131ndal\u0131k, i\u00e7sel g\u00fc\u00e7 ve ko\u015fulsuz \u00f6zg\u00fcrl\u00fck.   Hayat\u0131n boyunca arad\u0131\u011f\u0131n o huzur, asl\u0131nda hep i\u00e7indeydi. Art\u0131k hat\u0131rlama zaman\u0131. <\/p>\n","protected":false},"excerpt":{"rendered":"<p>Kendini bulmak i\u00e7in \u00f6nce kendinden kurtul. Kendini tamamlamaya \u00e7al\u0131\u015f\u0131rken daha da par\u00e7alanm\u0131\u015f m\u0131 hissediyorsun? Her defas\u0131nda i\u00e7ini kemiren ayn\u0131 arzular\u0131n, ayn\u0131 al\u0131\u015fkanl\u0131klar\u0131n esiri mi oluyorsun? Bu<span class=\"excerpt-hellip\"> [\u2026]<\/span><\/p>\n","protected":false},"featured_media":0,"template":"","meta":{"_monsterinsights_skip_tracking":false,"_monsterinsights_sitenote_active":false,"_monsterinsights_sitenote_note":"","_monsterinsights_sitenote_category":0},"product_brand":[],"product_cat":[12364,12376],"product_tag":[],"class_list":{"0":"post-772584","1":"product","2":"type-product","3":"status-publish","5":"product_cat-genel-konular","6":"product_cat-kisisel-gelisim","7":"pa_cilt-ciltsiz","8":"pa_tur-kitap","9":"pa_yayinevi-destek-yayinlari","10":"pa_yazar-guy-finley","12":"first","13":"instock","14":"sale","15":"shipping-taxable","16":"purchasable","17":"product-type-simple"},"_links":{"self":[{"href":"https:\/\/roveyayinevi.com.tr\/index.php\/wp-json\/wp\/v2\/product\/772584","targetHints":{"allow":["GET"]}}],"collection":[{"href":"https:\/\/roveyayinevi.com.tr\/index.php\/wp-json\/wp\/v2\/product"}],"about":[{"href":"https:\/\/roveyayinevi.com.tr\/index.php\/wp-json\/wp\/v2\/types\/product"}],"wp:attachment":[{"href":"https:\/\/roveyayinevi.com.tr\/index.php\/wp-json\/wp\/v2\/media?parent=772584"}],"wp:term":[{"taxonomy":"product_brand","embeddable":true,"href":"https:\/\/roveyayinevi.com.tr\/index.php\/wp-json\/wp\/v2\/product_brand?post=772584"},{"taxonomy":"product_cat","embeddable":true,"href":"https:\/\/roveyayinevi.com.tr\/index.php\/wp-json\/wp\/v2\/product_cat?post=772584"},{"taxonomy":"product_tag","embeddable":true,"href":"https:\/\/roveyayinevi.com.tr\/index.php\/wp-json\/wp\/v2\/product_tag?post=772584"}],"curies":[{"name":"wp","href":"https:\/\/api.w.org\/{rel}","templated":true}]}}