{"id":772582,"date":"2025-08-28T15:44:58","date_gmt":"2025-08-28T12:44:58","guid":{"rendered":"https:\/\/roveyayinevi.com.tr\/index.php\/urun\/gunde-bir-doz-kedi\/"},"modified":"2026-04-14T03:36:47","modified_gmt":"2026-04-14T00:36:47","slug":"gunde-bir-doz-kedi","status":"publish","type":"product","link":"https:\/\/roveyayinevi.com.tr\/index.php\/urun\/gunde-bir-doz-kedi\/","title":{"rendered":"G\u00fcnde Bir Doz Kedi"},"content":{"rendered":"<p>20\u2019den fazla dile \u00e7evrilen Japonya\u2019n\u0131n \u00e7ok satan kitab\u0131   Kyoto\u2019nun karmakar\u0131\u015f\u0131k caddelerinde bir dedikodu kulaktan kula\u011fa yay\u0131l\u0131yor. Sorunlar\u0131na \u00e7\u00f6z\u00fcm bulamayanlar, hayat m\u00fccadelesinde yorgun d\u00fc\u015fenler, sevgilisiyle s\u0131k\u0131nt\u0131 ya\u015fayanlar hatta ebeveynlerinden \u015fik\u00e2yet\u00e7i olan ergenler bile&#8230; Hepsi \u201cbirinin tan\u0131d\u0131\u011f\u0131 birinden, birinin duyup ba\u015fka birine s\u00f6yledi\u011fini duydu\u011fu birinden\u201d duyarak bu klini\u011fe geliyor.   Her \u015feyin ilac\u0131 bir doz kedi olabilir mi?   Ger\u00e7ek \u015fu ki kediler sand\u0131\u011f\u0131n\u0131zdan \u00e7ok farkl\u0131 hayvanlar olabilir. Siz onlar\u0131 unutsan\u0131z da sizi unutmayabilirler ve siz unutmak istemeseniz de onlar\u0131n sizin unutman\u0131z\u0131 isteme haklar\u0131 vard\u0131r.   Kedilerle insanlar\u0131n ili\u015fkisi, hi\u00e7 bu kadar \u00e7arp\u0131c\u0131 ve masals\u0131 dile getirilmemi\u015fti&#8230;   \u00c7a\u011fda\u015f Japon edebiyat\u0131n\u0131n g\u00fc\u00e7l\u00fc kalemi Syou Ishida, G\u00fcnde Bir Doz Kedi\u2019de ger\u00e7ek\u00e7i bir masal\u0131, masals\u0131 bir ger\u00e7ek\u00e7ilikle anlat\u0131yor.   Hani metroda g\u00f6rd\u00fc\u011f\u00fcn\u00fcz o y\u00fcz var ya&#8230; Size \u00e7ok tan\u0131d\u0131k gelen o y\u00fcz&#8230;   Sak\u0131n ge\u00e7mi\u015fte sizinle ayn\u0131 evi payla\u015fan sevimli dost olmas\u0131n? <\/p>\n","protected":false},"excerpt":{"rendered":"<p>20\u2019den fazla dile \u00e7evrilen Japonya\u2019n\u0131n \u00e7ok satan kitab\u0131 Kyoto\u2019nun karmakar\u0131\u015f\u0131k caddelerinde bir dedikodu kulaktan kula\u011fa yay\u0131l\u0131yor. Sorunlar\u0131na \u00e7\u00f6z\u00fcm bulamayanlar, hayat m\u00fccadelesinde yorgun d\u00fc\u015fenler, sevgilisiyle s\u0131k\u0131nt\u0131 ya\u015fayanlar<span class=\"excerpt-hellip\"> [\u2026]<\/span><\/p>\n","protected":false},"featured_media":0,"template":"","meta":{"_monsterinsights_skip_tracking":false,"_monsterinsights_sitenote_active":false,"_monsterinsights_sitenote_note":"","_monsterinsights_sitenote_category":0},"product_brand":[],"product_cat":[12291,12711],"product_tag":[],"class_list":{"0":"post-772582","1":"product","2":"type-product","3":"status-publish","5":"product_cat-edebiyat","6":"product_cat-roman-oyku","7":"pa_cilt-ciltsiz","8":"pa_tur-kitap","9":"pa_yayinevi-athica-yayinlari","10":"pa_yazar-syou-ishida","12":"first","13":"instock","14":"sale","15":"shipping-taxable","16":"purchasable","17":"product-type-simple"},"_links":{"self":[{"href":"https:\/\/roveyayinevi.com.tr\/index.php\/wp-json\/wp\/v2\/product\/772582","targetHints":{"allow":["GET"]}}],"collection":[{"href":"https:\/\/roveyayinevi.com.tr\/index.php\/wp-json\/wp\/v2\/product"}],"about":[{"href":"https:\/\/roveyayinevi.com.tr\/index.php\/wp-json\/wp\/v2\/types\/product"}],"wp:attachment":[{"href":"https:\/\/roveyayinevi.com.tr\/index.php\/wp-json\/wp\/v2\/media?parent=772582"}],"wp:term":[{"taxonomy":"product_brand","embeddable":true,"href":"https:\/\/roveyayinevi.com.tr\/index.php\/wp-json\/wp\/v2\/product_brand?post=772582"},{"taxonomy":"product_cat","embeddable":true,"href":"https:\/\/roveyayinevi.com.tr\/index.php\/wp-json\/wp\/v2\/product_cat?post=772582"},{"taxonomy":"product_tag","embeddable":true,"href":"https:\/\/roveyayinevi.com.tr\/index.php\/wp-json\/wp\/v2\/product_tag?post=772582"}],"curies":[{"name":"wp","href":"https:\/\/api.w.org\/{rel}","templated":true}]}}