{"id":772578,"date":"2025-08-28T15:44:49","date_gmt":"2025-08-28T12:44:49","guid":{"rendered":"https:\/\/roveyayinevi.com.tr\/index.php\/urun\/hayal-agacim-erguvan-2\/"},"modified":"2026-04-15T03:38:51","modified_gmt":"2026-04-15T00:38:51","slug":"hayal-agacim-erguvan-2","status":"publish","type":"product","link":"https:\/\/roveyayinevi.com.tr\/index.php\/urun\/hayal-agacim-erguvan-2\/","title":{"rendered":"Hayal A\u011fac\u0131m Erguvan"},"content":{"rendered":"<p>Bir Zeki M\u00fcren sesinde mesela, \u201cMesut Bahtiyar\u2019dan \u015fark\u0131lar dinlediniz,\u201d dedi\u011fi zaman g\u00f6zlerimiz nemleniyor olabilir mi? Veya \u015eenay, \u201c\u015eu d\u00fcnyadaki en mutlu ki\u015fi, mutluluk verendir,\u201d diye s\u00fcz\u00fclse kalbimize, i\u00e7imizdeki k\u00fcs \u00e7ocuk duyup da gelir mi dersiniz? \u00d6zledi\u011fimiz kokular sonra&#8230; Leylak, lavanta, naftalin, t\u00fct\u00fcn kolonyas\u0131, az \u00f6nce mangal ate\u015finden al\u0131nm\u0131\u015f bir fincan kahve, taze bi\u00e7ilmi\u015f \u00e7imen, tur\u015fu suyu, tavada k\u0131zaran k\u00f6fte, mis gibi Arap sabunu, nane yapra\u011f\u0131, k\u0131y\u0131lm\u0131\u015f dereotu, eski bir kitab\u0131n sayfalar\u0131&#8230; Ya da sayfalar\u0131 sararm\u0131\u015f bir mektup mesela, bir dizecik \u015fiir, bir kenar\u0131 oyal\u0131 mendil, bir g\u00f6zl\u00fck, bir kalem, bir tespih, bir an\u0131, ge\u00e7mi\u015fe sizi sevgiyle s\u0131ms\u0131k\u0131, g\u00fcvenle ba\u011flayan&#8230; \u0130\u00e7inizdeki o \u00e7ocuk, kayg\u0131lara bo\u011fulup duvarlara \u00e7arpa \u00e7arpa \u201cBeni eve g\u00f6t\u00fcr,\u201d diye ba\u011f\u0131rd\u0131\u011f\u0131 zaman i\u015fte gidece\u011finiz g\u00fcvenli yuva oras\u0131. Bir nefesle d\u00fcnyaya geldik, bir nefesle de gidece\u011fiz. O iki nefes aras\u0131ndaki s\u00fcreyi k\u00e2busa m\u0131 \u00e7eviriyoruz, yoksa \u015f\u00f6len gibi mi ya\u015f\u0131yoruz, asl\u0131nda bizim elimizde. Herkes ya\u015famas\u0131na ya\u015far, \u00f6lmesine \u00f6l\u00fcr de kalpten kalbe ak\u0131\u015fmak her babayi\u011fidin harc\u0131 de\u011fil. Onu bir denesek mi? Ne de olsa yol da buras\u0131, ev de buras\u0131. <\/p>\n","protected":false},"excerpt":{"rendered":"<p>Bir Zeki M\u00fcren sesinde mesela, \u201cMesut Bahtiyar\u2019dan \u015fark\u0131lar dinlediniz,\u201d dedi\u011fi zaman g\u00f6zlerimiz nemleniyor olabilir mi? Veya \u015eenay, \u201c\u015eu d\u00fcnyadaki en mutlu ki\u015fi, mutluluk verendir,\u201d diye s\u00fcz\u00fclse<span class=\"excerpt-hellip\"> [\u2026]<\/span><\/p>\n","protected":false},"featured_media":0,"template":"","meta":{"_monsterinsights_skip_tracking":false,"_monsterinsights_sitenote_active":false,"_monsterinsights_sitenote_note":"","_monsterinsights_sitenote_category":0},"product_brand":[],"product_cat":[12291,12711],"product_tag":[],"class_list":{"0":"post-772578","1":"product","2":"type-product","3":"status-publish","5":"product_cat-edebiyat","6":"product_cat-roman-oyku","7":"pa_cilt-ciltsiz","8":"pa_tur-kitap","9":"pa_yayinevi-inkilap-kitabevi","10":"pa_yazar-bige-guven-kizilay","12":"first","13":"instock","14":"sale","15":"shipping-taxable","16":"purchasable","17":"product-type-simple"},"_links":{"self":[{"href":"https:\/\/roveyayinevi.com.tr\/index.php\/wp-json\/wp\/v2\/product\/772578","targetHints":{"allow":["GET"]}}],"collection":[{"href":"https:\/\/roveyayinevi.com.tr\/index.php\/wp-json\/wp\/v2\/product"}],"about":[{"href":"https:\/\/roveyayinevi.com.tr\/index.php\/wp-json\/wp\/v2\/types\/product"}],"wp:attachment":[{"href":"https:\/\/roveyayinevi.com.tr\/index.php\/wp-json\/wp\/v2\/media?parent=772578"}],"wp:term":[{"taxonomy":"product_brand","embeddable":true,"href":"https:\/\/roveyayinevi.com.tr\/index.php\/wp-json\/wp\/v2\/product_brand?post=772578"},{"taxonomy":"product_cat","embeddable":true,"href":"https:\/\/roveyayinevi.com.tr\/index.php\/wp-json\/wp\/v2\/product_cat?post=772578"},{"taxonomy":"product_tag","embeddable":true,"href":"https:\/\/roveyayinevi.com.tr\/index.php\/wp-json\/wp\/v2\/product_tag?post=772578"}],"curies":[{"name":"wp","href":"https:\/\/api.w.org\/{rel}","templated":true}]}}