{"id":772577,"date":"2025-08-28T15:44:48","date_gmt":"2025-08-28T12:44:48","guid":{"rendered":"https:\/\/roveyayinevi.com.tr\/index.php\/urun\/kaygili-nesiller\/"},"modified":"2026-04-15T03:38:51","modified_gmt":"2026-04-15T00:38:51","slug":"kaygili-nesiller","status":"publish","type":"product","link":"https:\/\/roveyayinevi.com.tr\/index.php\/urun\/kaygili-nesiller\/","title":{"rendered":"Kayg\u0131l\u0131 Nesiller"},"content":{"rendered":"<p>Tarih ve zaman \u015fekillenir, insan ise ona kar\u015f\u0131 sergiledi\u011fi tav\u0131r ile kendini ortaya koyar. Ku\u015fak dedi\u011fimiz \u015fey budur. Ya\u015fan\u0131lan \u00e7evre ve \u015fahit olunan d\u00fcnya \u015fartlar\u0131d\u0131r ki nesillerin karakterinin temel belirleyicisidir. Bu ba\u011flamda ele al\u0131nabilecek teknoloji, insan \u00fczerinde etkisi en fazla olan mekanizmalardan biri\u2026 Ki\u015fili\u011fimizin ve toplumumuzun d\u00f6n\u00fc\u015f\u00fcm\u00fcnde oynad\u0131\u011f\u0131 kritik rol ile hayat\u0131m\u0131za etki ediyor. Elinizdeki kitap bu etkilerin neler oldu\u011funu, zararlar\u0131n\u0131 ve nas\u0131l yararl\u0131 hale getirilebilece\u011fini merak edenler ve \u00e7\u0131k\u0131\u015f yolu arayanlar i\u00e7in&#8230; <\/p>\n","protected":false},"excerpt":{"rendered":"<p>Tarih ve zaman \u015fekillenir, insan ise ona kar\u015f\u0131 sergiledi\u011fi tav\u0131r ile kendini ortaya koyar. Ku\u015fak dedi\u011fimiz \u015fey budur. Ya\u015fan\u0131lan \u00e7evre ve \u015fahit olunan d\u00fcnya \u015fartlar\u0131d\u0131r ki<span class=\"excerpt-hellip\"> [\u2026]<\/span><\/p>\n","protected":false},"featured_media":0,"template":"","meta":{"_monsterinsights_skip_tracking":false,"_monsterinsights_sitenote_active":false,"_monsterinsights_sitenote_note":"","_monsterinsights_sitenote_category":0},"product_brand":[],"product_cat":[12357],"product_tag":[],"class_list":{"0":"post-772577","1":"product","2":"type-product","3":"status-publish","5":"product_cat-psikoloji","6":"pa_cilt-ciltsiz","7":"pa_tur-kitap","8":"pa_yayinevi-ucuncu-goz","9":"pa_yazar-hesna-gul","11":"first","12":"instock","13":"sale","14":"shipping-taxable","15":"purchasable","16":"product-type-simple"},"_links":{"self":[{"href":"https:\/\/roveyayinevi.com.tr\/index.php\/wp-json\/wp\/v2\/product\/772577","targetHints":{"allow":["GET"]}}],"collection":[{"href":"https:\/\/roveyayinevi.com.tr\/index.php\/wp-json\/wp\/v2\/product"}],"about":[{"href":"https:\/\/roveyayinevi.com.tr\/index.php\/wp-json\/wp\/v2\/types\/product"}],"wp:attachment":[{"href":"https:\/\/roveyayinevi.com.tr\/index.php\/wp-json\/wp\/v2\/media?parent=772577"}],"wp:term":[{"taxonomy":"product_brand","embeddable":true,"href":"https:\/\/roveyayinevi.com.tr\/index.php\/wp-json\/wp\/v2\/product_brand?post=772577"},{"taxonomy":"product_cat","embeddable":true,"href":"https:\/\/roveyayinevi.com.tr\/index.php\/wp-json\/wp\/v2\/product_cat?post=772577"},{"taxonomy":"product_tag","embeddable":true,"href":"https:\/\/roveyayinevi.com.tr\/index.php\/wp-json\/wp\/v2\/product_tag?post=772577"}],"curies":[{"name":"wp","href":"https:\/\/api.w.org\/{rel}","templated":true}]}}