{"id":772573,"date":"2025-08-28T15:44:39","date_gmt":"2025-08-28T12:44:39","guid":{"rendered":"https:\/\/roveyayinevi.com.tr\/index.php\/urun\/engellenen-guzel-ulkem\/"},"modified":"2026-04-15T03:38:51","modified_gmt":"2026-04-15T00:38:51","slug":"engellenen-guzel-ulkem","status":"publish","type":"product","link":"https:\/\/roveyayinevi.com.tr\/index.php\/urun\/engellenen-guzel-ulkem\/","title":{"rendered":"Engellenen G\u00fczel \u00dclkem"},"content":{"rendered":"<p>Her \u00fclkenin bir potansiyeli vard\u0131r; kimi de\u011ferlendirir, kimi erteler, kimi ise kendi elleriyle engeller&#8230; Engellenen G\u00fczel \u00dclkem, T\u00fcrkiye\u2019nin yak\u0131n tarihine damgas\u0131n\u0131 vurmu\u015f projeleri, fikirleri, insan kayna\u011f\u0131n\u0131 ve heba edilmi\u015f f\u0131rsatlar\u0131 sorgulayan \u00e7arp\u0131c\u0131 bir deneme kitab\u0131. K\u00f6y Enstit\u00fclerinden Devrim Otomobili\u2019ne, unutulmu\u015f ihracat seferberliklerinden ka\u011f\u0131t end\u00fcstrisine, tersanelere, siyasetin, b\u00fcrokrasinin ve toplumsal al\u0131\u015fkanl\u0131klar\u0131n nas\u0131l birer engel haline d\u00f6n\u00fc\u015ft\u00fc\u011f\u00fcn\u00fc belgeler ve yorumlarla g\u00f6zler \u00f6n\u00fcne seriyor. \u201c\u0130cat \u00e7\u0131karma denilerek yeti\u015fen nesillere i\u00e7eriden ve d\u0131\u015far\u0131dan \u00f6nce d\u00fc\u015f\u00fcnsel pranga vurulmas\u0131 \u00fclkemin kaderi olmu\u015f ne yaz\u0131k ki y\u0131llarca&#8230;\u201d Bu kitap, bir nostalji ya da serzeni\u015f de\u011fil; ge\u00e7mi\u015ften ders \u00e7\u0131kararak gelece\u011fe daha bilin\u00e7li y\u00fcr\u00fcmek isteyen herkes i\u00e7in bir \u00e7a\u011fr\u0131d\u0131r. <\/p>\n","protected":false},"excerpt":{"rendered":"<p>Her \u00fclkenin bir potansiyeli vard\u0131r; kimi de\u011ferlendirir, kimi erteler, kimi ise kendi elleriyle engeller&#8230; Engellenen G\u00fczel \u00dclkem, T\u00fcrkiye\u2019nin yak\u0131n tarihine damgas\u0131n\u0131 vurmu\u015f projeleri, fikirleri, insan kayna\u011f\u0131n\u0131<span class=\"excerpt-hellip\"> [\u2026]<\/span><\/p>\n","protected":false},"featured_media":0,"template":"","meta":{"_monsterinsights_skip_tracking":false,"_monsterinsights_sitenote_active":false,"_monsterinsights_sitenote_note":"","_monsterinsights_sitenote_category":0},"product_brand":[],"product_cat":[12777,12291],"product_tag":[],"class_list":{"0":"post-772573","1":"product","2":"type-product","3":"status-publish","5":"product_cat-deneme","6":"product_cat-edebiyat","7":"pa_cilt-ciltsiz","8":"pa_tur-kitap","9":"pa_yayinevi-gulnar-yayinlari","10":"pa_yazar-ahmet-oztemel","12":"first","13":"instock","14":"sale","15":"shipping-taxable","16":"purchasable","17":"product-type-simple"},"_links":{"self":[{"href":"https:\/\/roveyayinevi.com.tr\/index.php\/wp-json\/wp\/v2\/product\/772573","targetHints":{"allow":["GET"]}}],"collection":[{"href":"https:\/\/roveyayinevi.com.tr\/index.php\/wp-json\/wp\/v2\/product"}],"about":[{"href":"https:\/\/roveyayinevi.com.tr\/index.php\/wp-json\/wp\/v2\/types\/product"}],"wp:attachment":[{"href":"https:\/\/roveyayinevi.com.tr\/index.php\/wp-json\/wp\/v2\/media?parent=772573"}],"wp:term":[{"taxonomy":"product_brand","embeddable":true,"href":"https:\/\/roveyayinevi.com.tr\/index.php\/wp-json\/wp\/v2\/product_brand?post=772573"},{"taxonomy":"product_cat","embeddable":true,"href":"https:\/\/roveyayinevi.com.tr\/index.php\/wp-json\/wp\/v2\/product_cat?post=772573"},{"taxonomy":"product_tag","embeddable":true,"href":"https:\/\/roveyayinevi.com.tr\/index.php\/wp-json\/wp\/v2\/product_tag?post=772573"}],"curies":[{"name":"wp","href":"https:\/\/api.w.org\/{rel}","templated":true}]}}