{"id":772565,"date":"2025-08-28T15:44:23","date_gmt":"2025-08-28T12:44:23","guid":{"rendered":"https:\/\/roveyayinevi.com.tr\/index.php\/urun\/uc-kurusluk-opera\/"},"modified":"2026-04-15T03:38:51","modified_gmt":"2026-04-15T00:38:51","slug":"uc-kurusluk-opera","status":"publish","type":"product","link":"https:\/\/roveyayinevi.com.tr\/index.php\/urun\/uc-kurusluk-opera\/","title":{"rendered":"\u00dc\u00e7 Kuru\u015fluk Opera"},"content":{"rendered":"<p>Bertolt Brecht\u2019in \u00dc\u00e7 Kuru\u015fluk Opera adl\u0131 eseri, yaln\u0131zca onun en \u00e7ok okunan ve sahnelenen yap\u0131t\u0131 de\u011fil, ayn\u0131 zamanda modern tiyatronun en \u00e7ok al\u0131nt\u0131lanan, en \u00e7ok konu\u015fulan metinlerinden biridir. Yirminci y\u00fczy\u0131l tiyatrosunun en keskin kalemlerinden olan Brecht, bu eserinde burjuva ikiy\u00fczl\u00fcl\u00fc\u011f\u00fcn\u00fc, su\u00e7un ve erdemin i\u00e7 i\u00e7e ge\u00e7ti\u011fi bir d\u00fczeni kara mizahla, ustal\u0131kla hicveder. Londra\u2019n\u0131n sisli arka sokaklar\u0131nda ge\u00e7en bu hik\u00e2yede ne iyiler tamamen iyi ne k\u00f6t\u00fcler b\u00fcsb\u00fct\u00fcn karanl\u0131kt\u0131r. Herkesin bir bedeli vard\u0131r \u2013 bazen \u00fc\u00e7 kuru\u015f, bazen biraz daha fazla. Brecht\u2019in e\u015fsiz \u00fcslubuyla \u015fekillenen eser, sahneyle seyirci aras\u0131ndaki duvar\u0131 y\u0131kar; al\u0131\u015f\u0131lm\u0131\u015f anlat\u0131lar\u0131n maskesini elinin tersiyle s\u0131y\u0131r\u0131rken seyirciyi yaln\u0131zca izlemeye de\u011fil, d\u00fc\u015f\u00fcnmeye, sorgulamaya, yer yer rahats\u0131z olmaya \u00e7a\u011f\u0131r\u0131r. I\u015f\u0131\u011f\u0131n g\u00f6lgeleri daha net g\u00f6sterdi\u011fi, m\u00fczi\u011fin isyanla, tiyatronun ironiyle i\u00e7 i\u00e7e ge\u00e7ti\u011fi, adaletin, ahlak\u0131n ve sevginin ucuzluk pazar\u0131na d\u00fc\u015ft\u00fc\u011f\u00fc bu sahneye davetlisiniz. <\/p>\n","protected":false},"excerpt":{"rendered":"<p>Bertolt Brecht\u2019in \u00dc\u00e7 Kuru\u015fluk Opera adl\u0131 eseri, yaln\u0131zca onun en \u00e7ok okunan ve sahnelenen yap\u0131t\u0131 de\u011fil, ayn\u0131 zamanda modern tiyatronun en \u00e7ok al\u0131nt\u0131lanan, en \u00e7ok konu\u015fulan<span class=\"excerpt-hellip\"> [\u2026]<\/span><\/p>\n","protected":false},"featured_media":0,"template":"","meta":{"_monsterinsights_skip_tracking":false,"_monsterinsights_sitenote_active":false,"_monsterinsights_sitenote_note":"","_monsterinsights_sitenote_category":0},"product_brand":[],"product_cat":[12291,15566],"product_tag":[],"class_list":{"0":"post-772565","1":"product","2":"type-product","3":"status-publish","5":"product_cat-edebiyat","6":"product_cat-oyun","7":"pa_cilt-ciltsiz","8":"pa_tur-kitap","9":"pa_yayinevi-everest-yayinlari","10":"pa_yazar-bertolt-brecht","12":"first","13":"instock","14":"sale","15":"shipping-taxable","16":"purchasable","17":"product-type-simple"},"_links":{"self":[{"href":"https:\/\/roveyayinevi.com.tr\/index.php\/wp-json\/wp\/v2\/product\/772565","targetHints":{"allow":["GET"]}}],"collection":[{"href":"https:\/\/roveyayinevi.com.tr\/index.php\/wp-json\/wp\/v2\/product"}],"about":[{"href":"https:\/\/roveyayinevi.com.tr\/index.php\/wp-json\/wp\/v2\/types\/product"}],"wp:attachment":[{"href":"https:\/\/roveyayinevi.com.tr\/index.php\/wp-json\/wp\/v2\/media?parent=772565"}],"wp:term":[{"taxonomy":"product_brand","embeddable":true,"href":"https:\/\/roveyayinevi.com.tr\/index.php\/wp-json\/wp\/v2\/product_brand?post=772565"},{"taxonomy":"product_cat","embeddable":true,"href":"https:\/\/roveyayinevi.com.tr\/index.php\/wp-json\/wp\/v2\/product_cat?post=772565"},{"taxonomy":"product_tag","embeddable":true,"href":"https:\/\/roveyayinevi.com.tr\/index.php\/wp-json\/wp\/v2\/product_tag?post=772565"}],"curies":[{"name":"wp","href":"https:\/\/api.w.org\/{rel}","templated":true}]}}