{"id":772562,"date":"2025-08-28T15:44:17","date_gmt":"2025-08-28T12:44:17","guid":{"rendered":"https:\/\/roveyayinevi.com.tr\/index.php\/urun\/zirzoplar-kamp-macerasi\/"},"modified":"2026-04-15T03:38:51","modified_gmt":"2026-04-15T00:38:51","slug":"zirzoplar-kamp-macerasi","status":"publish","type":"product","link":"https:\/\/roveyayinevi.com.tr\/index.php\/urun\/zirzoplar-kamp-macerasi\/","title":{"rendered":"Zirzoplar &#8211; Kamp Maceras\u0131"},"content":{"rendered":"<p>\u00c7OK MU KOM\u0130K? Evet! Bu ikilinin tek s\u00fcper g\u00fcc\u00fc var: g\u00fcld\u00fcrmek! Her karede kahkahalara bo\u011fulmaya haz\u0131r olun! Tur\u015fu ve Alb\u0131rt birbirlerinden \u00e7ok farkl\u0131 ama birbirlerini \u00e7ok seven iki dost! Bir g\u00fcn kampa gitmeye karar veriyorlar. Alb\u0131rt a\u00e7\u0131k havada vakit ge\u00e7irip \u00e7ad\u0131rda kalmay\u0131 planlarken, Tur\u015fu be\u015f y\u0131ld\u0131zl\u0131 bir otelde keyif \u00e7ataca\u011f\u0131n\u0131 hayal ediyor. Ancak vah\u015fi do\u011fada onlar\u0131 bamba\u015fka bir macera bekliyor! Bir koala yavrusu buluyorlar ve annesini aramaya \u00e7\u0131k\u0131yorlar. Bu s\u0131rada ormanda vah\u015fi bir canavar\u0131n ya\u015fad\u0131\u011f\u0131n\u0131 \u00f6\u011freniyorlar. Yoksa o vah\u015fi canavar, \u015firin yavrunun annesi olabilir mi? <\/p>\n","protected":false},"excerpt":{"rendered":"<p>\u00c7OK MU KOM\u0130K? Evet! Bu ikilinin tek s\u00fcper g\u00fcc\u00fc var: g\u00fcld\u00fcrmek! Her karede kahkahalara bo\u011fulmaya haz\u0131r olun! Tur\u015fu ve Alb\u0131rt birbirlerinden \u00e7ok farkl\u0131 ama birbirlerini \u00e7ok<span class=\"excerpt-hellip\"> [\u2026]<\/span><\/p>\n","protected":false},"featured_media":0,"template":"","meta":{"_monsterinsights_skip_tracking":false,"_monsterinsights_sitenote_active":false,"_monsterinsights_sitenote_note":"","_monsterinsights_sitenote_category":0},"product_brand":[],"product_cat":[12689,12274],"product_tag":[],"class_list":{"0":"post-772562","1":"product","2":"type-product","3":"status-publish","5":"product_cat-cizgi-roman-cocuk-ve-genclik-kitaplari","6":"product_cat-cocuk-ve-genclik-kitaplari","7":"pa_cilt-ciltsiz","8":"pa_tur-kitap","9":"pa_yayinevi-dogan-cocuk","10":"pa_yazar-maddie-frost","12":"first","13":"instock","14":"sale","15":"shipping-taxable","16":"purchasable","17":"product-type-simple"},"_links":{"self":[{"href":"https:\/\/roveyayinevi.com.tr\/index.php\/wp-json\/wp\/v2\/product\/772562","targetHints":{"allow":["GET"]}}],"collection":[{"href":"https:\/\/roveyayinevi.com.tr\/index.php\/wp-json\/wp\/v2\/product"}],"about":[{"href":"https:\/\/roveyayinevi.com.tr\/index.php\/wp-json\/wp\/v2\/types\/product"}],"wp:attachment":[{"href":"https:\/\/roveyayinevi.com.tr\/index.php\/wp-json\/wp\/v2\/media?parent=772562"}],"wp:term":[{"taxonomy":"product_brand","embeddable":true,"href":"https:\/\/roveyayinevi.com.tr\/index.php\/wp-json\/wp\/v2\/product_brand?post=772562"},{"taxonomy":"product_cat","embeddable":true,"href":"https:\/\/roveyayinevi.com.tr\/index.php\/wp-json\/wp\/v2\/product_cat?post=772562"},{"taxonomy":"product_tag","embeddable":true,"href":"https:\/\/roveyayinevi.com.tr\/index.php\/wp-json\/wp\/v2\/product_tag?post=772562"}],"curies":[{"name":"wp","href":"https:\/\/api.w.org\/{rel}","templated":true}]}}