{"id":772559,"date":"2025-08-28T15:44:11","date_gmt":"2025-08-28T12:44:11","guid":{"rendered":"https:\/\/roveyayinevi.com.tr\/index.php\/urun\/bizler-yarinin-turkleriyiz\/"},"modified":"2026-04-15T03:38:50","modified_gmt":"2026-04-15T00:38:50","slug":"bizler-yarinin-turkleriyiz","status":"publish","type":"product","link":"https:\/\/roveyayinevi.com.tr\/index.php\/urun\/bizler-yarinin-turkleriyiz\/","title":{"rendered":"Bizler Yar\u0131n\u0131n T\u00fcrkleriyiz"},"content":{"rendered":"<p>1980\u2019lerde Almanya\u2019da bir hayalet dola\u015f\u0131yordu \u2014 punk k\u00fclt\u00fcr\u00fcn\u00fcn hayaleti. Synth melodileri sokaklar\u0131 dolduruyor, y\u0131rt\u0131k boru pa\u00e7a kotlar, alayc\u0131 sloganl\u0131 ti\u015f\u00f6rtler ve asi bedenler kentlere yava\u015f yava\u015f sirayet ediyordu. Fakat mesele ne m\u00fczikle ne modayla s\u0131n\u0131rl\u0131yd\u0131. Ge\u00e7mi\u015finde s\u0131k\u0131 s\u0131k\u0131 tutunmaya \u00e7al\u0131\u015fan bu \u00fclkedeki bir avu\u00e7 gen\u00e7 m\u00fczisyen, sanat\u00e7\u0131 ve g\u00f6\u00e7men i\u015f\u00e7i \u00e7ocu\u011fu, Almanya\u2019n\u0131n ruhuna inceden inceye m\u00fcdahale ediyordu. Resmi tarihin bast\u0131rmaya \u00e7al\u0131\u015ft\u0131\u011f\u0131 bu sesler, \u00fclkenin ge\u00e7mi\u015fine ve d\u00f6n\u00fc\u015febilece\u011fi \u015feye dair k\u00f6kl\u00fc tart\u0131\u015fmalar ba\u015flat\u0131yordu. Ulrich Gutmair Bizler Yar\u0131n\u0131n T\u00fcrkleriyiz\u2019de standartla\u015ft\u0131rma bask\u0131s\u0131na, toplumsal dayatmalara direnmek ad\u0131na son derece \u00fcretken bir olumsuzlama y\u00f6ntemini benimseyen punk k\u00fclt\u00fcr\u00fcn\u00fc ve d\u00f6nemin Almanya\u2019s\u0131nda bu \u00fclkede ya\u015fayan misafir i\u015f\u00e7ilerin ve onlar\u0131n Almanya\u2019da do\u011fan \u00e7ocuklar\u0131n\u0131n \u00fcstlendi\u011fi g\u00f6r\u00fcnmez ama hayati rol\u00fc son derece \u00e7arp\u0131c\u0131 detaylarla anlat\u0131yor. Bizler Yar\u0131n\u0131n T\u00fcrkleriyiz, sadece punk k\u00fclt\u00fcr\u00fcn\u00fcn de\u011fil, bir toplumun belle\u011finde patlayan gecikmi\u015f bir bomban\u0131n hik\u00e2yesi. M\u00fczik, edebiyat ve kimlikler \u00fczerinden y\u00fcr\u00fct\u00fclen bu sessiz devrim, Almanca konu\u015fulan co\u011frafyan\u0131n tarihine kaz\u0131nd\u0131. Punk sadece bir m\u00fczik t\u00fcr\u00fc de\u011fil, bask\u0131ya, ataerkil d\u00fczene, her t\u00fcrden kimli\u011fe ve ge\u00e7mi\u015fin ink\u00e2r\u0131na kar\u015f\u0131 yarat\u0131c\u0131, radikal ve sald\u0131rgan bir cevapt\u0131. Ve o cevap h\u00e2l\u00e2 kulaklar\u0131m\u0131zda \u00e7\u0131nl\u0131yor. <\/p>\n","protected":false},"excerpt":{"rendered":"<p>1980\u2019lerde Almanya\u2019da bir hayalet dola\u015f\u0131yordu \u2014 punk k\u00fclt\u00fcr\u00fcn\u00fcn hayaleti. Synth melodileri sokaklar\u0131 dolduruyor, y\u0131rt\u0131k boru pa\u00e7a kotlar, alayc\u0131 sloganl\u0131 ti\u015f\u00f6rtler ve asi bedenler kentlere yava\u015f yava\u015f<span class=\"excerpt-hellip\"> [\u2026]<\/span><\/p>\n","protected":false},"featured_media":0,"template":"","meta":{"_monsterinsights_skip_tracking":false,"_monsterinsights_sitenote_active":false,"_monsterinsights_sitenote_note":"","_monsterinsights_sitenote_category":0},"product_brand":[],"product_cat":[12304],"product_tag":[],"class_list":{"0":"post-772559","1":"product","2":"type-product","3":"status-publish","5":"product_cat-tarih","6":"pa_cilt-ciltsiz","7":"pa_tur-kitap","8":"pa_yayinevi-kolektif-kitap","9":"pa_yazar-ulrich-gutmair","11":"first","12":"instock","13":"sale","14":"shipping-taxable","15":"purchasable","16":"product-type-simple"},"_links":{"self":[{"href":"https:\/\/roveyayinevi.com.tr\/index.php\/wp-json\/wp\/v2\/product\/772559","targetHints":{"allow":["GET"]}}],"collection":[{"href":"https:\/\/roveyayinevi.com.tr\/index.php\/wp-json\/wp\/v2\/product"}],"about":[{"href":"https:\/\/roveyayinevi.com.tr\/index.php\/wp-json\/wp\/v2\/types\/product"}],"wp:attachment":[{"href":"https:\/\/roveyayinevi.com.tr\/index.php\/wp-json\/wp\/v2\/media?parent=772559"}],"wp:term":[{"taxonomy":"product_brand","embeddable":true,"href":"https:\/\/roveyayinevi.com.tr\/index.php\/wp-json\/wp\/v2\/product_brand?post=772559"},{"taxonomy":"product_cat","embeddable":true,"href":"https:\/\/roveyayinevi.com.tr\/index.php\/wp-json\/wp\/v2\/product_cat?post=772559"},{"taxonomy":"product_tag","embeddable":true,"href":"https:\/\/roveyayinevi.com.tr\/index.php\/wp-json\/wp\/v2\/product_tag?post=772559"}],"curies":[{"name":"wp","href":"https:\/\/api.w.org\/{rel}","templated":true}]}}