{"id":772557,"date":"2025-08-28T15:44:08","date_gmt":"2025-08-28T12:44:08","guid":{"rendered":"https:\/\/roveyayinevi.com.tr\/index.php\/urun\/galata-canavari-bicakci-petri\/"},"modified":"2026-04-15T03:38:50","modified_gmt":"2026-04-15T00:38:50","slug":"galata-canavari-bicakci-petri","status":"publish","type":"product","link":"https:\/\/roveyayinevi.com.tr\/index.php\/urun\/galata-canavari-bicakci-petri\/","title":{"rendered":"Galata Canavar\u0131 B\u0131\u00e7ak\u00e7\u0131 Petri"},"content":{"rendered":"<p>19. y\u00fczy\u0131l Osmanl\u0131 d\u00fcnyas\u0131nda, kurbanlar\u0131n\u0131 kalplerine b\u0131\u00e7ak saplayarak \u00f6ld\u00fcren bir katilin, \u201cboylu boslu, yak\u0131\u015f\u0131kl\u0131, \u00e7ehreli, pen\u00e7eli, s\u0131r\u0131m gibi bir gen\u00e7 adam\u201d olan Petri\u2019nin soluk solu\u011fa maceras\u0131&#8230; Ayamavri Adas\u0131\u2019ndan Galata\u2019ya ve a\u00e7\u0131k denizlere uzanan hik\u00e2ye, milletlerin ve dillerin i\u00e7 i\u00e7e ge\u00e7ti\u011fi Osmanl\u0131 d\u00fcnyas\u0131nda renkli bir yolculuk ayn\u0131 zamanda\u2026   Re\u015fad Ekrem Ko\u00e7u\u2019nun \u201cBu benim en b\u00fcy\u00fck  eserimdir\u201d diye and\u0131\u011f\u0131 Galata Canavar\u0131 B\u0131\u00e7ak\u00e7\u0131 Petri temposu hi\u00e7 d\u00fc\u015fmeyen ve zevkle okunan bir d\u00f6nem polisiyesi. Ko\u00e7u\u2019nun d\u00f6rt kez geni\u015fleterek yazd\u0131\u011f\u0131 hik\u00e2ye, ilk kez kitapla\u015farak okurlarla bulu\u015fuyor. <\/p>\n","protected":false},"excerpt":{"rendered":"<p>19. y\u00fczy\u0131l Osmanl\u0131 d\u00fcnyas\u0131nda, kurbanlar\u0131n\u0131 kalplerine b\u0131\u00e7ak saplayarak \u00f6ld\u00fcren bir katilin, \u201cboylu boslu, yak\u0131\u015f\u0131kl\u0131, \u00e7ehreli, pen\u00e7eli, s\u0131r\u0131m gibi bir gen\u00e7 adam\u201d olan Petri\u2019nin soluk solu\u011fa maceras\u0131&#8230;<span class=\"excerpt-hellip\"> [\u2026]<\/span><\/p>\n","protected":false},"featured_media":0,"template":"","meta":{"_monsterinsights_skip_tracking":false,"_monsterinsights_sitenote_active":false,"_monsterinsights_sitenote_note":"","_monsterinsights_sitenote_category":0},"product_brand":[],"product_cat":[13517,12304],"product_tag":[],"class_list":{"0":"post-772557","1":"product","2":"type-product","3":"status-publish","5":"product_cat-osmanli-tarihi","6":"product_cat-tarih","7":"pa_cilt-ciltsiz","8":"pa_tur-kitap","9":"pa_yayinevi-dogan-kitap","10":"pa_yazar-resad-ekrem-kocu","12":"first","13":"instock","14":"sale","15":"shipping-taxable","16":"purchasable","17":"product-type-simple"},"_links":{"self":[{"href":"https:\/\/roveyayinevi.com.tr\/index.php\/wp-json\/wp\/v2\/product\/772557","targetHints":{"allow":["GET"]}}],"collection":[{"href":"https:\/\/roveyayinevi.com.tr\/index.php\/wp-json\/wp\/v2\/product"}],"about":[{"href":"https:\/\/roveyayinevi.com.tr\/index.php\/wp-json\/wp\/v2\/types\/product"}],"wp:attachment":[{"href":"https:\/\/roveyayinevi.com.tr\/index.php\/wp-json\/wp\/v2\/media?parent=772557"}],"wp:term":[{"taxonomy":"product_brand","embeddable":true,"href":"https:\/\/roveyayinevi.com.tr\/index.php\/wp-json\/wp\/v2\/product_brand?post=772557"},{"taxonomy":"product_cat","embeddable":true,"href":"https:\/\/roveyayinevi.com.tr\/index.php\/wp-json\/wp\/v2\/product_cat?post=772557"},{"taxonomy":"product_tag","embeddable":true,"href":"https:\/\/roveyayinevi.com.tr\/index.php\/wp-json\/wp\/v2\/product_tag?post=772557"}],"curies":[{"name":"wp","href":"https:\/\/api.w.org\/{rel}","templated":true}]}}