{"id":772556,"date":"2025-08-28T15:44:06","date_gmt":"2025-08-28T12:44:06","guid":{"rendered":"https:\/\/roveyayinevi.com.tr\/index.php\/urun\/bicir-bicir-konusan-minikler\/"},"modified":"2026-04-15T03:38:50","modified_gmt":"2026-04-15T00:38:50","slug":"bicir-bicir-konusan-minikler","status":"publish","type":"product","link":"https:\/\/roveyayinevi.com.tr\/index.php\/urun\/bicir-bicir-konusan-minikler\/","title":{"rendered":"B\u0131c\u0131r B\u0131c\u0131r Konu\u015fan Minikler"},"content":{"rendered":"<p>\u00c7ocu\u011funuzun ilk kelimesini duymak&#8230; Bu \u00f6zel an, sadece bir ba\u015flang\u0131\u00e7t\u0131r. \u00c7\u00fcnk\u00fc dil; anlaman\u0131n, hissetmenin, ba\u011f kurman\u0131n ve \u00f6\u011frenmenin en g\u00fc\u00e7l\u00fc arac\u0131d\u0131r. Bu b\u00fcy\u00fcme ser\u00fcveninde, \u00e7ocu\u011funuzu do\u011fru ve sevgi dolu bir \u015fekilde nas\u0131l destekleyebilece\u011finizi hi\u00e7 d\u00fc\u015f\u00fcnd\u00fcn\u00fcz m\u00fc?   B\u0131c\u0131r B\u0131c\u0131r Konu\u015fan Minikler\u2019de, konu\u015fma terapisti Dr. Buket \u00d6ztekin, y\u0131llara yay\u0131lan bilgi ve deneyimini, ebeveynlerin g\u00fcnl\u00fck hayat\u0131na kolayca uyarlayabilece\u011fi pratik \u00f6nerilere d\u00f6n\u00fc\u015ft\u00fcr\u00fcyor.   Bu kitap yaln\u0131zca yol g\u00f6stermekle kalm\u0131yor; ayn\u0131 zamanda ebeveynli\u011fe dair bak\u0131\u015f\u0131n\u0131z\u0131 tazeleyen, g\u00fc\u00e7l\u00fc bir destek sunuyor.   Bilimsel temelli, sevgi dolu ve ilham verici bir rehberle tan\u0131\u015fmaya haz\u0131r m\u0131s\u0131n\u0131z?   B\u0131c\u0131r b\u0131c\u0131r konu\u015fan miniklerin d\u00fcnyas\u0131na ho\u015f geldiniz! <\/p>\n","protected":false},"excerpt":{"rendered":"<p>\u00c7ocu\u011funuzun ilk kelimesini duymak&#8230; Bu \u00f6zel an, sadece bir ba\u015flang\u0131\u00e7t\u0131r. \u00c7\u00fcnk\u00fc dil; anlaman\u0131n, hissetmenin, ba\u011f kurman\u0131n ve \u00f6\u011frenmenin en g\u00fc\u00e7l\u00fc arac\u0131d\u0131r. Bu b\u00fcy\u00fcme ser\u00fcveninde, \u00e7ocu\u011funuzu do\u011fru<span class=\"excerpt-hellip\"> [\u2026]<\/span><\/p>\n","protected":false},"featured_media":0,"template":"","meta":{"_monsterinsights_skip_tracking":false,"_monsterinsights_sitenote_active":false,"_monsterinsights_sitenote_note":"","_monsterinsights_sitenote_category":0},"product_brand":[],"product_cat":[12357],"product_tag":[],"class_list":{"0":"post-772556","1":"product","2":"type-product","3":"status-publish","5":"product_cat-psikoloji","6":"pa_cilt-ciltsiz","7":"pa_tur-kitap","8":"pa_yayinevi-dogan-kitap","9":"pa_yazar-buket-oztekin","11":"first","12":"instock","13":"sale","14":"shipping-taxable","15":"purchasable","16":"product-type-simple"},"_links":{"self":[{"href":"https:\/\/roveyayinevi.com.tr\/index.php\/wp-json\/wp\/v2\/product\/772556","targetHints":{"allow":["GET"]}}],"collection":[{"href":"https:\/\/roveyayinevi.com.tr\/index.php\/wp-json\/wp\/v2\/product"}],"about":[{"href":"https:\/\/roveyayinevi.com.tr\/index.php\/wp-json\/wp\/v2\/types\/product"}],"wp:attachment":[{"href":"https:\/\/roveyayinevi.com.tr\/index.php\/wp-json\/wp\/v2\/media?parent=772556"}],"wp:term":[{"taxonomy":"product_brand","embeddable":true,"href":"https:\/\/roveyayinevi.com.tr\/index.php\/wp-json\/wp\/v2\/product_brand?post=772556"},{"taxonomy":"product_cat","embeddable":true,"href":"https:\/\/roveyayinevi.com.tr\/index.php\/wp-json\/wp\/v2\/product_cat?post=772556"},{"taxonomy":"product_tag","embeddable":true,"href":"https:\/\/roveyayinevi.com.tr\/index.php\/wp-json\/wp\/v2\/product_tag?post=772556"}],"curies":[{"name":"wp","href":"https:\/\/api.w.org\/{rel}","templated":true}]}}