{"id":772554,"date":"2025-08-28T15:44:03","date_gmt":"2025-08-28T12:44:03","guid":{"rendered":"https:\/\/roveyayinevi.com.tr\/index.php\/urun\/risale-i-nur-bediuzzaman-said-nursi-uzerine-bir-inceleme\/"},"modified":"2026-04-15T03:38:50","modified_gmt":"2026-04-15T00:38:50","slug":"risale-i-nur-bediuzzaman-said-nursi-uzerine-bir-inceleme","status":"publish","type":"product","link":"https:\/\/roveyayinevi.com.tr\/index.php\/urun\/risale-i-nur-bediuzzaman-said-nursi-uzerine-bir-inceleme\/","title":{"rendered":"Risale-i Nur Bedi\u00fczzaman Said Nursi \u00dczerine Bir \u0130nceleme"},"content":{"rendered":"<p>\u0130lmi Kelam ve iman sahas\u0131nda bir yenilik ve tecdit eseri olan Risale-i Nurlar bug\u00fcne kadar pek \u00e7ok akademik \u00e7al\u0131\u015fman\u0131n konusu olmu\u015f ve halen olmaktad\u0131r. Risale-i Nur \u00fczerine inceleme isimli bu eser bu vadide yap\u0131lm\u0131\u015f, belki bug\u00fcne kadar fark\u0131na var\u0131lmayan incelik ve g\u00fczelliklere dikkatleri \u00e7ekmektedir. \u00c7al\u0131\u015fman\u0131n m\u00fcellifi Risale-i Nurlar\u0131n arap\u00e7aya terc\u00fcmesini ger\u00e7ekle\u015ftiren ki\u015fi olmas\u0131 hasebiyle de \u00e7al\u0131\u015fma ayr\u0131 bir \u00f6nem arz etmektedir. Yazar kendisinden fazla bir \u015fey katmadan Risalelerden derledi\u011fi iktibaslar\u0131 bir araya getirerek esere yeni bir bak\u0131\u015f a\u00e7\u0131s\u0131 kazand\u0131rmak istemi\u015ftir. Bu \u00e7al\u0131\u015fma Risale-i Nur \u00fczerindeki \u00fclfet perdesini kald\u0131rmaya yarayacak ad\u0131mlardan biridir. Eserin dikkat \u00e7eken bir \u00f6zelli\u011fi, Kurani bir usl\u00fcp olan ikili kavramlar\u0131 ele ald\u0131\u011f\u0131 b\u00f6l\u00fcmd\u00fcr. Avrupa ikidir; m\u00fcspet ve menfi. Milliyet\u00e7ilik ikidir; m\u00fcspet ve menfi. Taklidi ve tahkiki olmak \u00fczere tevhid iki \u00e7e\u015fittir. Hakiki ve mecazi olmak \u00fczere r\u0131zk ikidir. Hakikati ara\u015ft\u0131rma, meyil ve \u015fevkimizi artt\u0131r\u0131p d\u00fc\u015f\u00fcnce d\u00fcnyam\u0131za yeni ufuklar a\u00e7acakt\u0131r.<\/p>\n","protected":false},"excerpt":{"rendered":"<p>\u0130lmi Kelam ve iman sahas\u0131nda bir yenilik ve tecdit eseri olan Risale-i Nurlar bug\u00fcne kadar pek \u00e7ok akademik \u00e7al\u0131\u015fman\u0131n konusu olmu\u015f ve halen olmaktad\u0131r. Risale-i Nur<span class=\"excerpt-hellip\"> [\u2026]<\/span><\/p>\n","protected":false},"featured_media":0,"template":"","meta":{"_monsterinsights_skip_tracking":false,"_monsterinsights_sitenote_active":false,"_monsterinsights_sitenote_note":"","_monsterinsights_sitenote_category":0},"product_brand":[],"product_cat":[13036,12718,12719],"product_tag":[],"class_list":{"0":"post-772554","1":"product","2":"type-product","3":"status-publish","5":"product_cat-arastirma-inceleme-islam","6":"product_cat-din","7":"product_cat-islam","8":"pa_cilt-ciltsiz","9":"pa_tur-kitap","10":"pa_yayinevi-foliant-yayinlari","11":"pa_yazar-ihsan-kasim-salihi","13":"first","14":"instock","15":"sale","16":"shipping-taxable","17":"purchasable","18":"product-type-simple"},"_links":{"self":[{"href":"https:\/\/roveyayinevi.com.tr\/index.php\/wp-json\/wp\/v2\/product\/772554","targetHints":{"allow":["GET"]}}],"collection":[{"href":"https:\/\/roveyayinevi.com.tr\/index.php\/wp-json\/wp\/v2\/product"}],"about":[{"href":"https:\/\/roveyayinevi.com.tr\/index.php\/wp-json\/wp\/v2\/types\/product"}],"wp:attachment":[{"href":"https:\/\/roveyayinevi.com.tr\/index.php\/wp-json\/wp\/v2\/media?parent=772554"}],"wp:term":[{"taxonomy":"product_brand","embeddable":true,"href":"https:\/\/roveyayinevi.com.tr\/index.php\/wp-json\/wp\/v2\/product_brand?post=772554"},{"taxonomy":"product_cat","embeddable":true,"href":"https:\/\/roveyayinevi.com.tr\/index.php\/wp-json\/wp\/v2\/product_cat?post=772554"},{"taxonomy":"product_tag","embeddable":true,"href":"https:\/\/roveyayinevi.com.tr\/index.php\/wp-json\/wp\/v2\/product_tag?post=772554"}],"curies":[{"name":"wp","href":"https:\/\/api.w.org\/{rel}","templated":true}]}}