{"id":772546,"date":"2025-08-28T15:43:46","date_gmt":"2025-08-28T12:43:46","guid":{"rendered":"https:\/\/roveyayinevi.com.tr\/index.php\/urun\/lilith-4\/"},"modified":"2026-04-15T03:38:50","modified_gmt":"2026-04-15T00:38:50","slug":"lilith-4","status":"publish","type":"product","link":"https:\/\/roveyayinevi.com.tr\/index.php\/urun\/lilith-4\/","title":{"rendered":"Lilith"},"content":{"rendered":"<p>Saklad\u0131\u011f\u0131n duygular, unutulmu\u015f an\u0131lar ve fark\u0131nda bile olmad\u0131\u011f\u0131n d\u00fcrt\u00fcler\u2026 Hepsi Ay\u02bc\u0131n karanl\u0131k y\u00fcz\u00fcnde sakl\u0131. Bu kitap, o karanl\u0131\u011fa cesaretle bakabilenler i\u00e7in yaz\u0131ld\u0131. Kendini tan\u0131mak, i\u00e7sel g\u00f6lgeleriyle y\u00fczle\u015fmek ve ruhsal derinliklerini ke\u015ffetmek isteyen herkes i\u00e7in bir k\u0131lavuz&#8230; Lilith, sadece bir astroloji kitab\u0131 de\u011fil; kadim bilgilerle modern astrolojiyi bulu\u015fturan, okuyucusunu bireysel fark\u0131ndal\u0131\u011fa ve kolektif bilin\u00e7le y\u00fczle\u015fmeye davet eden bir ba\u015fucu eseridir. Ay burcunuzun etkileri sadece duygusal d\u00fcnyan\u0131zda de\u011fil, se\u00e7imlerinizde, ili\u015fkilerinizde ve hatta aile ge\u00e7mi\u015finizle kurdu\u011funuz ba\u011flarda da kendini g\u00f6sterir. Bu eser, do\u011fum haritan\u0131zdaki s\u0131rlar\u0131 \u00e7\u00f6zerken yaln\u0131zca \u0131\u015f\u0131\u011f\u0131 de\u011fil, g\u00f6lgeyi de kabul etmeniz i\u00e7in size cesaret verecek. Y\u00fckselen burcunuz maskenizi, G\u00fcne\u015f burcunuz benli\u011finizi, Ay burcunuz ise ruhunuzun derinliklerini f\u0131s\u0131ldar. Bu f\u0131s\u0131lt\u0131lar\u0131 duymaya, kendi i\u00e7sel sesinizi yeniden hat\u0131rlamaya haz\u0131r m\u0131s\u0131n\u0131z?<\/p>\n","protected":false},"excerpt":{"rendered":"<p>Saklad\u0131\u011f\u0131n duygular, unutulmu\u015f an\u0131lar ve fark\u0131nda bile olmad\u0131\u011f\u0131n d\u00fcrt\u00fcler\u2026 Hepsi Ay\u02bc\u0131n karanl\u0131k y\u00fcz\u00fcnde sakl\u0131. Bu kitap, o karanl\u0131\u011fa cesaretle bakabilenler i\u00e7in yaz\u0131ld\u0131. Kendini tan\u0131mak, i\u00e7sel g\u00f6lgeleriyle<span class=\"excerpt-hellip\"> [\u2026]<\/span><\/p>\n","protected":false},"featured_media":0,"template":"","meta":{"_monsterinsights_skip_tracking":false,"_monsterinsights_sitenote_active":false,"_monsterinsights_sitenote_note":"","_monsterinsights_sitenote_category":0},"product_brand":[],"product_cat":[19840,12364],"product_tag":[],"class_list":{"0":"post-772546","1":"product","2":"type-product","3":"status-publish","5":"product_cat-astroloji","6":"product_cat-genel-konular","7":"pa_cilt-ciltsiz","8":"pa_tur-kitap","9":"pa_yayinevi-mona-kitap","10":"pa_yazar-sifa-avcin","12":"first","13":"instock","14":"sale","15":"shipping-taxable","16":"purchasable","17":"product-type-simple"},"_links":{"self":[{"href":"https:\/\/roveyayinevi.com.tr\/index.php\/wp-json\/wp\/v2\/product\/772546","targetHints":{"allow":["GET"]}}],"collection":[{"href":"https:\/\/roveyayinevi.com.tr\/index.php\/wp-json\/wp\/v2\/product"}],"about":[{"href":"https:\/\/roveyayinevi.com.tr\/index.php\/wp-json\/wp\/v2\/types\/product"}],"wp:attachment":[{"href":"https:\/\/roveyayinevi.com.tr\/index.php\/wp-json\/wp\/v2\/media?parent=772546"}],"wp:term":[{"taxonomy":"product_brand","embeddable":true,"href":"https:\/\/roveyayinevi.com.tr\/index.php\/wp-json\/wp\/v2\/product_brand?post=772546"},{"taxonomy":"product_cat","embeddable":true,"href":"https:\/\/roveyayinevi.com.tr\/index.php\/wp-json\/wp\/v2\/product_cat?post=772546"},{"taxonomy":"product_tag","embeddable":true,"href":"https:\/\/roveyayinevi.com.tr\/index.php\/wp-json\/wp\/v2\/product_tag?post=772546"}],"curies":[{"name":"wp","href":"https:\/\/api.w.org\/{rel}","templated":true}]}}