{"id":772544,"date":"2025-08-28T15:43:42","date_gmt":"2025-08-28T12:43:42","guid":{"rendered":"https:\/\/roveyayinevi.com.tr\/index.php\/urun\/atlarin-cigligi\/"},"modified":"2026-04-15T03:38:50","modified_gmt":"2026-04-15T00:38:50","slug":"atlarin-cigligi","status":"publish","type":"product","link":"https:\/\/roveyayinevi.com.tr\/index.php\/urun\/atlarin-cigligi\/","title":{"rendered":"Atlar\u0131n \u00c7\u0131\u011fl\u0131\u011f\u0131"},"content":{"rendered":"<p>Atlar\u0131n \u00c7\u0131\u011fl\u0131\u011f\u0131, insan\u0131n en \u00e7\u0131plak haliyle y\u00fczle\u015fti\u011fi \u00f6yk\u00fclerden olu\u015fuyor. Yanmaz kefenler, kur\u015fun sesleri, mazot y\u00fckl\u00fc atlar\u0131n titreyi\u015fi, bir kilim motifine i\u015flenen g\u00f6zya\u015flar\u0131 aras\u0131nda; zulme u\u011frayanlar\u0131n, susturulanlar\u0131n, g\u00f6rmezden gelinenlerin anlat\u0131ld\u0131\u011f\u0131 \u00e7arp\u0131c\u0131 hik\u00e2yeleri zaman zaman ince bir tebess\u00fcmle, \u00e7o\u011fu kez bo\u011fazda d\u00fc\u011f\u00fcmlenen bir h\u00fcz\u00fcnle okuyacak, d\u00fc\u015f\u00fcnecek ve belki de i\u00e7inizde siz de bir \u00e7\u0131\u011fl\u0131k duyacaks\u0131n\u0131z\u2026 Birka\u00e7 saat sonra tekrar yola koyulduk, bu defa zifiri karanl\u0131kta. Tan\u0131mad\u0131\u011f\u0131m bir k\u00f6ye vard\u0131\u011f\u0131m\u0131zda g\u00fcne\u015f hen\u00fcz do\u011fmam\u0131\u015ft\u0131. K\u00f6y\u00fcn k\u00f6pekleri bizi ilk kar\u015f\u0131layanlard\u0131. H\u0131rlayan k\u00f6pekler, ki\u015fneyen atlar, ba\u011f\u0131rarak konu\u015fan insanlar, b\u00fct\u00fcn sesler birbirine kar\u0131\u015f\u0131p bo\u015flu\u011fun i\u00e7inde kayboluyordu. Yava\u015f yava\u015f ortal\u0131k ayd\u0131nlanmaya ba\u015flad\u0131\u011f\u0131nda etraftaki di\u011fer atlar da g\u00f6r\u00fcnmeye ba\u015flad\u0131. Baz\u0131lar\u0131 kemikleri d\u0131\u015far\u0131ya f\u0131rlayacakm\u0131\u015f gibi zay\u0131f ve halsiz g\u00f6r\u00fcn\u00fcyorlard\u0131. Evlerin \u00f6n\u00fcnde \u00fcst \u00fcste y\u0131\u011f\u0131lm\u0131\u015f mavi bidonlar duruyordu. Genzimizi yak\u0131p, g\u00f6zlerimizi ya\u015fartan keskin koku o bidonlardan geliyordu.<\/p>\n","protected":false},"excerpt":{"rendered":"<p>Atlar\u0131n \u00c7\u0131\u011fl\u0131\u011f\u0131, insan\u0131n en \u00e7\u0131plak haliyle y\u00fczle\u015fti\u011fi \u00f6yk\u00fclerden olu\u015fuyor. Yanmaz kefenler, kur\u015fun sesleri, mazot y\u00fckl\u00fc atlar\u0131n titreyi\u015fi, bir kilim motifine i\u015flenen g\u00f6zya\u015flar\u0131 aras\u0131nda; zulme u\u011frayanlar\u0131n, susturulanlar\u0131n,<span class=\"excerpt-hellip\"> [\u2026]<\/span><\/p>\n","protected":false},"featured_media":0,"template":"","meta":{"_monsterinsights_skip_tracking":false,"_monsterinsights_sitenote_active":false,"_monsterinsights_sitenote_note":"","_monsterinsights_sitenote_category":0},"product_brand":[],"product_cat":[12291,18202],"product_tag":[],"class_list":{"0":"post-772544","1":"product","2":"type-product","3":"status-publish","5":"product_cat-edebiyat","6":"product_cat-hikaye","7":"pa_cilt-ciltsiz","8":"pa_tur-kitap","9":"pa_yayinevi-src-kitap","10":"pa_yazar-roni-nasir-kaya","12":"first","13":"instock","14":"sale","15":"shipping-taxable","16":"purchasable","17":"product-type-simple"},"_links":{"self":[{"href":"https:\/\/roveyayinevi.com.tr\/index.php\/wp-json\/wp\/v2\/product\/772544","targetHints":{"allow":["GET"]}}],"collection":[{"href":"https:\/\/roveyayinevi.com.tr\/index.php\/wp-json\/wp\/v2\/product"}],"about":[{"href":"https:\/\/roveyayinevi.com.tr\/index.php\/wp-json\/wp\/v2\/types\/product"}],"wp:attachment":[{"href":"https:\/\/roveyayinevi.com.tr\/index.php\/wp-json\/wp\/v2\/media?parent=772544"}],"wp:term":[{"taxonomy":"product_brand","embeddable":true,"href":"https:\/\/roveyayinevi.com.tr\/index.php\/wp-json\/wp\/v2\/product_brand?post=772544"},{"taxonomy":"product_cat","embeddable":true,"href":"https:\/\/roveyayinevi.com.tr\/index.php\/wp-json\/wp\/v2\/product_cat?post=772544"},{"taxonomy":"product_tag","embeddable":true,"href":"https:\/\/roveyayinevi.com.tr\/index.php\/wp-json\/wp\/v2\/product_tag?post=772544"}],"curies":[{"name":"wp","href":"https:\/\/api.w.org\/{rel}","templated":true}]}}