{"id":772543,"date":"2025-08-28T15:43:40","date_gmt":"2025-08-28T12:43:40","guid":{"rendered":"https:\/\/roveyayinevi.com.tr\/index.php\/urun\/gizli-sakli-isler\/"},"modified":"2026-04-15T03:38:50","modified_gmt":"2026-04-15T00:38:50","slug":"gizli-sakli-isler","status":"publish","type":"product","link":"https:\/\/roveyayinevi.com.tr\/index.php\/urun\/gizli-sakli-isler\/","title":{"rendered":"Gizli Sakl\u0131 \u0130\u015fler"},"content":{"rendered":"<p>\u00c7a\u011fan, kalabal\u0131k ailesiyle ya\u015fad\u0131\u011f\u0131 apartman\u0131n bodrum kat\u0131na o g\u00fcn sokakta buldu\u011fu yavru kediyi getirir. Ailesinden gizli sahiplenip bak\u0131m\u0131n\u0131 \u00fcstlendi\u011fi bu kedi okuldaki belgesel \u00f6devinin ba\u015frol\u00fc olacakt\u0131r. Ancak \u00c7a\u011fan \u00e7ok ge\u00e7meden huysuz birinci kat kom\u015fusu Yekta Bey\u2019in radar\u0131na yakalan\u0131r. Sokakta Ya\u015fam adl\u0131 belgesel \u00f6devini ekip arkada\u015flar\u0131yla tamamlamaya \u00e7al\u0131\u015fan \u00c7a\u011fan, sokak r\u00f6portajlar\u0131 s\u0131ras\u0131nda tan\u0131\u015ft\u0131\u011f\u0131 Cemil\u2019in hik\u00e2yesine kay\u0131ts\u0131z kalamaz ve \u00e7ocu\u011fun g\u00fcvenli\u011fi i\u00e7in onu bodrum kat\u0131nda gizler. Art\u0131k ba\u015flar\u0131nda huysuz birinci kat kom\u015fusundan daha b\u00fcy\u00fck dertler vard\u0131r. Belgesel ekibi, herkesin iyili\u011fiyle sonu\u00e7lanacak ortak \u00e7\u00f6z\u00fcm\u00fc bulabilecek midir?Farkl\u0131 konulara e\u011fildi\u011fi romanlar\u0131yla sevilen Nehir Yarar okurlar\u0131na, birbirimizin hayatlar\u0131na iyilikle dokununca nas\u0131l \u0131\u015f\u0131k sa\u00e7abildi\u011fimizi, omuz omuza y\u00fcr\u00fcy\u00fcnce zorluklarla daha kolay ba\u015fa \u00e7\u0131kabildi\u011fimizi an\u0131msat\u0131yor. <\/p>\n","protected":false},"excerpt":{"rendered":"<p>\u00c7a\u011fan, kalabal\u0131k ailesiyle ya\u015fad\u0131\u011f\u0131 apartman\u0131n bodrum kat\u0131na o g\u00fcn sokakta buldu\u011fu yavru kediyi getirir. Ailesinden gizli sahiplenip bak\u0131m\u0131n\u0131 \u00fcstlendi\u011fi bu kedi okuldaki belgesel \u00f6devinin ba\u015frol\u00fc olacakt\u0131r.<span class=\"excerpt-hellip\"> [\u2026]<\/span><\/p>\n","protected":false},"featured_media":0,"template":"","meta":{"_monsterinsights_skip_tracking":false,"_monsterinsights_sitenote_active":false,"_monsterinsights_sitenote_note":"","_monsterinsights_sitenote_category":0},"product_brand":[],"product_cat":[12274,12284],"product_tag":[],"class_list":{"0":"post-772543","1":"product","2":"type-product","3":"status-publish","5":"product_cat-cocuk-ve-genclik-kitaplari","6":"product_cat-hikayeler","7":"pa_cilt-ciltsiz","8":"pa_tur-kitap","9":"pa_yayinevi-can-cocuk-yayinlari","10":"pa_yazar-nehir-yarar","12":"first","13":"instock","14":"sale","15":"shipping-taxable","16":"purchasable","17":"product-type-simple"},"_links":{"self":[{"href":"https:\/\/roveyayinevi.com.tr\/index.php\/wp-json\/wp\/v2\/product\/772543","targetHints":{"allow":["GET"]}}],"collection":[{"href":"https:\/\/roveyayinevi.com.tr\/index.php\/wp-json\/wp\/v2\/product"}],"about":[{"href":"https:\/\/roveyayinevi.com.tr\/index.php\/wp-json\/wp\/v2\/types\/product"}],"wp:attachment":[{"href":"https:\/\/roveyayinevi.com.tr\/index.php\/wp-json\/wp\/v2\/media?parent=772543"}],"wp:term":[{"taxonomy":"product_brand","embeddable":true,"href":"https:\/\/roveyayinevi.com.tr\/index.php\/wp-json\/wp\/v2\/product_brand?post=772543"},{"taxonomy":"product_cat","embeddable":true,"href":"https:\/\/roveyayinevi.com.tr\/index.php\/wp-json\/wp\/v2\/product_cat?post=772543"},{"taxonomy":"product_tag","embeddable":true,"href":"https:\/\/roveyayinevi.com.tr\/index.php\/wp-json\/wp\/v2\/product_tag?post=772543"}],"curies":[{"name":"wp","href":"https:\/\/api.w.org\/{rel}","templated":true}]}}