{"id":772538,"date":"2025-08-28T15:43:29","date_gmt":"2025-08-28T12:43:29","guid":{"rendered":"https:\/\/roveyayinevi.com.tr\/index.php\/urun\/havuz-basi-3\/"},"modified":"2026-04-15T03:38:50","modified_gmt":"2026-04-15T00:38:50","slug":"havuz-basi-3","status":"publish","type":"product","link":"https:\/\/roveyayinevi.com.tr\/index.php\/urun\/havuz-basi-3\/","title":{"rendered":"Havuz Ba\u015f\u0131"},"content":{"rendered":"<p>So\u011fuktan m\u0131 titriyordum, yoksa heyecandan, \u00fcz\u00fcnt\u00fcden mi, bilmem. Havuzun suyu bulan\u0131k. Kap\u0131n\u0131n saatleri on ikiyi ge\u00e7mi\u015f. Kanepelerde kimseler yok. Tramvay ne fena g\u0131c\u0131rdad\u0131! Tramvaydaki adam bir tan\u0131d\u0131k m\u0131yd\u0131, acaba? Ne diye \u00f6yle d\u00f6n\u00fcp d\u00f6n\u00fcp bakt\u0131?.. Yoksa kimseciklerin oturmad\u0131\u011f\u0131 kanepelerde bu saatte yaln\u0131z pek ba\u015f\u0131bo\u015flar m\u0131 oturur? Kimseler \u00e2\u015f\u0131k de\u011fil mi bu \u015fehirde? Kimseler, bir meydan\u0131n kanepesinde kimseyi beklemeyecek mi, y\u00fcz\u00fcn\u00fc bir dakika g\u00f6rmek i\u00e7in kimsenin?   Sait Faik Abas\u0131yan\u0131k kendine \u00f6zg\u00fc yal\u0131n ve ak\u0131c\u0131 \u00f6yk\u00fclerinde okuru \u015fa\u015f\u0131rtan, insan\u0131 ve do\u011fay\u0131 b\u00fct\u00fcn i\u00e7tenli\u011fiyle anlatmaktan geri durmayan, her \u015feyin merkezine insan sevgisini koyan bir yazar. \u201cK\u00f6k\u00fc kendinden olan\u201d bir yazar olarak Abas\u0131yan\u0131k, Cumhuriyet sonras\u0131 edebiyat\u0131m\u0131zda bir mihenk noktas\u0131 olarak belirirken \u00e7a\u011fda\u015f \u00f6yk\u00fcc\u00fcl\u00fc\u011f\u00fcm\u00fcz\u00fcn de temellerini atar.   Sait Faik Abas\u0131yan\u0131k, \u00f6yk\u00fcc\u00fcl\u00fc\u011f\u00fcm\u00fcz\u00fcn en \u00f6zg\u00fcn ve ayr\u0131ks\u0131 seslerinden\u2026<\/p>\n","protected":false},"excerpt":{"rendered":"<p>So\u011fuktan m\u0131 titriyordum, yoksa heyecandan, \u00fcz\u00fcnt\u00fcden mi, bilmem. Havuzun suyu bulan\u0131k. Kap\u0131n\u0131n saatleri on ikiyi ge\u00e7mi\u015f. Kanepelerde kimseler yok. Tramvay ne fena g\u0131c\u0131rdad\u0131! Tramvaydaki adam bir<span class=\"excerpt-hellip\"> [\u2026]<\/span><\/p>\n","protected":false},"featured_media":0,"template":"","meta":{"_monsterinsights_skip_tracking":false,"_monsterinsights_sitenote_active":false,"_monsterinsights_sitenote_note":"","_monsterinsights_sitenote_category":0},"product_brand":[],"product_cat":[12291,12711],"product_tag":[],"class_list":{"0":"post-772538","1":"product","2":"type-product","3":"status-publish","5":"product_cat-edebiyat","6":"product_cat-roman-oyku","7":"pa_cilt-ciltsiz","8":"pa_tur-kitap","9":"pa_yayinevi-can-yayinlari","10":"pa_yazar-sait-faik-abasiyanik","12":"first","13":"instock","14":"sale","15":"shipping-taxable","16":"purchasable","17":"product-type-simple"},"_links":{"self":[{"href":"https:\/\/roveyayinevi.com.tr\/index.php\/wp-json\/wp\/v2\/product\/772538","targetHints":{"allow":["GET"]}}],"collection":[{"href":"https:\/\/roveyayinevi.com.tr\/index.php\/wp-json\/wp\/v2\/product"}],"about":[{"href":"https:\/\/roveyayinevi.com.tr\/index.php\/wp-json\/wp\/v2\/types\/product"}],"wp:attachment":[{"href":"https:\/\/roveyayinevi.com.tr\/index.php\/wp-json\/wp\/v2\/media?parent=772538"}],"wp:term":[{"taxonomy":"product_brand","embeddable":true,"href":"https:\/\/roveyayinevi.com.tr\/index.php\/wp-json\/wp\/v2\/product_brand?post=772538"},{"taxonomy":"product_cat","embeddable":true,"href":"https:\/\/roveyayinevi.com.tr\/index.php\/wp-json\/wp\/v2\/product_cat?post=772538"},{"taxonomy":"product_tag","embeddable":true,"href":"https:\/\/roveyayinevi.com.tr\/index.php\/wp-json\/wp\/v2\/product_tag?post=772538"}],"curies":[{"name":"wp","href":"https:\/\/api.w.org\/{rel}","templated":true}]}}