{"id":772535,"date":"2025-08-28T15:43:24","date_gmt":"2025-08-28T12:43:24","guid":{"rendered":"https:\/\/roveyayinevi.com.tr\/index.php\/urun\/shelly-ve-bubblesin-sasirtici-okyanus-rehberi\/"},"modified":"2026-04-15T03:38:50","modified_gmt":"2026-04-15T00:38:50","slug":"shelly-ve-bubblesin-sasirtici-okyanus-rehberi","status":"publish","type":"product","link":"https:\/\/roveyayinevi.com.tr\/index.php\/urun\/shelly-ve-bubblesin-sasirtici-okyanus-rehberi\/","title":{"rendered":"Shelly ve Bubbles&#8217;\u0131n \u0218a\u0219\u0131rt\u0131c\u0131 Okyanus Rehberi"},"content":{"rendered":"<p>Bir dalg\u0131\u00e7 k\u0131yafeti giy, derin bir nefes al ve okyanus uzmanlar\u0131 Shelly ve Bubbles ile dalgalar\u0131n alt\u0131na dal. \u015eimdi ke\u015fif zaman\u0131!    Okyanusun en karanl\u0131k derinliklerinde neler gizlenir? Deniz neden tuzludur? Hangi k\u00f6pekbal\u0131\u011f\u0131 y\u00fcr\u00fcyebilir?  Hangi okyanus canl\u0131s\u0131n\u0131n dilinin a\u011f\u0131rl\u0131\u011f\u0131 bir filinki kadard\u0131r? <\/p>\n","protected":false},"excerpt":{"rendered":"<p>Bir dalg\u0131\u00e7 k\u0131yafeti giy, derin bir nefes al ve okyanus uzmanlar\u0131 Shelly ve Bubbles ile dalgalar\u0131n alt\u0131na dal. \u015eimdi ke\u015fif zaman\u0131! Okyanusun en karanl\u0131k derinliklerinde neler<span class=\"excerpt-hellip\"> [\u2026]<\/span><\/p>\n","protected":false},"featured_media":0,"template":"","meta":{"_monsterinsights_skip_tracking":false,"_monsterinsights_sitenote_active":false,"_monsterinsights_sitenote_note":"","_monsterinsights_sitenote_category":0},"product_brand":[],"product_cat":[13005,13006],"product_tag":[],"class_list":{"0":"post-772535","1":"product","2":"type-product","3":"status-publish","5":"product_cat-bilim-muhendislik","6":"product_cat-populer-bilim","7":"pa_cilt-ciltsiz","8":"pa_tur-kitap","9":"pa_yayinevi-orenda","10":"pa_yazar-tracey-turner","12":"first","13":"instock","14":"sale","15":"shipping-taxable","16":"purchasable","17":"product-type-simple"},"_links":{"self":[{"href":"https:\/\/roveyayinevi.com.tr\/index.php\/wp-json\/wp\/v2\/product\/772535","targetHints":{"allow":["GET"]}}],"collection":[{"href":"https:\/\/roveyayinevi.com.tr\/index.php\/wp-json\/wp\/v2\/product"}],"about":[{"href":"https:\/\/roveyayinevi.com.tr\/index.php\/wp-json\/wp\/v2\/types\/product"}],"wp:attachment":[{"href":"https:\/\/roveyayinevi.com.tr\/index.php\/wp-json\/wp\/v2\/media?parent=772535"}],"wp:term":[{"taxonomy":"product_brand","embeddable":true,"href":"https:\/\/roveyayinevi.com.tr\/index.php\/wp-json\/wp\/v2\/product_brand?post=772535"},{"taxonomy":"product_cat","embeddable":true,"href":"https:\/\/roveyayinevi.com.tr\/index.php\/wp-json\/wp\/v2\/product_cat?post=772535"},{"taxonomy":"product_tag","embeddable":true,"href":"https:\/\/roveyayinevi.com.tr\/index.php\/wp-json\/wp\/v2\/product_tag?post=772535"}],"curies":[{"name":"wp","href":"https:\/\/api.w.org\/{rel}","templated":true}]}}