{"id":772528,"date":"2025-08-28T15:43:06","date_gmt":"2025-08-28T12:43:06","guid":{"rendered":"https:\/\/roveyayinevi.com.tr\/index.php\/urun\/kul-kanat-ciltli\/"},"modified":"2026-04-15T03:38:50","modified_gmt":"2026-04-15T00:38:50","slug":"kul-kanat-ciltli","status":"publish","type":"product","link":"https:\/\/roveyayinevi.com.tr\/index.php\/urun\/kul-kanat-ciltli\/","title":{"rendered":"K\u00fcl Kanat (Ciltli)"},"content":{"rendered":"<p>Kehaneti f\u0131s\u0131ldad\u0131 g\u00f6ky\u00fcz\u00fc\u2026 Be\u015f k\u0131z kanat \u00e7\u0131rpt\u0131\u011f\u0131nda, k\u00fcller yeniden hayat bulacak. Mavella\u2019da s\u0131radan hayat\u0131n\u0131n ortas\u0131nda bir k\u00fct\u00fcphane i\u015fleten Mila, k\u00fct\u00fcphanesindeki kaynaklar askerler taraf\u0131ndan toplan\u0131ld\u0131\u011f\u0131nda nas\u0131l bir tehlikeyle kar\u015f\u0131 kar\u015f\u0131ya olduklar\u0131n\u0131n hen\u00fcz fark\u0131nda de\u011fildir. Askerler t\u00fcrl\u00fc yalanlarla ger\u00e7e\u011fin \u00fczerini \u00f6rtmeye \u00e7al\u0131\u015f\u0131rken Mila bir gece o ger\u00e7ekle kar\u015f\u0131 kar\u015f\u0131ya kal\u0131r: Uzak \u00fclkelerden ka\u00e7\u0131p Mavella\u2019n\u0131n sonsuz ormanlar\u0131nda saklanan bir pegasusla&#8230; Yaln\u0131zca masallarda var oldu\u011funa inand\u0131\u011f\u0131 pegasus onunla konu\u015ftu\u011funda bir r\u00fcyada gibidir. Oysa \u00e7ok uzun s\u00fcrmez. Sokaklar\u0131nda \u00e7ocuklu\u011funa dair an\u0131lar\u0131n yank\u0131land\u0131\u011f\u0131 Mavella, pegasusun pe\u015fine d\u00fc\u015fm\u00fc\u015f ac\u0131mas\u0131z bir feniks taraf\u0131ndan ans\u0131z\u0131n yak\u0131l\u0131p k\u00fcl edilir. \u00d6l\u00fc Mavella\u2019n\u0131n kuca\u011f\u0131nda, Mila\u2019n\u0131n o e\u015fsiz pegasusla ka\u00e7maktan ba\u015fka \u015fans\u0131 yoktur. Voleur isimli pegasus, onu kendi diyar\u0131ndaki Volante Kanat Akademisi\u2019ne g\u00f6t\u00fcrd\u00fc\u011f\u00fcnde Mila\u2019n\u0131n u\u011fruna ya\u015fad\u0131\u011f\u0131 tek bir ama\u00e7 kalm\u0131\u015ft\u0131r: K\u00f6y\u00fcn\u00fc yakan feniksten intikam almak. Oysa Volante evreni, Mila ve kalbi i\u00e7in ba\u015fka ihtimaller de saklamaktad\u0131r. Cesetlerin \u00fczerine b\u0131rakt\u0131\u011f\u0131 m\u00fcrd\u00fcm rengi g\u00fcllerle bilinen, ta\u015f kalpli asker; d\u00fc\u015fmanlar\u0131n deyi\u015fiyle Volante\u2019nin Alt\u0131n K\u0131yameti\u2019nin g\u00f6z\u00fc Mila\u2019n\u0131n \u00fczerindedir. River Mavros\u2026 T\u00fcm ihtimallerin ortak noktas\u0131d\u0131r. G\u00f6ky\u00fcz\u00fc merak i\u00e7indedir. Yas, h\u0131rs ve intikam i\u00e7indeki bir k\u0131z k\u00fcllerinden do\u011fabilir mi? Olympia K\u0131zlar\u0131 g\u00f6\u011fe h\u00e2kim olabilir mi? <\/p>\n","protected":false},"excerpt":{"rendered":"<p>Kehaneti f\u0131s\u0131ldad\u0131 g\u00f6ky\u00fcz\u00fc\u2026 Be\u015f k\u0131z kanat \u00e7\u0131rpt\u0131\u011f\u0131nda, k\u00fcller yeniden hayat bulacak. Mavella\u2019da s\u0131radan hayat\u0131n\u0131n ortas\u0131nda bir k\u00fct\u00fcphane i\u015fleten Mila, k\u00fct\u00fcphanesindeki kaynaklar askerler taraf\u0131ndan toplan\u0131ld\u0131\u011f\u0131nda nas\u0131l bir<span class=\"excerpt-hellip\"> [\u2026]<\/span><\/p>\n","protected":false},"featured_media":0,"template":"","meta":{"_monsterinsights_skip_tracking":false,"_monsterinsights_sitenote_active":false,"_monsterinsights_sitenote_note":"","_monsterinsights_sitenote_category":0},"product_brand":[],"product_cat":[12291,12711],"product_tag":[],"class_list":{"0":"post-772528","1":"product","2":"type-product","3":"status-publish","5":"product_cat-edebiyat","6":"product_cat-roman-oyku","7":"pa_cilt-ciltli","8":"pa_tur-kitap","9":"pa_yayinevi-athica-yayinlari","10":"pa_yazar-almina-taner","12":"first","13":"instock","14":"sale","15":"shipping-taxable","16":"purchasable","17":"product-type-simple"},"_links":{"self":[{"href":"https:\/\/roveyayinevi.com.tr\/index.php\/wp-json\/wp\/v2\/product\/772528","targetHints":{"allow":["GET"]}}],"collection":[{"href":"https:\/\/roveyayinevi.com.tr\/index.php\/wp-json\/wp\/v2\/product"}],"about":[{"href":"https:\/\/roveyayinevi.com.tr\/index.php\/wp-json\/wp\/v2\/types\/product"}],"wp:attachment":[{"href":"https:\/\/roveyayinevi.com.tr\/index.php\/wp-json\/wp\/v2\/media?parent=772528"}],"wp:term":[{"taxonomy":"product_brand","embeddable":true,"href":"https:\/\/roveyayinevi.com.tr\/index.php\/wp-json\/wp\/v2\/product_brand?post=772528"},{"taxonomy":"product_cat","embeddable":true,"href":"https:\/\/roveyayinevi.com.tr\/index.php\/wp-json\/wp\/v2\/product_cat?post=772528"},{"taxonomy":"product_tag","embeddable":true,"href":"https:\/\/roveyayinevi.com.tr\/index.php\/wp-json\/wp\/v2\/product_tag?post=772528"}],"curies":[{"name":"wp","href":"https:\/\/api.w.org\/{rel}","templated":true}]}}