{"id":772527,"date":"2025-08-28T15:43:05","date_gmt":"2025-08-28T12:43:05","guid":{"rendered":"https:\/\/roveyayinevi.com.tr\/index.php\/urun\/anahtar-sozcukler\/"},"modified":"2026-04-15T03:38:50","modified_gmt":"2026-04-15T00:38:50","slug":"anahtar-sozcukler","status":"publish","type":"product","link":"https:\/\/roveyayinevi.com.tr\/index.php\/urun\/anahtar-sozcukler\/","title":{"rendered":"Anahtar S\u00f6zc\u00fckler"},"content":{"rendered":"<p>B\u00fcy\u00fck toplumsal hareketler ve \u00e7a\u011fda\u015f \u00fcretim saplant\u0131s\u0131 aras\u0131ndaki ili\u015fkileri \u00e7\u00f6z\u00fcmleyen Jean Baudrillard, g\u00fc\u00e7l\u00fc bir pazar ekonomisinin dayatt\u0131\u011f\u0131 y\u00f6nlendirmelere direnen bir ku\u015fa\u011f\u0131 etkileyen sorunsal\u0131n tam merkezinde yer almaktad\u0131r. D\u00fcnyan\u0131n \u201csanalla\u015ft\u0131r\u0131lmas\u0131na\u201d, her yerde ge\u00e7erli olan bir g\u00f6sterge \u201cticaretine\u201d, saydaml\u0131\u011f\u0131n (demokrasinin) g\u00f6z boyamaya dayal\u0131 erdemleri ve ticari de\u011fer adl\u0131 kand\u0131rmacaya; simgesel de\u011fi\u015f toku\u015f d\u00fczenine \u00f6zg\u00fc s\u0131n\u0131rs\u0131z bir c\u00f6mertlik, ayartmaya \u00f6zg\u00fc bir meydan okuma, sonsuza dek s\u00fcr\u00fcp gidece\u011fe benzeyen bir rastlant\u0131sall\u0131k\/belirsizlik ve tersine \u00e7evrilebilme \u00f6zelli\u011fine sahip bir yazg\u0131 anlay\u0131\u015f\u0131yla kar\u015f\u0131 \u00e7\u0131kmaktad\u0131r.   K\u0131\u015fk\u0131rt\u0131c\u0131 ve \u00e7eli\u015fkili oldu\u011funu iddia eden bir d\u00fc\u015f\u00fcncenin insan\u0131 ba\u015ftan \u00e7\u0131kartan i\u015flemcileri olarak adland\u0131r\u0131labilecek bu s\u00f6zc\u00fckler, d\u00fc\u015f\u00fcn\u00fcr\u00fcn metinlerindeki ana fikirleri, estetik ve pedagojik bir ilke do\u011frultusunda a\u00e7\u0131klayan bir alfabe niteli\u011findedir.   Son derece \u00f6zg\u00fcr bir yakla\u015f\u0131m ve herkesin anlayabilece\u011fi bir \u015fekilde ele al\u0131narak ger\u00e7ekle\u015ftirilen bu kitapta Jean Baudrillard belli ba\u015fl\u0131 temel kavramlar\u0131n\u0131 a\u00e7\u0131klamaktad\u0131r. <\/p>\n","protected":false},"excerpt":{"rendered":"<p>B\u00fcy\u00fck toplumsal hareketler ve \u00e7a\u011fda\u015f \u00fcretim saplant\u0131s\u0131 aras\u0131ndaki ili\u015fkileri \u00e7\u00f6z\u00fcmleyen Jean Baudrillard, g\u00fc\u00e7l\u00fc bir pazar ekonomisinin dayatt\u0131\u011f\u0131 y\u00f6nlendirmelere direnen bir ku\u015fa\u011f\u0131 etkileyen sorunsal\u0131n tam merkezinde yer<span class=\"excerpt-hellip\"> [\u2026]<\/span><\/p>\n","protected":false},"featured_media":0,"template":"","meta":{"_monsterinsights_skip_tracking":false,"_monsterinsights_sitenote_active":false,"_monsterinsights_sitenote_note":"","_monsterinsights_sitenote_category":0},"product_brand":[],"product_cat":[12325,12324],"product_tag":[],"class_list":{"0":"post-772527","1":"product","2":"type-product","3":"status-publish","5":"product_cat-diger-sosyoloji","6":"product_cat-sosyoloji","7":"pa_cilt-ciltsiz","8":"pa_tur-kitap","9":"pa_yayinevi-dogu-bati-yayinlari","10":"pa_yazar-jean-baudrillard","12":"first","13":"instock","14":"sale","15":"shipping-taxable","16":"purchasable","17":"product-type-simple"},"_links":{"self":[{"href":"https:\/\/roveyayinevi.com.tr\/index.php\/wp-json\/wp\/v2\/product\/772527","targetHints":{"allow":["GET"]}}],"collection":[{"href":"https:\/\/roveyayinevi.com.tr\/index.php\/wp-json\/wp\/v2\/product"}],"about":[{"href":"https:\/\/roveyayinevi.com.tr\/index.php\/wp-json\/wp\/v2\/types\/product"}],"wp:attachment":[{"href":"https:\/\/roveyayinevi.com.tr\/index.php\/wp-json\/wp\/v2\/media?parent=772527"}],"wp:term":[{"taxonomy":"product_brand","embeddable":true,"href":"https:\/\/roveyayinevi.com.tr\/index.php\/wp-json\/wp\/v2\/product_brand?post=772527"},{"taxonomy":"product_cat","embeddable":true,"href":"https:\/\/roveyayinevi.com.tr\/index.php\/wp-json\/wp\/v2\/product_cat?post=772527"},{"taxonomy":"product_tag","embeddable":true,"href":"https:\/\/roveyayinevi.com.tr\/index.php\/wp-json\/wp\/v2\/product_tag?post=772527"}],"curies":[{"name":"wp","href":"https:\/\/api.w.org\/{rel}","templated":true}]}}