{"id":772524,"date":"2025-08-28T15:42:59","date_gmt":"2025-08-28T12:42:59","guid":{"rendered":"https:\/\/roveyayinevi.com.tr\/index.php\/urun\/insanligin-ortak-gelecegini-insa-etmek-uzerine\/"},"modified":"2026-04-15T03:38:50","modified_gmt":"2026-04-15T00:38:50","slug":"insanligin-ortak-gelecegini-insa-etmek-uzerine","status":"publish","type":"product","link":"https:\/\/roveyayinevi.com.tr\/index.php\/urun\/insanligin-ortak-gelecegini-insa-etmek-uzerine\/","title":{"rendered":"\u0130nsanl\u0131\u011f\u0131n Ortak Gelece\u011fini \u0130n\u015fa Etmek \u00dczerine"},"content":{"rendered":"<p>\u201cG\u00f6ky\u00fcz\u00fc alt\u0131ndaki herkesin tek bir aile oldu\u011fu\u201d inanc\u0131n\u0131 benimseyen ve t\u00fcm uluslar aras\u0131nda bar\u0131\u015f ile g\u00f6ky\u00fcz\u00fc alt\u0131nda uyumu savunan \u00c7in Kom\u00fcnist Partisi (\u00c7KP), insanl\u0131\u011fa yeni ve daha b\u00fcy\u00fck katk\u0131larda bulunmay\u0131 s\u00fcrekli misyonu olarak kabul etmektedir. Kas\u0131m 2012\u2019de d\u00fczenlenen \u00c7KP 18. Ulusal Kongresi\u2019nden bu yana Xi Jinping, ortak gelece\u011fe sahip bir insanl\u0131k toplulu\u011fu in\u015fa edilmesi \u00e7a\u011fr\u0131s\u0131nda bulunmu\u015ftur. \u00c7KP Merkez Komitesi Genel Sekreteri, \u00c7in Halk Cumhuriyeti Cumhurba\u015fkan\u0131 ve \u00c7in\u2019in en y\u00fcksek askeri lideri olarak Xi Jinping, bu kavram\u0131 insanl\u0131\u011f\u0131n tarihsel geli\u015fimi a\u00e7\u0131s\u0131ndan ortaya koymu\u015ftur. Bu kavram, uluslararas\u0131 durumdaki derin de\u011fi\u015fimlere, bar\u0131\u015f, kalk\u0131nma, i\u015fbirli\u011fi ve kar\u015f\u0131l\u0131kl\u0131 fayda y\u00f6n\u00fcndeki \u00e7a\u011fda\u015f e\u011filimlere ve insanl\u0131\u011f\u0131n gelece\u011fine dair temel sorular \u00fczerine yap\u0131lan derinlemesine bir de\u011ferlendirmeye dayanmaktad\u0131r: Ne t\u00fcr bir d\u00fcnya in\u015fa etmeliyiz ve bunu nas\u0131l ger\u00e7ekle\u015ftirmeliyiz? <\/p>\n","protected":false},"excerpt":{"rendered":"<p>\u201cG\u00f6ky\u00fcz\u00fc alt\u0131ndaki herkesin tek bir aile oldu\u011fu\u201d inanc\u0131n\u0131 benimseyen ve t\u00fcm uluslar aras\u0131nda bar\u0131\u015f ile g\u00f6ky\u00fcz\u00fc alt\u0131nda uyumu savunan \u00c7in Kom\u00fcnist Partisi (\u00c7KP), insanl\u0131\u011fa yeni ve<span class=\"excerpt-hellip\"> [\u2026]<\/span><\/p>\n","protected":false},"featured_media":0,"template":"","meta":{"_monsterinsights_skip_tracking":false,"_monsterinsights_sitenote_active":false,"_monsterinsights_sitenote_note":"","_monsterinsights_sitenote_category":0},"product_brand":[],"product_cat":[12337,17225],"product_tag":[],"class_list":{"0":"post-772524","1":"product","2":"type-product","3":"status-publish","5":"product_cat-politika-siyaset","6":"product_cat-uluslararasi-iliskiler","7":"pa_cilt-ciltsiz","8":"pa_tur-kitap","9":"pa_yayinevi-kirmizi-kedi-yayinevi","10":"pa_yazar-xi-jinping","12":"first","13":"instock","14":"sale","15":"shipping-taxable","16":"purchasable","17":"product-type-simple"},"_links":{"self":[{"href":"https:\/\/roveyayinevi.com.tr\/index.php\/wp-json\/wp\/v2\/product\/772524","targetHints":{"allow":["GET"]}}],"collection":[{"href":"https:\/\/roveyayinevi.com.tr\/index.php\/wp-json\/wp\/v2\/product"}],"about":[{"href":"https:\/\/roveyayinevi.com.tr\/index.php\/wp-json\/wp\/v2\/types\/product"}],"wp:attachment":[{"href":"https:\/\/roveyayinevi.com.tr\/index.php\/wp-json\/wp\/v2\/media?parent=772524"}],"wp:term":[{"taxonomy":"product_brand","embeddable":true,"href":"https:\/\/roveyayinevi.com.tr\/index.php\/wp-json\/wp\/v2\/product_brand?post=772524"},{"taxonomy":"product_cat","embeddable":true,"href":"https:\/\/roveyayinevi.com.tr\/index.php\/wp-json\/wp\/v2\/product_cat?post=772524"},{"taxonomy":"product_tag","embeddable":true,"href":"https:\/\/roveyayinevi.com.tr\/index.php\/wp-json\/wp\/v2\/product_tag?post=772524"}],"curies":[{"name":"wp","href":"https:\/\/api.w.org\/{rel}","templated":true}]}}