{"id":772523,"date":"2025-08-28T15:42:56","date_gmt":"2025-08-28T12:42:56","guid":{"rendered":"https:\/\/roveyayinevi.com.tr\/index.php\/urun\/elveda-cariyem\/"},"modified":"2026-04-15T03:38:50","modified_gmt":"2026-04-15T00:38:50","slug":"elveda-cariyem","status":"publish","type":"product","link":"https:\/\/roveyayinevi.com.tr\/index.php\/urun\/elveda-cariyem\/","title":{"rendered":"Elveda Cariyem"},"content":{"rendered":"<p>2012 Nobel edebiyat \u00f6d\u00fcl\u00fcn\u00fc alan Mo Yan, Elveda Cariyem\u2019le bu defa roman de\u011fil, bir oyun yazar\u0131 olarak \u00e7\u0131k\u0131yor kar\u015f\u0131m\u0131za. \u0130lk defa Sima Qian\u2019\u0131n, \u00c7in tarihinin en eski kaynaklar\u0131ndan biri kabul edilen Tarih\u00e7inin Kay\u0131tlar\u0131 eserinde yer alan, iki bin y\u0131l\u0131 a\u015fk\u0131n zamand\u0131r anlat\u0131lan bu tarihi hik\u00e2ye uzun y\u0131llar boyunca Pekin Operas\u0131\u2019nda sahnelendikten sonra romana ve sinema filmlerine de uyarland\u0131. M\u00d6 200\u2019lerde, Qin Hanedan\u0131\u2019n\u0131n isyanc\u0131 iki lideri, Xiang Yu ile Liu Bang aras\u0131ndaki k\u0131yas\u0131ya m\u00fccadeleyi konu alan hik\u00e2ye, Mo Yan\u2019in kaleminde iki kad\u0131n\u0131n a\u015fklar\u0131 u\u011fruna g\u00f6sterdi\u011fi fedak\u00e2rl\u0131\u011f\u0131n, cesaretin destan\u0131na d\u00f6n\u00fc\u015f\u00fcyor.  Binlerce y\u0131ld\u0131r anlat\u0131l\u0131r bu, hi\u00e7 eskimeyen bir masal, taze tutar ruhu. (\u2026) Yi\u011fit erkek yak\u0131p kavurur mavi g\u00f6kleri, heybetli. Asil kad\u0131n kaplar sar\u0131 topra\u011f\u0131, g\u00f6rkemli. Uzun kollu elbiseler ay \u0131\u015f\u0131\u011f\u0131nda dans eder bulutlarla. K\u0131l\u0131\u00e7 havada \u015fim\u015fek \u00e7akar, hayaletler \u015fiir okur karanl\u0131kta. T\u00fcm kalbi ate\u015fle dolu, tek bir a\u015fk s\u00f6z\u00fc u\u011fruna bu. Mo Yan\u2019in Elveda Cariyem oyunu, Giray Fidan\u2019\u0131n \u00c7ince asl\u0131ndan yapt\u0131\u011f\u0131 \u00f6zenli \u00e7eviriyle ilk kez T\u00fcrk\u00e7ede. <\/p>\n","protected":false},"excerpt":{"rendered":"<p>2012 Nobel edebiyat \u00f6d\u00fcl\u00fcn\u00fc alan Mo Yan, Elveda Cariyem\u2019le bu defa roman de\u011fil, bir oyun yazar\u0131 olarak \u00e7\u0131k\u0131yor kar\u015f\u0131m\u0131za. \u0130lk defa Sima Qian\u2019\u0131n, \u00c7in tarihinin en<span class=\"excerpt-hellip\"> [\u2026]<\/span><\/p>\n","protected":false},"featured_media":0,"template":"","meta":{"_monsterinsights_skip_tracking":false,"_monsterinsights_sitenote_active":false,"_monsterinsights_sitenote_note":"","_monsterinsights_sitenote_category":0},"product_brand":[],"product_cat":[12291,15566],"product_tag":[],"class_list":{"0":"post-772523","1":"product","2":"type-product","3":"status-publish","5":"product_cat-edebiyat","6":"product_cat-oyun","7":"pa_cilt-ciltsiz","8":"pa_tur-kitap","9":"pa_yayinevi-kirmizi-kedi-yayinevi","10":"pa_yazar-mo-yan","12":"first","13":"instock","14":"sale","15":"shipping-taxable","16":"purchasable","17":"product-type-simple"},"_links":{"self":[{"href":"https:\/\/roveyayinevi.com.tr\/index.php\/wp-json\/wp\/v2\/product\/772523","targetHints":{"allow":["GET"]}}],"collection":[{"href":"https:\/\/roveyayinevi.com.tr\/index.php\/wp-json\/wp\/v2\/product"}],"about":[{"href":"https:\/\/roveyayinevi.com.tr\/index.php\/wp-json\/wp\/v2\/types\/product"}],"wp:attachment":[{"href":"https:\/\/roveyayinevi.com.tr\/index.php\/wp-json\/wp\/v2\/media?parent=772523"}],"wp:term":[{"taxonomy":"product_brand","embeddable":true,"href":"https:\/\/roveyayinevi.com.tr\/index.php\/wp-json\/wp\/v2\/product_brand?post=772523"},{"taxonomy":"product_cat","embeddable":true,"href":"https:\/\/roveyayinevi.com.tr\/index.php\/wp-json\/wp\/v2\/product_cat?post=772523"},{"taxonomy":"product_tag","embeddable":true,"href":"https:\/\/roveyayinevi.com.tr\/index.php\/wp-json\/wp\/v2\/product_tag?post=772523"}],"curies":[{"name":"wp","href":"https:\/\/api.w.org\/{rel}","templated":true}]}}