{"id":772522,"date":"2025-08-28T15:42:55","date_gmt":"2025-08-28T12:42:55","guid":{"rendered":"https:\/\/roveyayinevi.com.tr\/index.php\/urun\/merkez-bankasi\/"},"modified":"2026-04-15T03:38:50","modified_gmt":"2026-04-15T00:38:50","slug":"merkez-bankasi","status":"publish","type":"product","link":"https:\/\/roveyayinevi.com.tr\/index.php\/urun\/merkez-bankasi\/","title":{"rendered":"Merkez Bankas\u0131"},"content":{"rendered":"<p>Kurumsal yap\u0131, i\u015fleyi\u015fi ve merak edilenler&#8230; Merkez bankas\u0131 gizemli bir kurumdur. Para basma i\u015flevi d\u0131\u015f\u0131ndaki g\u00f6revlerini bilen insan say\u0131s\u0131 s\u0131n\u0131rl\u0131d\u0131r. Konu, para politikas\u0131na gelince bu say\u0131 iyice azal\u0131r. \u0130nsanlar, merkez bankas\u0131n\u0131n sahibinin kim oldu\u011funu, sahip oldu\u011fu alt\u0131nlar\u0131 ve d\u00f6vizleri nerede saklad\u0131\u011f\u0131n\u0131, faizi art\u0131rd\u0131\u011f\u0131nda bankalar\u0131n ni\u00e7in faizlerini art\u0131rd\u0131\u011f\u0131n\u0131, bast\u0131\u011f\u0131 paran\u0131n bir kar\u015f\u0131l\u0131\u011f\u0131 olup olmad\u0131\u011f\u0131n\u0131, enflasyonla m\u00fccadeleyi nas\u0131l y\u00fcr\u00fctt\u00fc\u011f\u00fcn\u00fc, siyaset\u00e7ilerin neler bekledi\u011fini, bankalar\u0131n da para bas\u0131p basmad\u0131\u011f\u0131n\u0131, merkez bankas\u0131n\u0131n k\u00e2r\u0131n\u0131n nereye gitti\u011fini, zarar etmesinin m\u00fcmk\u00fcn olup olmad\u0131\u011f\u0131n\u0131 merak ederler. Mahfi E\u011filmez, bu kitab\u0131nda, d\u00fcnya \u00f6rnekleriyle birlikte T\u00fcrkiye \u00f6rne\u011fini ayr\u0131nt\u0131l\u0131 \u015fekilde ele alarak merkez bankas\u0131n\u0131 ve sorumlu oldu\u011fu para politikas\u0131n\u0131 olabilecek en basit h\u00e2liyle anlat\u0131rken, yukar\u0131dakiler gibi pek \u00e7ok soruyu yan\u0131tl\u0131yor. Kitap, \u00f6\u011frenciler i\u00e7in oldu\u011fu kadar konuyu merak eden geni\u015f \u00e7evreler i\u00e7in de bir ba\u015fvuru kayna\u011f\u0131 niteli\u011fi ta\u015f\u0131yor. <\/p>\n","protected":false},"excerpt":{"rendered":"<p>Kurumsal yap\u0131, i\u015fleyi\u015fi ve merak edilenler&#8230; Merkez bankas\u0131 gizemli bir kurumdur. Para basma i\u015flevi d\u0131\u015f\u0131ndaki g\u00f6revlerini bilen insan say\u0131s\u0131 s\u0131n\u0131rl\u0131d\u0131r. Konu, para politikas\u0131na gelince bu say\u0131<span class=\"excerpt-hellip\"> [\u2026]<\/span><\/p>\n","protected":false},"featured_media":0,"template":"","meta":{"_monsterinsights_skip_tracking":false,"_monsterinsights_sitenote_active":false,"_monsterinsights_sitenote_note":"","_monsterinsights_sitenote_category":0},"product_brand":[],"product_cat":[13043],"product_tag":[],"class_list":{"0":"post-772522","1":"product","2":"type-product","3":"status-publish","5":"product_cat-ekonomi","6":"pa_cilt-ciltsiz","7":"pa_tur-kitap","8":"pa_yayinevi-remzi-kitabevi","9":"pa_yazar-mahfi-egilmez","11":"first","12":"instock","13":"sale","14":"shipping-taxable","15":"purchasable","16":"product-type-simple"},"_links":{"self":[{"href":"https:\/\/roveyayinevi.com.tr\/index.php\/wp-json\/wp\/v2\/product\/772522","targetHints":{"allow":["GET"]}}],"collection":[{"href":"https:\/\/roveyayinevi.com.tr\/index.php\/wp-json\/wp\/v2\/product"}],"about":[{"href":"https:\/\/roveyayinevi.com.tr\/index.php\/wp-json\/wp\/v2\/types\/product"}],"wp:attachment":[{"href":"https:\/\/roveyayinevi.com.tr\/index.php\/wp-json\/wp\/v2\/media?parent=772522"}],"wp:term":[{"taxonomy":"product_brand","embeddable":true,"href":"https:\/\/roveyayinevi.com.tr\/index.php\/wp-json\/wp\/v2\/product_brand?post=772522"},{"taxonomy":"product_cat","embeddable":true,"href":"https:\/\/roveyayinevi.com.tr\/index.php\/wp-json\/wp\/v2\/product_cat?post=772522"},{"taxonomy":"product_tag","embeddable":true,"href":"https:\/\/roveyayinevi.com.tr\/index.php\/wp-json\/wp\/v2\/product_tag?post=772522"}],"curies":[{"name":"wp","href":"https:\/\/api.w.org\/{rel}","templated":true}]}}