{"id":772520,"date":"2025-08-28T15:42:50","date_gmt":"2025-08-28T12:42:50","guid":{"rendered":"https:\/\/roveyayinevi.com.tr\/index.php\/urun\/gur-sesli-adam\/"},"modified":"2026-04-15T03:38:49","modified_gmt":"2026-04-15T00:38:49","slug":"gur-sesli-adam","status":"publish","type":"product","link":"https:\/\/roveyayinevi.com.tr\/index.php\/urun\/gur-sesli-adam\/","title":{"rendered":"G\u00fcr Sesli Adam"},"content":{"rendered":"<p>Tahir B\u00fcy\u00fckk\u00f6r\u00fck\u00e7\u00fc, Konya\u2019n\u0131n din\u00e7 sesiydi. Konya\u2019n\u0131n ruhuydu. G\u00f6lgesi \u015fehrin \u00fczerindeydi. \u015eehrin kalbine sinmi\u015fti varl\u0131\u011f\u0131. Onun m\u00fctebessim \u00e7ehresi \u015fehrin insan\u0131n\u0131n y\u00fcz\u00fcne yans\u0131yordu. \u015eehrin g\u00fcvencesiydi. Bir umut, bir dua, bir ferahl\u0131k, bir kap\u0131, bir ayd\u0131nl\u0131k\u2026 Evimiz onun sesiyle dolup ta\u015fard\u0131. Babam\u0131n kulaklar\u0131, g\u00f6zleri onda. Onun nasihatleri ruhuma sinmi\u015f, onun sesiyle b\u00fcy\u00fcm\u00fc\u015f\u00fcm ben de. Yazmay\u0131 denedim; onun ruhundan ta\u015fan damlalar kalbinize s\u00fcz\u00fcls\u00fcn diye\u2026 Yazmay\u0131 denedim; bir Allah dostu, dostunuz olsun, sizin de bir g\u00f6lgeli\u011finiz olsun diye\u2026   <\/p>\n","protected":false},"excerpt":{"rendered":"<p>Tahir B\u00fcy\u00fckk\u00f6r\u00fck\u00e7\u00fc, Konya\u2019n\u0131n din\u00e7 sesiydi. Konya\u2019n\u0131n ruhuydu. G\u00f6lgesi \u015fehrin \u00fczerindeydi. \u015eehrin kalbine sinmi\u015fti varl\u0131\u011f\u0131. Onun m\u00fctebessim \u00e7ehresi \u015fehrin insan\u0131n\u0131n y\u00fcz\u00fcne yans\u0131yordu. \u015eehrin g\u00fcvencesiydi. Bir umut, bir<span class=\"excerpt-hellip\"> [\u2026]<\/span><\/p>\n","protected":false},"featured_media":0,"template":"","meta":{"_monsterinsights_skip_tracking":false,"_monsterinsights_sitenote_active":false,"_monsterinsights_sitenote_note":"","_monsterinsights_sitenote_category":0},"product_brand":[],"product_cat":[12274,12284],"product_tag":[],"class_list":{"0":"post-772520","1":"product","2":"type-product","3":"status-publish","5":"product_cat-cocuk-ve-genclik-kitaplari","6":"product_cat-hikayeler","7":"pa_cilt-ciltsiz","8":"pa_tur-kitap","9":"pa_yayinevi-tulu-kitap","10":"pa_yazar-fadimana-yetis-mese","12":"first","13":"instock","14":"sale","15":"shipping-taxable","16":"purchasable","17":"product-type-simple"},"_links":{"self":[{"href":"https:\/\/roveyayinevi.com.tr\/index.php\/wp-json\/wp\/v2\/product\/772520","targetHints":{"allow":["GET"]}}],"collection":[{"href":"https:\/\/roveyayinevi.com.tr\/index.php\/wp-json\/wp\/v2\/product"}],"about":[{"href":"https:\/\/roveyayinevi.com.tr\/index.php\/wp-json\/wp\/v2\/types\/product"}],"wp:attachment":[{"href":"https:\/\/roveyayinevi.com.tr\/index.php\/wp-json\/wp\/v2\/media?parent=772520"}],"wp:term":[{"taxonomy":"product_brand","embeddable":true,"href":"https:\/\/roveyayinevi.com.tr\/index.php\/wp-json\/wp\/v2\/product_brand?post=772520"},{"taxonomy":"product_cat","embeddable":true,"href":"https:\/\/roveyayinevi.com.tr\/index.php\/wp-json\/wp\/v2\/product_cat?post=772520"},{"taxonomy":"product_tag","embeddable":true,"href":"https:\/\/roveyayinevi.com.tr\/index.php\/wp-json\/wp\/v2\/product_tag?post=772520"}],"curies":[{"name":"wp","href":"https:\/\/api.w.org\/{rel}","templated":true}]}}