{"id":772519,"date":"2025-08-28T15:42:48","date_gmt":"2025-08-28T12:42:48","guid":{"rendered":"https:\/\/roveyayinevi.com.tr\/index.php\/urun\/baytuk-ve-gizemli-mektup\/"},"modified":"2026-04-15T03:38:49","modified_gmt":"2026-04-15T00:38:49","slug":"baytuk-ve-gizemli-mektup","status":"publish","type":"product","link":"https:\/\/roveyayinevi.com.tr\/index.php\/urun\/baytuk-ve-gizemli-mektup\/","title":{"rendered":"Baytuk ve Gizemli Mektup"},"content":{"rendered":"<p>\u00c7antaya d\u00fc\u015fen mektup, gece yar\u0131s\u0131 g\u0131daklayan bir bayku\u015f\u2026Daha neler! Bayku\u015f g\u0131daklar m\u0131? Ba\u015f\u0131 tam tur d\u00f6ner de kuyru\u011fu titrer mi?Bir gece yar\u0131s\u0131 neydi Baytuk ve \u00fc\u00e7 \u00e7ocu\u011fu bir araya getiren? Bo\u011fazlar\u0131n\u0131 d\u00fc\u011f\u00fcmleyen olaylar m\u0131, konu\u015fmakta zorland\u0131klar\u0131 konular m\u0131? S\u0131r Baytuk\u2019ta, cevap \u00e7ocuklar\u0131n ceplerinde gizliydi. Gizlenen cevaplar\u0131 bulmak i\u00e7in Baytuk\u2019un ard\u0131ndan u\u00e7tu \u00fc\u00e7 \u00e7ocuk\u2026 En g\u00fczel r\u00fcyalar\u0131n, en korkun\u00e7 durumlar\u0131n, \u00f6zlemle beklenen an\u0131lar\u0131n i\u00e7ine dal\u0131p \u00e7\u0131kt\u0131lar. Sabah uyand\u0131klar\u0131nda onlar\u0131 kar\u015f\u0131layacak gizemli mektuptan habersiz, G\u00dcPPP diye d\u00fc\u015ft\u00fcler yataklar\u0131na. Peki neydi bu gizemli mektup? <\/p>\n","protected":false},"excerpt":{"rendered":"<p>\u00c7antaya d\u00fc\u015fen mektup, gece yar\u0131s\u0131 g\u0131daklayan bir bayku\u015f\u2026Daha neler! Bayku\u015f g\u0131daklar m\u0131? Ba\u015f\u0131 tam tur d\u00f6ner de kuyru\u011fu titrer mi?Bir gece yar\u0131s\u0131 neydi Baytuk ve \u00fc\u00e7<span class=\"excerpt-hellip\"> [\u2026]<\/span><\/p>\n","protected":false},"featured_media":0,"template":"","meta":{"_monsterinsights_skip_tracking":false,"_monsterinsights_sitenote_active":false,"_monsterinsights_sitenote_note":"","_monsterinsights_sitenote_category":0},"product_brand":[],"product_cat":[12274,12284],"product_tag":[],"class_list":{"0":"post-772519","1":"product","2":"type-product","3":"status-publish","5":"product_cat-cocuk-ve-genclik-kitaplari","6":"product_cat-hikayeler","7":"pa_cilt-ciltsiz","8":"pa_tur-kitap","9":"pa_yayinevi-tulu-kitap","10":"pa_yazar-havva-muslime-aktas","12":"first","13":"instock","14":"sale","15":"shipping-taxable","16":"purchasable","17":"product-type-simple"},"_links":{"self":[{"href":"https:\/\/roveyayinevi.com.tr\/index.php\/wp-json\/wp\/v2\/product\/772519","targetHints":{"allow":["GET"]}}],"collection":[{"href":"https:\/\/roveyayinevi.com.tr\/index.php\/wp-json\/wp\/v2\/product"}],"about":[{"href":"https:\/\/roveyayinevi.com.tr\/index.php\/wp-json\/wp\/v2\/types\/product"}],"wp:attachment":[{"href":"https:\/\/roveyayinevi.com.tr\/index.php\/wp-json\/wp\/v2\/media?parent=772519"}],"wp:term":[{"taxonomy":"product_brand","embeddable":true,"href":"https:\/\/roveyayinevi.com.tr\/index.php\/wp-json\/wp\/v2\/product_brand?post=772519"},{"taxonomy":"product_cat","embeddable":true,"href":"https:\/\/roveyayinevi.com.tr\/index.php\/wp-json\/wp\/v2\/product_cat?post=772519"},{"taxonomy":"product_tag","embeddable":true,"href":"https:\/\/roveyayinevi.com.tr\/index.php\/wp-json\/wp\/v2\/product_tag?post=772519"}],"curies":[{"name":"wp","href":"https:\/\/api.w.org\/{rel}","templated":true}]}}