{"id":772518,"date":"2025-08-28T15:42:46","date_gmt":"2025-08-28T12:42:46","guid":{"rendered":"https:\/\/roveyayinevi.com.tr\/index.php\/urun\/alti-dugmeli-turuncu-hirka\/"},"modified":"2026-04-15T03:38:49","modified_gmt":"2026-04-15T00:38:49","slug":"alti-dugmeli-turuncu-hirka","status":"publish","type":"product","link":"https:\/\/roveyayinevi.com.tr\/index.php\/urun\/alti-dugmeli-turuncu-hirka\/","title":{"rendered":"Alt\u0131 D\u00fc\u011fmeli Turuncu H\u0131rka"},"content":{"rendered":"<p>Her yolculuk bir aray\u0131\u015ft\u0131r. Kimimiz uzak diyarlarda huzuru, kimimiz ise i\u00e7imizdeki cevherleri bulmay\u0131 isteriz. Ama ya arad\u0131\u011f\u0131m\u0131z iyilikse ve onu bulmak i\u00e7in bamba\u015fka bir d\u00fcnyan\u0131n kap\u0131s\u0131n\u0131 aralamam\u0131z gerekiyorsa? Ya\u011fmurun alt\u0131nda kaybolmu\u015f bir Haritac\u0131\u2026 Elinde eski bir harita ve bilinmeyen bir yolculuk. Kader, ona konu\u015fan bir ke\u00e7iyi yolda\u015f k\u0131l\u0131yor. Haritac\u0131, da\u011flar\u0131n, ormanlar\u0131n ve vadilerin \u00f6tesinde, k\u00f6y k\u00f6y dola\u015f\u0131p \u201ciyi insanlar\u0131\u201d bulmaya \u00e7al\u0131\u015f\u0131yor. Haritac\u0131n\u0131n, iyili\u011fin izini s\u00fcrerken kendi ruhunun haritas\u0131n\u0131 ke\u015ffetmesini izlerken, siz de kendi yolculu\u011funuzda ne arad\u0131\u011f\u0131n\u0131z\u0131 sorgulayacaks\u0131n\u0131z. <\/p>\n","protected":false},"excerpt":{"rendered":"<p>Her yolculuk bir aray\u0131\u015ft\u0131r. Kimimiz uzak diyarlarda huzuru, kimimiz ise i\u00e7imizdeki cevherleri bulmay\u0131 isteriz. Ama ya arad\u0131\u011f\u0131m\u0131z iyilikse ve onu bulmak i\u00e7in bamba\u015fka bir d\u00fcnyan\u0131n kap\u0131s\u0131n\u0131<span class=\"excerpt-hellip\"> [\u2026]<\/span><\/p>\n","protected":false},"featured_media":0,"template":"","meta":{"_monsterinsights_skip_tracking":false,"_monsterinsights_sitenote_active":false,"_monsterinsights_sitenote_note":"","_monsterinsights_sitenote_category":0},"product_brand":[],"product_cat":[12274,12284],"product_tag":[],"class_list":{"0":"post-772518","1":"product","2":"type-product","3":"status-publish","5":"product_cat-cocuk-ve-genclik-kitaplari","6":"product_cat-hikayeler","7":"pa_cilt-ciltsiz","8":"pa_tur-kitap","9":"pa_yayinevi-tulu-kitap","10":"pa_yazar-fatma-cagdas-borekci","12":"first","13":"instock","14":"sale","15":"shipping-taxable","16":"purchasable","17":"product-type-simple"},"_links":{"self":[{"href":"https:\/\/roveyayinevi.com.tr\/index.php\/wp-json\/wp\/v2\/product\/772518","targetHints":{"allow":["GET"]}}],"collection":[{"href":"https:\/\/roveyayinevi.com.tr\/index.php\/wp-json\/wp\/v2\/product"}],"about":[{"href":"https:\/\/roveyayinevi.com.tr\/index.php\/wp-json\/wp\/v2\/types\/product"}],"wp:attachment":[{"href":"https:\/\/roveyayinevi.com.tr\/index.php\/wp-json\/wp\/v2\/media?parent=772518"}],"wp:term":[{"taxonomy":"product_brand","embeddable":true,"href":"https:\/\/roveyayinevi.com.tr\/index.php\/wp-json\/wp\/v2\/product_brand?post=772518"},{"taxonomy":"product_cat","embeddable":true,"href":"https:\/\/roveyayinevi.com.tr\/index.php\/wp-json\/wp\/v2\/product_cat?post=772518"},{"taxonomy":"product_tag","embeddable":true,"href":"https:\/\/roveyayinevi.com.tr\/index.php\/wp-json\/wp\/v2\/product_tag?post=772518"}],"curies":[{"name":"wp","href":"https:\/\/api.w.org\/{rel}","templated":true}]}}