{"id":772517,"date":"2025-08-28T15:42:43","date_gmt":"2025-08-28T12:42:43","guid":{"rendered":"https:\/\/roveyayinevi.com.tr\/index.php\/urun\/bir-noel-hikayesi\/"},"modified":"2025-08-31T21:40:39","modified_gmt":"2025-08-31T18:40:39","slug":"bir-noel-hikayesi","status":"publish","type":"product","link":"https:\/\/roveyayinevi.com.tr\/index.php\/urun\/bir-noel-hikayesi\/","title":{"rendered":"Bir Noel Hikayesi"},"content":{"rendered":"<p>Alejandro Zambra Bir Noel Hik\u00e2yesi\u2019nde bir yazarla edit\u00f6r\u00fcn\u00fcn y\u0131llara yay\u0131lan ili\u015fkisi \u00fczerinden yazma eylemine, ele\u015ftirinin g\u00fcc\u00fcne ve arkada\u015fl\u0131\u011f\u0131n k\u0131r\u0131lganl\u0131\u011f\u0131na dair yar\u0131 otobiyografik bir anlat\u0131 sunuyor.  Zambra\u2019n\u0131n edit\u00f6r\u00fc Andr\u00e9s Braithwaite\u2019nin notlar\u0131yla zenginle\u015fen anlat\u0131 yazar\u0131n yaln\u0131zl\u0131\u011f\u0131 yan\u0131nda, edit\u00f6r\u00fcn eme\u011fini g\u00f6r\u00fcn\u00fcr k\u0131larak kurguyla ger\u00e7e\u011fin s\u0131n\u0131rlar\u0131n\u0131 bulan\u0131kla\u015ft\u0131r\u0131yor.Zambra kendine \u00f6zg\u00fc, yo\u011fun, mizah dolu anlat\u0131m\u0131yla bu kez edebiyat ve yay\u0131nc\u0131l\u0131k d\u00fcnyas\u0131n\u0131n perde arkas\u0131na bak\u0131yor.  <\/p>\n","protected":false},"excerpt":{"rendered":"<p>Alejandro Zambra Bir Noel Hik\u00e2yesi\u2019nde bir yazarla edit\u00f6r\u00fcn\u00fcn y\u0131llara yay\u0131lan ili\u015fkisi \u00fczerinden yazma eylemine, ele\u015ftirinin g\u00fcc\u00fcne ve arkada\u015fl\u0131\u011f\u0131n k\u0131r\u0131lganl\u0131\u011f\u0131na dair yar\u0131 otobiyografik bir anlat\u0131 sunuyor. Zambra\u2019n\u0131n<span class=\"excerpt-hellip\"> [\u2026]<\/span><\/p>\n","protected":false},"featured_media":0,"template":"","meta":{"_monsterinsights_skip_tracking":false,"_monsterinsights_sitenote_active":false,"_monsterinsights_sitenote_note":"","_monsterinsights_sitenote_category":0},"product_brand":[],"product_cat":[12291,18202],"product_tag":[],"class_list":{"0":"post-772517","1":"product","2":"type-product","3":"status-publish","5":"product_cat-edebiyat","6":"product_cat-hikaye","7":"pa_cilt-ciltsiz","8":"pa_tur-kitap","9":"pa_yayinevi-notos-kitap","10":"pa_yazar-alejandro-zambra","12":"first","13":"instock","14":"sale","15":"shipping-taxable","16":"purchasable","17":"product-type-simple"},"_links":{"self":[{"href":"https:\/\/roveyayinevi.com.tr\/index.php\/wp-json\/wp\/v2\/product\/772517","targetHints":{"allow":["GET"]}}],"collection":[{"href":"https:\/\/roveyayinevi.com.tr\/index.php\/wp-json\/wp\/v2\/product"}],"about":[{"href":"https:\/\/roveyayinevi.com.tr\/index.php\/wp-json\/wp\/v2\/types\/product"}],"wp:attachment":[{"href":"https:\/\/roveyayinevi.com.tr\/index.php\/wp-json\/wp\/v2\/media?parent=772517"}],"wp:term":[{"taxonomy":"product_brand","embeddable":true,"href":"https:\/\/roveyayinevi.com.tr\/index.php\/wp-json\/wp\/v2\/product_brand?post=772517"},{"taxonomy":"product_cat","embeddable":true,"href":"https:\/\/roveyayinevi.com.tr\/index.php\/wp-json\/wp\/v2\/product_cat?post=772517"},{"taxonomy":"product_tag","embeddable":true,"href":"https:\/\/roveyayinevi.com.tr\/index.php\/wp-json\/wp\/v2\/product_tag?post=772517"}],"curies":[{"name":"wp","href":"https:\/\/api.w.org\/{rel}","templated":true}]}}