{"id":772510,"date":"2025-08-28T15:42:30","date_gmt":"2025-08-28T12:42:30","guid":{"rendered":"https:\/\/roveyayinevi.com.tr\/index.php\/urun\/casuslar-yalanlar-ve-algoritmalar\/"},"modified":"2026-04-15T03:38:49","modified_gmt":"2026-04-15T00:38:49","slug":"casuslar-yalanlar-ve-algoritmalar","status":"publish","type":"product","link":"https:\/\/roveyayinevi.com.tr\/index.php\/urun\/casuslar-yalanlar-ve-algoritmalar\/","title":{"rendered":"Casuslar Yalanlar ve Algoritmalar"},"content":{"rendered":"<p>Casusluk art\u0131k yaln\u0131zca g\u00f6lgelerde y\u00fcr\u00fct\u00fclen bir sanat de\u011fil herkesin g\u00f6zleri \u00f6n\u00fcnde, dijital d\u00fcnyan\u0131n derinliklerinde yeniden \u015fekilleniyor. Hollywood\u2019un abart\u0131l\u0131 hik\u00e2yeleri, komplo teorileri ve yanl\u0131\u015f bilgiler i\u00e7inde bo\u011fulurken, ger\u00e7ek istihbarat\u0131n nas\u0131l \u00e7al\u0131\u015ft\u0131\u011f\u0131na kadar biliyoruz? Amy Zegart, istihbarat d\u00fcnyas\u0131na dair onlarca y\u0131ll\u0131k ara\u015ft\u0131rmas\u0131n\u0131 ve istihbarat yetkilileriyle yapt\u0131\u011f\u0131 r\u00f6portajlar\u0131 bir araya getirerek Amerikan casuslu\u011funun ge\u00e7mi\u015fini, bug\u00fcn\u00fcn\u00fc ve gelece\u011fini anlat\u0131yor. George Washington\u2019\u0131n Ba\u011f\u0131ms\u0131zl\u0131k Sava\u015f\u0131\u2019ndaki gizli ajanlar\u0131ndan g\u00fcn\u00fcm\u00fcz\u00fcn yapay zek\u00e2 destekli analizlerine kadar istihbarat\u0131n evrimini inceliyor, casuslar\u0131n nas\u0131l \u00e7al\u0131\u015ft\u0131\u011f\u0131n\u0131, yanl\u0131\u015f istihbarat\u0131n nas\u0131l \u00f6l\u00fcmc\u00fcl sonu\u00e7lar do\u011furabilece\u011fini ve teknolojinin istihbarata sundu\u011fu yeni f\u0131rsatlar\u0131 ke\u015ffediyor. Ger\u00e7ek casuslar ne kadar ba\u015far\u0131l\u0131? Hangi bili\u015fsel \u00f6n yarg\u0131lar kritik hatalara yol a\u00e7\u0131yor? Siber sava\u015f \u00e7a\u011f\u0131nda istihbarat nas\u0131l bir d\u00f6n\u00fc\u015f\u00fcm ge\u00e7iriyor? Casuslar, Yalanlar ve Algoritmalar, dijital \u00e7a\u011f\u0131n perde arkas\u0131nda neler olup bitti\u011fini anlamak isteyen herkes i\u00e7in s\u00fcr\u00fckleyici ve ayd\u0131nlat\u0131c\u0131 bir kitap. <\/p>\n","protected":false},"excerpt":{"rendered":"<p>Casusluk art\u0131k yaln\u0131zca g\u00f6lgelerde y\u00fcr\u00fct\u00fclen bir sanat de\u011fil herkesin g\u00f6zleri \u00f6n\u00fcnde, dijital d\u00fcnyan\u0131n derinliklerinde yeniden \u015fekilleniyor. Hollywood\u2019un abart\u0131l\u0131 hik\u00e2yeleri, komplo teorileri ve yanl\u0131\u015f bilgiler i\u00e7inde bo\u011fulurken,<span class=\"excerpt-hellip\"> [\u2026]<\/span><\/p>\n","protected":false},"featured_media":0,"template":"","meta":{"_monsterinsights_skip_tracking":false,"_monsterinsights_sitenote_active":false,"_monsterinsights_sitenote_note":"","_monsterinsights_sitenote_category":0},"product_brand":[],"product_cat":[13590,12337],"product_tag":[],"class_list":{"0":"post-772510","1":"product","2":"type-product","3":"status-publish","5":"product_cat-arastirma-inceleme-politika-siyaset","6":"product_cat-politika-siyaset","7":"pa_cilt-ciltsiz","8":"pa_tur-kitap","9":"pa_yayinevi-yeditepe-yayinevi","10":"pa_yazar-amy-b-zegart","12":"first","13":"instock","14":"sale","15":"shipping-taxable","16":"purchasable","17":"product-type-simple"},"_links":{"self":[{"href":"https:\/\/roveyayinevi.com.tr\/index.php\/wp-json\/wp\/v2\/product\/772510","targetHints":{"allow":["GET"]}}],"collection":[{"href":"https:\/\/roveyayinevi.com.tr\/index.php\/wp-json\/wp\/v2\/product"}],"about":[{"href":"https:\/\/roveyayinevi.com.tr\/index.php\/wp-json\/wp\/v2\/types\/product"}],"wp:attachment":[{"href":"https:\/\/roveyayinevi.com.tr\/index.php\/wp-json\/wp\/v2\/media?parent=772510"}],"wp:term":[{"taxonomy":"product_brand","embeddable":true,"href":"https:\/\/roveyayinevi.com.tr\/index.php\/wp-json\/wp\/v2\/product_brand?post=772510"},{"taxonomy":"product_cat","embeddable":true,"href":"https:\/\/roveyayinevi.com.tr\/index.php\/wp-json\/wp\/v2\/product_cat?post=772510"},{"taxonomy":"product_tag","embeddable":true,"href":"https:\/\/roveyayinevi.com.tr\/index.php\/wp-json\/wp\/v2\/product_tag?post=772510"}],"curies":[{"name":"wp","href":"https:\/\/api.w.org\/{rel}","templated":true}]}}