{"id":772500,"date":"2025-08-28T15:42:08","date_gmt":"2025-08-28T12:42:08","guid":{"rendered":"https:\/\/roveyayinevi.com.tr\/index.php\/urun\/margonun-paraya-ihtiyaci-var\/"},"modified":"2026-04-15T03:38:49","modified_gmt":"2026-04-15T00:38:49","slug":"margonun-paraya-ihtiyaci-var","status":"publish","type":"product","link":"https:\/\/roveyayinevi.com.tr\/index.php\/urun\/margonun-paraya-ihtiyaci-var\/","title":{"rendered":"Margo\u2019nun Paraya \u0130htiyac\u0131 Var"},"content":{"rendered":"<p>&#8220;Fazlas\u0131yla e\u011flenceli ve sevilesi bir roman.&#8221; \u2013NICK HORNBY   KIRKUS PRIZE 2024 F\u0130NAL\u0130ST\u0130 AMAZON &#8220;YILIN EN \u0130Y\u0130 20 K\u0130TABI&#8221; SE\u00c7K\u0130S\u0130   Bir Hooters garsonuyla bir Amerikan g\u00fcre\u015f\u00e7isinin k\u0131z\u0131 Margo Millet, \u00f6denmemi\u015f faturalarla ge\u00e7en \u00e7ocukluk y\u0131llar\u0131 sayesinde, kendi ayaklar\u0131 \u00fcst\u00fcnde durmaktan ba\u015fka \u00e7aresi olmad\u0131\u011f\u0131n\u0131 \u00f6\u011frenmi\u015fti. Ge\u00e7mi\u015finden s\u0131yr\u0131lmak i\u00e7in \u00fcniversitede edebiyat okumaya ba\u015flad\u0131\u011f\u0131nda, akl\u0131ndaki son \u015fey evli profes\u00f6r\u00fcne g\u00f6nl\u00fcn\u00fc kapt\u0131r\u0131p hamile kalmakt\u0131.   Margo yirmi ya\u015f\u0131nda, kuca\u011f\u0131nda bir bebekle i\u015fsiz ve be\u015f paras\u0131z kalm\u0131\u015ft\u0131. Y\u0131llard\u0131r g\u00f6rmedi\u011fi babas\u0131 Jinx kap\u0131da belirip bebe\u011fin bak\u0131m\u0131na destek s\u00f6z\u00fc verince Margo biraz nefes ald\u0131 ve bir plan yapt\u0131: Bir Onlyfans hesab\u0131 a\u00e7acak ve Jinx&#8217;in ge\u00e7mi\u015finden ald\u0131\u011f\u0131 ilhamla kar\u015f\u0131 koyulmaz bir karakter yaratacakt\u0131. Plan k\u0131sa s\u00fcrede ba\u015far\u0131ya, Margo ise \u00e7evrimi\u00e7i \u015f\u00f6hrete kavu\u015ftu. Bedeli ise gecikmeyecekti: Ayn\u0131 profes\u00f6r, bu kez do\u011fmas\u0131n\u0131 bile istemedi\u011fi \u00e7ocu\u011funun velayetini almak i\u00e7in Margo\u2019nun kar\u015f\u0131s\u0131ndayd\u0131.   Rufi Thorpe, \u00e7a\u011f\u0131m\u0131z\u0131n \u00e7eli\u015fkilerini, yorgunlu\u011funu, \u00f6fkesini ve kahkahalar\u0131n\u0131 yakalayan bir romanla kar\u015f\u0131m\u0131zda. Margo\u2019nun Paraya \u0130htiyac\u0131 Var, \u201chayatta kalmak\u201d ile \u201ckendini var etmek\u201d aras\u0131ndaki ince \u00e7izgide y\u00fcr\u00fcyen, kendisine pek de eli a\u00e7\u0131k davranmam\u0131\u015f bir d\u00fcnyadan makul miktarda para ve g\u00fc\u00e7 koparmaya \u00e7al\u0131\u015fan bir gen\u00e7 kad\u0131n\u0131n ba\u015frolde oldu\u011fu, komik, d\u00fcr\u00fcst, duru bir roman.   &#8220;C\u00fcretk\u00e2r, komik ve t\u00fcm\u00fcyle \u00f6ng\u00f6r\u00fclemez.&#8221; \u2013KEVIN WILSON   &#8220;Tam da \u015fu g\u00fcnlerde ihtiyac\u0131m\u0131z olan t\u00fcrden, i\u00e7 \u0131s\u0131tan bir roman&#8230;&#8221; \u2013WASHINGTON POST   &#8220;Yer yer keskin, yer yer komik; gen\u00e7 anneli\u011fe ve a\u015fka son derece i\u00e7ten bir bak\u0131\u015f sunuyor. Bir solukta okudum.&#8221; \u2013EMMA STRAUB <\/p>\n","protected":false},"excerpt":{"rendered":"<p>&#8220;Fazlas\u0131yla e\u011flenceli ve sevilesi bir roman.&#8221; \u2013NICK HORNBY KIRKUS PRIZE 2024 F\u0130NAL\u0130ST\u0130 AMAZON &#8220;YILIN EN \u0130Y\u0130 20 K\u0130TABI&#8221; SE\u00c7K\u0130S\u0130 Bir Hooters garsonuyla bir Amerikan g\u00fcre\u015f\u00e7isinin k\u0131z\u0131<span class=\"excerpt-hellip\"> [\u2026]<\/span><\/p>\n","protected":false},"featured_media":0,"template":"","meta":{"_monsterinsights_skip_tracking":false,"_monsterinsights_sitenote_active":false,"_monsterinsights_sitenote_note":"","_monsterinsights_sitenote_category":0},"product_brand":[],"product_cat":[12291,12711],"product_tag":[],"class_list":{"0":"post-772500","1":"product","2":"type-product","3":"status-publish","5":"product_cat-edebiyat","6":"product_cat-roman-oyku","7":"pa_cilt-ciltsiz","8":"pa_tur-kitap","9":"pa_yayinevi-domingo-yayinevi","10":"pa_yazar-rufi-thorpe","12":"first","13":"instock","14":"sale","15":"shipping-taxable","16":"purchasable","17":"product-type-simple"},"_links":{"self":[{"href":"https:\/\/roveyayinevi.com.tr\/index.php\/wp-json\/wp\/v2\/product\/772500","targetHints":{"allow":["GET"]}}],"collection":[{"href":"https:\/\/roveyayinevi.com.tr\/index.php\/wp-json\/wp\/v2\/product"}],"about":[{"href":"https:\/\/roveyayinevi.com.tr\/index.php\/wp-json\/wp\/v2\/types\/product"}],"wp:attachment":[{"href":"https:\/\/roveyayinevi.com.tr\/index.php\/wp-json\/wp\/v2\/media?parent=772500"}],"wp:term":[{"taxonomy":"product_brand","embeddable":true,"href":"https:\/\/roveyayinevi.com.tr\/index.php\/wp-json\/wp\/v2\/product_brand?post=772500"},{"taxonomy":"product_cat","embeddable":true,"href":"https:\/\/roveyayinevi.com.tr\/index.php\/wp-json\/wp\/v2\/product_cat?post=772500"},{"taxonomy":"product_tag","embeddable":true,"href":"https:\/\/roveyayinevi.com.tr\/index.php\/wp-json\/wp\/v2\/product_tag?post=772500"}],"curies":[{"name":"wp","href":"https:\/\/api.w.org\/{rel}","templated":true}]}}