{"id":772497,"date":"2025-08-28T15:42:02","date_gmt":"2025-08-28T12:42:02","guid":{"rendered":"https:\/\/roveyayinevi.com.tr\/index.php\/urun\/eglenceli-lunapark-dev-boyama-posteri\/"},"modified":"2026-04-15T03:38:49","modified_gmt":"2026-04-15T00:38:49","slug":"eglenceli-lunapark-dev-boyama-posteri","status":"publish","type":"product","link":"https:\/\/roveyayinevi.com.tr\/index.php\/urun\/eglenceli-lunapark-dev-boyama-posteri\/","title":{"rendered":"E\u011flenceli Lunapark Dev Boyama Posteri"},"content":{"rendered":"<p>Dev E\u011flenceli Lunapark Boyama Posteri, sanatsal yetenek, kendine g\u00fcven ve hayal g\u00fcc\u00fc olu\u015fturmakla ilgilidir. Poster, \u00e7ocuklar\u0131n diledikleri boya t\u00fcr\u00fcn\u00fc kullanabilmeleri i\u00e7in renkleri birbirine kar\u0131\u015ft\u0131rmayan, kalan, birinci s\u0131n\u0131f \u00e7izim ka\u011f\u0131d\u0131ndan yap\u0131lm\u0131\u015ft\u0131r. Ka\u011f\u0131d\u0131n dev boyutta olmas\u0131 \u00e7ocuklar\u0131n ellerini rahat\u00e7a hareket ettirmeleri i\u00e7in yeterli alan sa\u011flar. Posteri boyamak o kadar e\u011flencelidir ki \u00e7ocuklar boyama yapt\u0131klar\u0131n\u0131n bile fark\u0131na varmazlar. Onlara oyun gibi gelir! Ayr\u0131ca minik sanat\u00e7\u0131lara yard\u0131mc\u0131 olmas\u0131 i\u00e7in kitapta boyama ipu\u00e7lar\u0131 da yer al\u0131r.<\/p>\n","protected":false},"excerpt":{"rendered":"<p>Dev E\u011flenceli Lunapark Boyama Posteri, sanatsal yetenek, kendine g\u00fcven ve hayal g\u00fcc\u00fc olu\u015fturmakla ilgilidir. Poster, \u00e7ocuklar\u0131n diledikleri boya t\u00fcr\u00fcn\u00fc kullanabilmeleri i\u00e7in renkleri birbirine kar\u0131\u015ft\u0131rmayan, kalan, birinci<span class=\"excerpt-hellip\"> [\u2026]<\/span><\/p>\n","protected":false},"featured_media":0,"template":"","meta":{"_monsterinsights_skip_tracking":false,"_monsterinsights_sitenote_active":false,"_monsterinsights_sitenote_note":"","_monsterinsights_sitenote_category":0},"product_brand":[],"product_cat":[12644,12274],"product_tag":[],"class_list":{"0":"post-772497","1":"product","2":"type-product","3":"status-publish","5":"product_cat-boyama-kitaplari","6":"product_cat-cocuk-ve-genclik-kitaplari","7":"pa_cilt-ciltsiz","8":"pa_tur-kitap","9":"pa_yayinevi-0-6-yas-yayinlari","10":"pa_yazar-kolektif","12":"first","13":"instock","14":"sale","15":"shipping-taxable","16":"purchasable","17":"product-type-simple"},"_links":{"self":[{"href":"https:\/\/roveyayinevi.com.tr\/index.php\/wp-json\/wp\/v2\/product\/772497","targetHints":{"allow":["GET"]}}],"collection":[{"href":"https:\/\/roveyayinevi.com.tr\/index.php\/wp-json\/wp\/v2\/product"}],"about":[{"href":"https:\/\/roveyayinevi.com.tr\/index.php\/wp-json\/wp\/v2\/types\/product"}],"wp:attachment":[{"href":"https:\/\/roveyayinevi.com.tr\/index.php\/wp-json\/wp\/v2\/media?parent=772497"}],"wp:term":[{"taxonomy":"product_brand","embeddable":true,"href":"https:\/\/roveyayinevi.com.tr\/index.php\/wp-json\/wp\/v2\/product_brand?post=772497"},{"taxonomy":"product_cat","embeddable":true,"href":"https:\/\/roveyayinevi.com.tr\/index.php\/wp-json\/wp\/v2\/product_cat?post=772497"},{"taxonomy":"product_tag","embeddable":true,"href":"https:\/\/roveyayinevi.com.tr\/index.php\/wp-json\/wp\/v2\/product_tag?post=772497"}],"curies":[{"name":"wp","href":"https:\/\/api.w.org\/{rel}","templated":true}]}}