{"id":772486,"date":"2025-08-28T15:41:37","date_gmt":"2025-08-28T12:41:37","guid":{"rendered":"https:\/\/roveyayinevi.com.tr\/index.php\/urun\/defne-ile-kerem-eglence-baslasin\/"},"modified":"2026-04-15T03:38:48","modified_gmt":"2026-04-15T00:38:48","slug":"defne-ile-kerem-eglence-baslasin","status":"publish","type":"product","link":"https:\/\/roveyayinevi.com.tr\/index.php\/urun\/defne-ile-kerem-eglence-baslasin\/","title":{"rendered":"Defne ile Kerem &#8211; E\u011flence Ba\u015flas\u0131n!"},"content":{"rendered":"<p>Defne k\u0131p\u0131r k\u0131p\u0131r, zeki, merakl\u0131, biraz konu\u015fkan biraz da inat\u00e7\u0131 bir k\u0131z. Abisi Kerem\u2019se bilgi\u00e7lik taslamaktan ho\u015flanan, ak\u0131ll\u0131, deney yapmay\u0131 seven bir \u00e7ocuk. Tahmin edece\u011finiz \u00fczere ikisi bir araya geldi\u011finde \u015famata ba\u015flay\u0131verir! Gamze G\u00fcller, sevgi dolu bu iki karde\u015fin y\u00fcrek \u0131s\u0131tan hik\u00e2yesini i\u00e7ten bir dille anlat\u0131yor. Defne ile Kerem\u2019in reng\u00e2renk d\u00fcnyas\u0131nda e\u011flenirken \u00f6\u011freneceksiniz hem de kendinizden bir par\u00e7a bulacaks\u0131n\u0131z. Serra Ataman\u2019\u0131n \u015firin mi \u015firin \u00e7izimleriyle bezenen \u00f6yk\u00fclerde Defne ile Kerem sizleri bekliyor!<\/p>\n","protected":false},"excerpt":{"rendered":"<p>Defne k\u0131p\u0131r k\u0131p\u0131r, zeki, merakl\u0131, biraz konu\u015fkan biraz da inat\u00e7\u0131 bir k\u0131z. Abisi Kerem\u2019se bilgi\u00e7lik taslamaktan ho\u015flanan, ak\u0131ll\u0131, deney yapmay\u0131 seven bir \u00e7ocuk. Tahmin edece\u011finiz \u00fczere<span class=\"excerpt-hellip\"> [\u2026]<\/span><\/p>\n","protected":false},"featured_media":0,"template":"","meta":{"_monsterinsights_skip_tracking":false,"_monsterinsights_sitenote_active":false,"_monsterinsights_sitenote_note":"","_monsterinsights_sitenote_category":0},"product_brand":[],"product_cat":[12274,12284],"product_tag":[],"class_list":{"0":"post-772486","1":"product","2":"type-product","3":"status-publish","5":"product_cat-cocuk-ve-genclik-kitaplari","6":"product_cat-hikayeler","7":"pa_cilt-ciltsiz","8":"pa_tur-kitap","9":"pa_yayinevi-everest-yayinlari","10":"pa_yazar-gamze-guller","12":"first","13":"instock","14":"sale","15":"shipping-taxable","16":"purchasable","17":"product-type-simple"},"_links":{"self":[{"href":"https:\/\/roveyayinevi.com.tr\/index.php\/wp-json\/wp\/v2\/product\/772486","targetHints":{"allow":["GET"]}}],"collection":[{"href":"https:\/\/roveyayinevi.com.tr\/index.php\/wp-json\/wp\/v2\/product"}],"about":[{"href":"https:\/\/roveyayinevi.com.tr\/index.php\/wp-json\/wp\/v2\/types\/product"}],"wp:attachment":[{"href":"https:\/\/roveyayinevi.com.tr\/index.php\/wp-json\/wp\/v2\/media?parent=772486"}],"wp:term":[{"taxonomy":"product_brand","embeddable":true,"href":"https:\/\/roveyayinevi.com.tr\/index.php\/wp-json\/wp\/v2\/product_brand?post=772486"},{"taxonomy":"product_cat","embeddable":true,"href":"https:\/\/roveyayinevi.com.tr\/index.php\/wp-json\/wp\/v2\/product_cat?post=772486"},{"taxonomy":"product_tag","embeddable":true,"href":"https:\/\/roveyayinevi.com.tr\/index.php\/wp-json\/wp\/v2\/product_tag?post=772486"}],"curies":[{"name":"wp","href":"https:\/\/api.w.org\/{rel}","templated":true}]}}