{"id":772471,"date":"2025-08-28T15:41:05","date_gmt":"2025-08-28T12:41:05","guid":{"rendered":"https:\/\/roveyayinevi.com.tr\/index.php\/urun\/vedat-gunyolun-yasamoykusu\/"},"modified":"2026-04-15T03:38:48","modified_gmt":"2026-04-15T00:38:48","slug":"vedat-gunyolun-yasamoykusu","status":"publish","type":"product","link":"https:\/\/roveyayinevi.com.tr\/index.php\/urun\/vedat-gunyolun-yasamoykusu\/","title":{"rendered":"Vedat G\u00fcnyol\u2019un Ya\u015fam\u00f6yk\u00fcs\u00fc"},"content":{"rendered":"<p>Ayd\u0131n Ergil, Vedat G\u00fcnyol\u2019un kendi kaleminden ya\u015fam\u00f6yk\u00fcs\u00fcn\u00fc derleyerek, T\u00fcrk edebiyat\u0131na, Edebiyat\u0131n Cumhurba\u015fkan\u0131\u2019na ve sevenlerine kar\u015f\u0131 \u00e7ok \u00f6nemli bir g\u00f6revi yerine getirdi. Yeni nesil okurlar\u0131n, yirmi d\u00f6rt y\u0131l yaz\u0131n d\u00fcnyam\u0131z\u0131n k\u00f6\u015fe ta\u015flar\u0131ndan olan Yeni Ufuklar dergisinin ve \u00c7an Yay\u0131nlar\u0131\u2019n\u0131n yay\u0131nc\u0131s\u0131, deneme yazar\u0131 ve \u00f6\u011fretmen Vedat G\u00fcnyol\u2019u tan\u0131malar\u0131 i\u00e7in eksikli\u011fi g\u00f6r\u00fclen b\u00f6yle bir \u00e7al\u0131\u015fman\u0131n haz\u0131rlanmas\u0131 bekleniyordu. Vedat G\u00fcnyol\u2019u en yak\u0131ndan tan\u0131yan ve bilen \u00f6\u011frencilerden Ayd\u0131n Ergil, an\u0131 ve g\u00f6zlemlerini de yak\u0131n\u0131ndan tan\u0131yan ve bilen \u00f6\u011frencilerden Ayd\u0131n Ergil, an\u0131 ve g\u00f6zlemlerini de ekleyerek bu derlemeyi daha \u00f6zel k\u0131lm\u0131\u015ft\u0131r. \u00d6\u011frenci olman\u0131n, masas\u0131nda oturman\u0131n ayr\u0131cal\u0131\u011f\u0131n\u0131 \u00fcstlenenlerin de\u011ferini ya\u015fayanlar, Vedat G\u00fcnyol\u2019la olan an\u0131lar\u0131n\u0131 her yerde ve ortamda iftiharla payla\u015f\u0131r. Bu onuru ta\u015f\u0131yanlar\u0131n, 1965 y\u0131l\u0131ndan beri Vedat G\u00fcnyol\u2019la birlikte her y\u0131l 19 May\u0131s\u2019ta Burgazada\u2019da d\u00fczenlenen \u015f\u00f6lenlere kat\u0131lanlar\u0131n, say\u0131s\u0131z \u201cVedat\u201d ve \u201cG\u00fcnyol\u201d isimli gen\u00e7lerle birle\u015fti\u011finde geni\u015f bir dost toplulu\u011fu olu\u015fturmas\u0131 da T\u00fcrk edebiyat\u0131 i\u00e7in ger\u00e7ek\u00fcst\u00fc bir anlat\u0131d\u0131r. Vedat G\u00fcnyol\u2019un ya\u015fam\u00f6yk\u00fcs\u00fc Cumhuriyet ayd\u0131n\u0131n\u0131n tarihi bir \u00f6zetidir. Bu eser, Hasano\u011flan Y\u00fcksek K\u00f6y Enstit\u00fcs\u00fc \u00f6\u011frencileriyle \u00f6\u011fretmen olman\u0131n hazz\u0131na varan, Babeuf\u2019\u00fcn Devrim Yaz\u0131lar\u0131 kitab\u0131n\u0131 terc\u00fcme etmekten yarg\u0131lanmaya, 12 Mart sonras\u0131nda \u00f6rg\u00fct kurmaktan hapsedilmeye giden olaylar\u0131 bizzat ya\u015fayan Vedat G\u00fcnyol\u2019un a\u011fz\u0131ndan yaz\u0131ya d\u00f6k\u00fclm\u00fc\u015f anlat\u0131s\u0131d\u0131r. Nesim Ovadya \u0130zrail <\/p>\n","protected":false},"excerpt":{"rendered":"<p>Ayd\u0131n Ergil, Vedat G\u00fcnyol\u2019un kendi kaleminden ya\u015fam\u00f6yk\u00fcs\u00fcn\u00fc derleyerek, T\u00fcrk edebiyat\u0131na, Edebiyat\u0131n Cumhurba\u015fkan\u0131\u2019na ve sevenlerine kar\u015f\u0131 \u00e7ok \u00f6nemli bir g\u00f6revi yerine getirdi. Yeni nesil okurlar\u0131n, yirmi d\u00f6rt<span class=\"excerpt-hellip\"> [\u2026]<\/span><\/p>\n","protected":false},"featured_media":0,"template":"","meta":{"_monsterinsights_skip_tracking":false,"_monsterinsights_sitenote_active":false,"_monsterinsights_sitenote_note":"","_monsterinsights_sitenote_category":0},"product_brand":[],"product_cat":[14009,12291],"product_tag":[],"class_list":{"0":"post-772471","1":"product","2":"type-product","3":"status-publish","5":"product_cat-biyografi-otobiyografi-edebiyat","6":"product_cat-edebiyat","7":"pa_cilt-ciltsiz","8":"pa_tur-kitap","9":"pa_yayinevi-cumhuriyet-kitaplari","10":"pa_yazar-aydin-ergil","12":"first","13":"instock","14":"sale","15":"shipping-taxable","16":"purchasable","17":"product-type-simple"},"_links":{"self":[{"href":"https:\/\/roveyayinevi.com.tr\/index.php\/wp-json\/wp\/v2\/product\/772471","targetHints":{"allow":["GET"]}}],"collection":[{"href":"https:\/\/roveyayinevi.com.tr\/index.php\/wp-json\/wp\/v2\/product"}],"about":[{"href":"https:\/\/roveyayinevi.com.tr\/index.php\/wp-json\/wp\/v2\/types\/product"}],"wp:attachment":[{"href":"https:\/\/roveyayinevi.com.tr\/index.php\/wp-json\/wp\/v2\/media?parent=772471"}],"wp:term":[{"taxonomy":"product_brand","embeddable":true,"href":"https:\/\/roveyayinevi.com.tr\/index.php\/wp-json\/wp\/v2\/product_brand?post=772471"},{"taxonomy":"product_cat","embeddable":true,"href":"https:\/\/roveyayinevi.com.tr\/index.php\/wp-json\/wp\/v2\/product_cat?post=772471"},{"taxonomy":"product_tag","embeddable":true,"href":"https:\/\/roveyayinevi.com.tr\/index.php\/wp-json\/wp\/v2\/product_tag?post=772471"}],"curies":[{"name":"wp","href":"https:\/\/api.w.org\/{rel}","templated":true}]}}