{"id":772470,"date":"2025-08-28T15:41:03","date_gmt":"2025-08-28T12:41:03","guid":{"rendered":"https:\/\/roveyayinevi.com.tr\/index.php\/urun\/cizmeyi-ogreniyorum-sari-kitap\/"},"modified":"2026-04-15T03:38:48","modified_gmt":"2026-04-15T00:38:48","slug":"cizmeyi-ogreniyorum-sari-kitap","status":"publish","type":"product","link":"https:\/\/roveyayinevi.com.tr\/index.php\/urun\/cizmeyi-ogreniyorum-sari-kitap\/","title":{"rendered":"\u00c7izmeyi \u00d6\u011freniyorum &#8211; Sar\u0131 Kitap"},"content":{"rendered":"<p>Hayvan \u00e7izmeye bay\u0131l\u0131yor musun?Bu yarat\u0131c\u0131 ve g\u00fczel kitaplarla \u00e7ocuklar\u0131n hayvanlar\u0131 \u00e7izmeleri inan\u0131lmaz kolay.Bu 4 ba\u015fl\u0131kl\u0131 yeni seri, hayvanlar\u0131 \u00fc\u00e7 basit ad\u0131mda \u00e7izmeye ba\u015flaman\u0131za yard\u0131mc\u0131 olacakt\u0131r.Bunlar\u0131 ad\u0131m ad\u0131m takip ederseniz,bunu yapmak \u00e7ok kolay.Ger\u00e7ek bir sanat\u00e7\u0131 olacaks\u0131n!\u0130yi e\u011flenceler!<\/p>\n","protected":false},"excerpt":{"rendered":"<p>Hayvan \u00e7izmeye bay\u0131l\u0131yor musun?Bu yarat\u0131c\u0131 ve g\u00fczel kitaplarla \u00e7ocuklar\u0131n hayvanlar\u0131 \u00e7izmeleri inan\u0131lmaz kolay.Bu 4 ba\u015fl\u0131kl\u0131 yeni seri, hayvanlar\u0131 \u00fc\u00e7 basit ad\u0131mda \u00e7izmeye ba\u015flaman\u0131za yard\u0131mc\u0131 olacakt\u0131r.Bunlar\u0131 ad\u0131m<span class=\"excerpt-hellip\"> [\u2026]<\/span><\/p>\n","protected":false},"featured_media":0,"template":"","meta":{"_monsterinsights_skip_tracking":false,"_monsterinsights_sitenote_active":false,"_monsterinsights_sitenote_note":"","_monsterinsights_sitenote_category":0},"product_brand":[],"product_cat":[12274,12518],"product_tag":[],"class_list":{"0":"post-772470","1":"product","2":"type-product","3":"status-publish","5":"product_cat-cocuk-ve-genclik-kitaplari","6":"product_cat-okul-oncesi-kitaplar","7":"pa_cilt-ciltsiz","8":"pa_tur-kitap","9":"pa_yayinevi-parilti-yayinlari","10":"pa_yazar-kolektif","12":"first","13":"instock","14":"sale","15":"shipping-taxable","16":"purchasable","17":"product-type-simple"},"_links":{"self":[{"href":"https:\/\/roveyayinevi.com.tr\/index.php\/wp-json\/wp\/v2\/product\/772470","targetHints":{"allow":["GET"]}}],"collection":[{"href":"https:\/\/roveyayinevi.com.tr\/index.php\/wp-json\/wp\/v2\/product"}],"about":[{"href":"https:\/\/roveyayinevi.com.tr\/index.php\/wp-json\/wp\/v2\/types\/product"}],"wp:attachment":[{"href":"https:\/\/roveyayinevi.com.tr\/index.php\/wp-json\/wp\/v2\/media?parent=772470"}],"wp:term":[{"taxonomy":"product_brand","embeddable":true,"href":"https:\/\/roveyayinevi.com.tr\/index.php\/wp-json\/wp\/v2\/product_brand?post=772470"},{"taxonomy":"product_cat","embeddable":true,"href":"https:\/\/roveyayinevi.com.tr\/index.php\/wp-json\/wp\/v2\/product_cat?post=772470"},{"taxonomy":"product_tag","embeddable":true,"href":"https:\/\/roveyayinevi.com.tr\/index.php\/wp-json\/wp\/v2\/product_tag?post=772470"}],"curies":[{"name":"wp","href":"https:\/\/api.w.org\/{rel}","templated":true}]}}