{"id":772452,"date":"2025-08-28T15:40:28","date_gmt":"2025-08-28T12:40:28","guid":{"rendered":"https:\/\/roveyayinevi.com.tr\/index.php\/urun\/sihirli-kelimeler-tesekkur-ederim\/"},"modified":"2026-04-15T03:38:48","modified_gmt":"2026-04-15T00:38:48","slug":"sihirli-kelimeler-tesekkur-ederim","status":"publish","type":"product","link":"https:\/\/roveyayinevi.com.tr\/index.php\/urun\/sihirli-kelimeler-tesekkur-ederim\/","title":{"rendered":"Sihirli Kelimeler &#8211; Te\u015fekk\u00fcr Ederim"},"content":{"rendered":"<p>Sayg\u0131l\u0131 davranan bir \u00e7ocu\u011fu t\u00fcm insanlar be\u011fenir ve takdir eder.Sihirli Kelimeler serisi, \u00e7ocuklar\u0131 sayg\u0131l\u0131 davranmaya ve sihirli s\u00f6zc\u00fcklerden dahafazlas\u0131n\u0131 \u00f6\u011frenmeye te\u015fvik etmeye y\u00f6nelik bir kitap serisidir.Bu serideki kitaplar, \u00e7ocuklar\u0131n kelimelerin ne kadar g\u00fc\u00e7l\u00fc oldu\u011funu ve onlar\u0131 ak\u0131ll\u0131cakullanman\u0131n g\u00f6rg\u00fc kurallar\u0131n\u0131n merkezinde oldu\u011funu \u00f6\u011frenmelerine yard\u0131mc\u0131olacakt\u0131r.Serideki kitaplar yap\u0131lmas\u0131 gereken eylemleri ve aktiviteleri, zengin g\u00f6rsel \u00e7izgilerles\u00fcslenmi\u015f ilgin\u00e7 hikayelerle anlat\u0131r.<\/p>\n","protected":false},"excerpt":{"rendered":"<p>Sayg\u0131l\u0131 davranan bir \u00e7ocu\u011fu t\u00fcm insanlar be\u011fenir ve takdir eder.Sihirli Kelimeler serisi, \u00e7ocuklar\u0131 sayg\u0131l\u0131 davranmaya ve sihirli s\u00f6zc\u00fcklerden dahafazlas\u0131n\u0131 \u00f6\u011frenmeye te\u015fvik etmeye y\u00f6nelik bir kitap serisidir.Bu<span class=\"excerpt-hellip\"> [\u2026]<\/span><\/p>\n","protected":false},"featured_media":0,"template":"","meta":{"_monsterinsights_skip_tracking":false,"_monsterinsights_sitenote_active":false,"_monsterinsights_sitenote_note":"","_monsterinsights_sitenote_category":0},"product_brand":[],"product_cat":[12274,15842],"product_tag":[],"class_list":{"0":"post-772452","1":"product","2":"type-product","3":"status-publish","5":"product_cat-cocuk-ve-genclik-kitaplari","6":"product_cat-egitici-kitaplar","7":"pa_cilt-ciltsiz","8":"pa_tur-kitap","9":"pa_yayinevi-0-6-yas-yayinlari","10":"pa_yazar-kolektif","12":"first","13":"instock","14":"sale","15":"shipping-taxable","16":"purchasable","17":"product-type-simple"},"_links":{"self":[{"href":"https:\/\/roveyayinevi.com.tr\/index.php\/wp-json\/wp\/v2\/product\/772452","targetHints":{"allow":["GET"]}}],"collection":[{"href":"https:\/\/roveyayinevi.com.tr\/index.php\/wp-json\/wp\/v2\/product"}],"about":[{"href":"https:\/\/roveyayinevi.com.tr\/index.php\/wp-json\/wp\/v2\/types\/product"}],"wp:attachment":[{"href":"https:\/\/roveyayinevi.com.tr\/index.php\/wp-json\/wp\/v2\/media?parent=772452"}],"wp:term":[{"taxonomy":"product_brand","embeddable":true,"href":"https:\/\/roveyayinevi.com.tr\/index.php\/wp-json\/wp\/v2\/product_brand?post=772452"},{"taxonomy":"product_cat","embeddable":true,"href":"https:\/\/roveyayinevi.com.tr\/index.php\/wp-json\/wp\/v2\/product_cat?post=772452"},{"taxonomy":"product_tag","embeddable":true,"href":"https:\/\/roveyayinevi.com.tr\/index.php\/wp-json\/wp\/v2\/product_tag?post=772452"}],"curies":[{"name":"wp","href":"https:\/\/api.w.org\/{rel}","templated":true}]}}