{"id":772440,"date":"2025-08-28T15:40:01","date_gmt":"2025-08-28T12:40:01","guid":{"rendered":"https:\/\/roveyayinevi.com.tr\/index.php\/urun\/domino-100-parca\/"},"modified":"2026-04-15T03:38:47","modified_gmt":"2026-04-15T00:38:47","slug":"domino-100-parca","status":"publish","type":"product","link":"https:\/\/roveyayinevi.com.tr\/index.php\/urun\/domino-100-parca\/","title":{"rendered":"Domino (100 Par\u00e7a)"},"content":{"rendered":"<p>Domino ta\u015flar\u0131 oyunlar\u0131 \u00e7ocuk geli\u015fimini destekler. Hayal g\u00fcc\u00fc, konsantrasyon,problem \u00e7\u00f6zme, renkleri \u00f6\u011frenme ve ba\u011flant\u0131sal d\u00fc\u015f\u00fcnme becerilerini art\u0131r\u0131r.Oyuncaklar\u0131m\u0131z\u0131n tamam\u0131 %100 do\u011fal ah\u015faptan \u00fcretilmi\u015f olup sa\u011fl\u0131\u011fa zarars\u0131zorganik su bazl\u0131 boyalar kullan\u0131lm\u0131\u015ft\u0131r.<\/p>\n","protected":false},"excerpt":{"rendered":"<p>Domino ta\u015flar\u0131 oyunlar\u0131 \u00e7ocuk geli\u015fimini destekler. Hayal g\u00fcc\u00fc, konsantrasyon,problem \u00e7\u00f6zme, renkleri \u00f6\u011frenme ve ba\u011flant\u0131sal d\u00fc\u015f\u00fcnme becerilerini art\u0131r\u0131r.Oyuncaklar\u0131m\u0131z\u0131n tamam\u0131 %100 do\u011fal ah\u015faptan \u00fcretilmi\u015f olup sa\u011fl\u0131\u011fa zarars\u0131zorganik su<span class=\"excerpt-hellip\"> [\u2026]<\/span><\/p>\n","protected":false},"featured_media":0,"template":"","meta":{"_monsterinsights_skip_tracking":false,"_monsterinsights_sitenote_active":false,"_monsterinsights_sitenote_note":"","_monsterinsights_sitenote_category":0},"product_brand":[],"product_cat":[28265,15563],"product_tag":[],"class_list":{"0":"post-772440","1":"product","2":"type-product","3":"status-publish","5":"product_cat-diger-hobi","6":"product_cat-hobi","7":"pa_cilt-ciltsiz","8":"pa_tur-kitap20","9":"pa_yayinevi-aklimda-zeka-oyunlari","10":"pa_yazar-kolektif","12":"first","13":"instock","14":"sale","15":"shipping-taxable","16":"purchasable","17":"product-type-simple"},"_links":{"self":[{"href":"https:\/\/roveyayinevi.com.tr\/index.php\/wp-json\/wp\/v2\/product\/772440","targetHints":{"allow":["GET"]}}],"collection":[{"href":"https:\/\/roveyayinevi.com.tr\/index.php\/wp-json\/wp\/v2\/product"}],"about":[{"href":"https:\/\/roveyayinevi.com.tr\/index.php\/wp-json\/wp\/v2\/types\/product"}],"wp:attachment":[{"href":"https:\/\/roveyayinevi.com.tr\/index.php\/wp-json\/wp\/v2\/media?parent=772440"}],"wp:term":[{"taxonomy":"product_brand","embeddable":true,"href":"https:\/\/roveyayinevi.com.tr\/index.php\/wp-json\/wp\/v2\/product_brand?post=772440"},{"taxonomy":"product_cat","embeddable":true,"href":"https:\/\/roveyayinevi.com.tr\/index.php\/wp-json\/wp\/v2\/product_cat?post=772440"},{"taxonomy":"product_tag","embeddable":true,"href":"https:\/\/roveyayinevi.com.tr\/index.php\/wp-json\/wp\/v2\/product_tag?post=772440"}],"curies":[{"name":"wp","href":"https:\/\/api.w.org\/{rel}","templated":true}]}}