{"id":772438,"date":"2025-08-28T15:39:58","date_gmt":"2025-08-28T12:39:58","guid":{"rendered":"https:\/\/roveyayinevi.com.tr\/index.php\/urun\/60-parca-puzzle-ejderha\/"},"modified":"2026-04-15T03:38:47","modified_gmt":"2026-04-15T00:38:47","slug":"60-parca-puzzle-ejderha","status":"publish","type":"product","link":"https:\/\/roveyayinevi.com.tr\/index.php\/urun\/60-parca-puzzle-ejderha\/","title":{"rendered":"60 Par\u00e7a Puzzle \u2013 Ejderha"},"content":{"rendered":"<p>* Puzzle oyunlar\u0131; \u00e7ocuklar\u0131 mant\u0131k ve problem \u00e7\u00f6zme becerilerini kullanmaya y\u00f6nlendirdi\u011fi i\u00e7in haf\u0131za ve g\u00f6rsel zek\u00e2 geli\u015fimine katk\u0131 sa\u011flar. * Par\u00e7a-b\u00fct\u00fcn ili\u015fkisi kurmalar\u0131na yard\u0131mc\u0131 olur. * \u0130nce motor becerilerinin ve el-g\u00f6z koordinasyonunun geli\u015fimini destekler. * Par\u00e7alar\u0131n yerleri ve \u00fczerindeki resimler hakk\u0131nda yorumlar yapmas\u0131n\u0131 ve bu sayede dilinin geli\u015fmesini sa\u011flar. * Kal\u0131n mukavvadan 60 par\u00e7a olarak haz\u0131rlanm\u0131\u015ft\u0131r ve 4 ya\u015f ve \u00fczeri \u00e7ocuklar i\u00e7in idealdir. \u0130yi e\u011flenceler\u2026<\/p>\n","protected":false},"excerpt":{"rendered":"<p>* Puzzle oyunlar\u0131; \u00e7ocuklar\u0131 mant\u0131k ve problem \u00e7\u00f6zme becerilerini kullanmaya y\u00f6nlendirdi\u011fi i\u00e7in haf\u0131za ve g\u00f6rsel zek\u00e2 geli\u015fimine katk\u0131 sa\u011flar. * Par\u00e7a-b\u00fct\u00fcn ili\u015fkisi kurmalar\u0131na yard\u0131mc\u0131 olur. *<span class=\"excerpt-hellip\"> [\u2026]<\/span><\/p>\n","protected":false},"featured_media":0,"template":"","meta":{"_monsterinsights_skip_tracking":false,"_monsterinsights_sitenote_active":false,"_monsterinsights_sitenote_note":"","_monsterinsights_sitenote_category":0},"product_brand":[],"product_cat":[28265,15563],"product_tag":[],"class_list":{"0":"post-772438","1":"product","2":"type-product","3":"status-publish","5":"product_cat-diger-hobi","6":"product_cat-hobi","7":"pa_cilt-ciltsiz","8":"pa_tur-kitap20","9":"pa_yayinevi-aklimda-zeka-oyunlari","10":"pa_yazar-kolektif","12":"first","13":"instock","14":"sale","15":"shipping-taxable","16":"purchasable","17":"product-type-simple"},"_links":{"self":[{"href":"https:\/\/roveyayinevi.com.tr\/index.php\/wp-json\/wp\/v2\/product\/772438","targetHints":{"allow":["GET"]}}],"collection":[{"href":"https:\/\/roveyayinevi.com.tr\/index.php\/wp-json\/wp\/v2\/product"}],"about":[{"href":"https:\/\/roveyayinevi.com.tr\/index.php\/wp-json\/wp\/v2\/types\/product"}],"wp:attachment":[{"href":"https:\/\/roveyayinevi.com.tr\/index.php\/wp-json\/wp\/v2\/media?parent=772438"}],"wp:term":[{"taxonomy":"product_brand","embeddable":true,"href":"https:\/\/roveyayinevi.com.tr\/index.php\/wp-json\/wp\/v2\/product_brand?post=772438"},{"taxonomy":"product_cat","embeddable":true,"href":"https:\/\/roveyayinevi.com.tr\/index.php\/wp-json\/wp\/v2\/product_cat?post=772438"},{"taxonomy":"product_tag","embeddable":true,"href":"https:\/\/roveyayinevi.com.tr\/index.php\/wp-json\/wp\/v2\/product_tag?post=772438"}],"curies":[{"name":"wp","href":"https:\/\/api.w.org\/{rel}","templated":true}]}}