{"id":772435,"date":"2025-08-28T15:39:55","date_gmt":"2025-08-28T12:39:55","guid":{"rendered":"https:\/\/roveyayinevi.com.tr\/index.php\/urun\/denge-oyunu-54-parca\/"},"modified":"2026-04-15T03:38:47","modified_gmt":"2026-04-15T00:38:47","slug":"denge-oyunu-54-parca","status":"publish","type":"product","link":"https:\/\/roveyayinevi.com.tr\/index.php\/urun\/denge-oyunu-54-parca\/","title":{"rendered":"Denge Oyunu (54 Par\u00e7a)"},"content":{"rendered":"<p>Denge Oyunu (54 Par\u00e7a)Oyunculara ne kazand\u0131r\u0131r?    \u2022 Tabii ki e\u011flendirir.    \u2022 Yenmeyi ve yenilmeyi e\u011flenceli bir \u015fekilde \u00f6\u011fretir.    \u2022 El ve kas becerilerini geli\u015ftirir.    \u2022 Konsantre olmay\u0131 \u00f6\u011fretir.    \u2022 Oynayana dikkat kazand\u0131r\u0131r.Ve b\u00fct\u00fcn aileyi e\u011flencenin ba\u015f\u0131na toplar.<\/p>\n","protected":false},"excerpt":{"rendered":"<p>Denge Oyunu (54 Par\u00e7a)Oyunculara ne kazand\u0131r\u0131r? \u2022 Tabii ki e\u011flendirir. \u2022 Yenmeyi ve yenilmeyi e\u011flenceli bir \u015fekilde \u00f6\u011fretir. \u2022 El ve kas becerilerini geli\u015ftirir. \u2022 Konsantre<span class=\"excerpt-hellip\"> [\u2026]<\/span><\/p>\n","protected":false},"featured_media":0,"template":"","meta":{"_monsterinsights_skip_tracking":false,"_monsterinsights_sitenote_active":false,"_monsterinsights_sitenote_note":"","_monsterinsights_sitenote_category":0},"product_brand":[],"product_cat":[28265,15563],"product_tag":[],"class_list":{"0":"post-772435","1":"product","2":"type-product","3":"status-publish","5":"product_cat-diger-hobi","6":"product_cat-hobi","7":"pa_cilt-ciltsiz","8":"pa_tur-kitap20","9":"pa_yayinevi-aklimda-zeka-oyunlari","10":"pa_yazar-kolektif","12":"first","13":"instock","14":"sale","15":"shipping-taxable","16":"purchasable","17":"product-type-simple"},"_links":{"self":[{"href":"https:\/\/roveyayinevi.com.tr\/index.php\/wp-json\/wp\/v2\/product\/772435","targetHints":{"allow":["GET"]}}],"collection":[{"href":"https:\/\/roveyayinevi.com.tr\/index.php\/wp-json\/wp\/v2\/product"}],"about":[{"href":"https:\/\/roveyayinevi.com.tr\/index.php\/wp-json\/wp\/v2\/types\/product"}],"wp:attachment":[{"href":"https:\/\/roveyayinevi.com.tr\/index.php\/wp-json\/wp\/v2\/media?parent=772435"}],"wp:term":[{"taxonomy":"product_brand","embeddable":true,"href":"https:\/\/roveyayinevi.com.tr\/index.php\/wp-json\/wp\/v2\/product_brand?post=772435"},{"taxonomy":"product_cat","embeddable":true,"href":"https:\/\/roveyayinevi.com.tr\/index.php\/wp-json\/wp\/v2\/product_cat?post=772435"},{"taxonomy":"product_tag","embeddable":true,"href":"https:\/\/roveyayinevi.com.tr\/index.php\/wp-json\/wp\/v2\/product_tag?post=772435"}],"curies":[{"name":"wp","href":"https:\/\/api.w.org\/{rel}","templated":true}]}}