{"id":772432,"date":"2025-08-28T15:39:47","date_gmt":"2025-08-28T12:39:47","guid":{"rendered":"https:\/\/roveyayinevi.com.tr\/index.php\/urun\/huzunlu-neseli-ve-bilgi-yuklu-kurgusal-mektuplar\/"},"modified":"2026-04-15T03:38:47","modified_gmt":"2026-04-15T00:38:47","slug":"huzunlu-neseli-ve-bilgi-yuklu-kurgusal-mektuplar","status":"publish","type":"product","link":"https:\/\/roveyayinevi.com.tr\/index.php\/urun\/huzunlu-neseli-ve-bilgi-yuklu-kurgusal-mektuplar\/","title":{"rendered":"H\u00fcz\u00fcnl\u00fc Ne\u015feli ve Bilgi Y\u00fckl\u00fc Kurgusal Mektuplar"},"content":{"rendered":"<p>Bu benim on sekizinci kitab\u0131m. Okuma ve yazma alan\u0131nda; aray\u0131\u015f ve y\u00fcr\u00fcy\u00fc\u015f\u00fcm\u00fcz devam ediyor. \u0130\u00e7erik ve verimlilik olarak olgunlu\u011fa\/erginli\u011fe eri\u015fti mi bilemem fakat say\u0131sal olarak bir devri geride b\u0131rakt\u0131k. Makale, deneme, \u00f6yk\u00fc, \u00f6zdeyi\u015f, \u015fiir, roman, inceleme t\u00fcrlerindeki anlat\u0131mlar\u0131m\u0131 kitapla\u015ft\u0131rm\u0131\u015ft\u0131m. Mektuplar tarz\u0131nda bir ifade sanat\u0131 ve duygusal mesaj aktar\u0131m\u0131 d\u00fc\u015f\u00fcnmeseydim; fikir  ve anlat\u0131m d\u00fcnyamda bir noksanl\u0131k hissederdim san\u0131r\u0131m. \u015eiir t\u00fcr\u00fcndeki mektuplar\u0131ma, deneme formundaki yaz\u0131lar\u0131m\u0131 da ekleyerek, \u00e7al\u0131\u015fmam\u0131z\u0131 tamamlam\u0131\u015f olduk. Hitap ve ifadelerimiz; belirgin, ger\u00e7ek ki\u015fi ve kurumlara dair olmay\u0131p, genel bir anlat\u0131m tercihidir. \u201cMektup yazd\u0131m Hasan\u2019a, ha Hasan\u2019a ha sana\u201d tarz\u0131nda bir kurgu, \u00fcslup ve betimlemeler i\u00e7erir. \u201cK\u0131z\u0131m sana s\u00f6yl\u00fcyorum, gelinim sen anla\u201d ba\u011flam\u0131nda bir alg\u0131ya kap\u0131lmak da serbesttir. Bir t\u00fcr insani ve vicdani manifesto olarak da hissedilebilir. G\u00fcn\u00fcm\u00fczde ve ge\u00e7mi\u015fte, duyduklar\u0131m, ya\u015fad\u0131klar\u0131m ve okuduklar\u0131mdan g\u00f6zlemledi\u011fim toplumsal ileti\u015fim sorunlar\u0131n\u0131, yarg\u0131 ve alg\u0131 yan\u0131lmalar\u0131n\u0131 da dikkate alarak; \u00f6nleyici, \u0131slah edici, tamir edici s\u00f6zel tepkilerle sunmaya \u00e7al\u0131\u015ft\u0131m. Kendinizden, \u00e7evrenizden, beklentilerinizden bir \u015feyler bulaca\u011f\u0131n\u0131z d\u00fc\u015f\u00fcncesiyle, s\u00f6z\u00fc kitaba b\u0131rak\u0131yorum. Bilimle kal\u0131n, verimli olun, esen kal\u0131n, \u015fen kal\u0131n\u0131z. <\/p>\n","protected":false},"excerpt":{"rendered":"<p>Bu benim on sekizinci kitab\u0131m. Okuma ve yazma alan\u0131nda; aray\u0131\u015f ve y\u00fcr\u00fcy\u00fc\u015f\u00fcm\u00fcz devam ediyor. \u0130\u00e7erik ve verimlilik olarak olgunlu\u011fa\/erginli\u011fe eri\u015fti mi bilemem fakat say\u0131sal olarak bir<span class=\"excerpt-hellip\"> [\u2026]<\/span><\/p>\n","protected":false},"featured_media":0,"template":"","meta":{"_monsterinsights_skip_tracking":false,"_monsterinsights_sitenote_active":false,"_monsterinsights_sitenote_note":"","_monsterinsights_sitenote_category":0},"product_brand":[],"product_cat":[12777,12291],"product_tag":[],"class_list":{"0":"post-772432","1":"product","2":"type-product","3":"status-publish","5":"product_cat-deneme","6":"product_cat-edebiyat","7":"pa_cilt-ciltsiz","8":"pa_tur-kitap","9":"pa_yayinevi-gulnar-yayinlari","10":"pa_yazar-ali-riza-malkoc","12":"first","13":"instock","14":"sale","15":"shipping-taxable","16":"purchasable","17":"product-type-simple"},"_links":{"self":[{"href":"https:\/\/roveyayinevi.com.tr\/index.php\/wp-json\/wp\/v2\/product\/772432","targetHints":{"allow":["GET"]}}],"collection":[{"href":"https:\/\/roveyayinevi.com.tr\/index.php\/wp-json\/wp\/v2\/product"}],"about":[{"href":"https:\/\/roveyayinevi.com.tr\/index.php\/wp-json\/wp\/v2\/types\/product"}],"wp:attachment":[{"href":"https:\/\/roveyayinevi.com.tr\/index.php\/wp-json\/wp\/v2\/media?parent=772432"}],"wp:term":[{"taxonomy":"product_brand","embeddable":true,"href":"https:\/\/roveyayinevi.com.tr\/index.php\/wp-json\/wp\/v2\/product_brand?post=772432"},{"taxonomy":"product_cat","embeddable":true,"href":"https:\/\/roveyayinevi.com.tr\/index.php\/wp-json\/wp\/v2\/product_cat?post=772432"},{"taxonomy":"product_tag","embeddable":true,"href":"https:\/\/roveyayinevi.com.tr\/index.php\/wp-json\/wp\/v2\/product_tag?post=772432"}],"curies":[{"name":"wp","href":"https:\/\/api.w.org\/{rel}","templated":true}]}}