{"id":772430,"date":"2025-08-28T15:39:42","date_gmt":"2025-08-28T12:39:42","guid":{"rendered":"https:\/\/roveyayinevi.com.tr\/index.php\/urun\/kutulamare-ve-irak-cephesi-tarihcesi\/"},"modified":"2026-04-15T03:38:47","modified_gmt":"2026-04-15T00:38:47","slug":"kutulamare-ve-irak-cephesi-tarihcesi","status":"publish","type":"product","link":"https:\/\/roveyayinevi.com.tr\/index.php\/urun\/kutulamare-ve-irak-cephesi-tarihcesi\/","title":{"rendered":"K\u00fct\u00fclamare ve Irak Cephesi Tarih\u00e7esi"},"content":{"rendered":"<p>I. D\u00fcnya Sava\u015f\u0131&#8217;nda Irak Cephesi&#8217;nde b\u00f6l\u00fck kumandan\u0131 olarak muharebelere kat\u0131lm\u0131\u015f ve m\u00fctarekeye yirmi d\u00f6rt saat kala 30 Ekim 1918&#8217;de \u0130ngilizlere esir d\u00fc\u015fm\u00fc\u015f bir subay olan Ahmet K\u00e2mil Bey&#8217;in esarette iken kaleme alm\u0131\u015f oldu\u011fu bu tarih\u00e7e, Osmanl\u0131 ordusunun Irak Cephesi Harek\u00e2t\u0131n\u0131 \u00f6z ve \u00f6zg\u00fcn bir \u015fekilde anlatmaktad\u0131r. Ahmet K\u00e2mil Bey, tarih\u00e7e metninin en sonuna ilave etti\u011fi notta maksad\u0131n\u0131 ve ni\u00e7in b\u00f6yle bir tarih\u00e7e haz\u0131rlamaya gerek duydu\u011funu ifade etmi\u015ftir. Ahmet K\u00e2mil Bey, askerlik hayat\u0131 boyunca tuttu\u011fu g\u00fcnl\u00fckteki notlar\u0131 ile esaret arkada\u015flar\u0131ndan edindi\u011fi bilgileri bir araya getirerek bu tarih\u00e7eyi haz\u0131rlad\u0131\u011f\u0131n\u0131, esaret hayat\u0131nda bo\u015f ge\u00e7en g\u00fcnlerini bu \u015fekilde de\u011ferlendirerek gelecekte I. D\u00fcnya Sava\u015f\u0131&#8217;n\u0131n bir\u00e7ok evrelerini tahkik ve analiz edecek askerlere\/sivillere kaynak olmak \u00fczere Irak&#8217;ta meydana gelen muharebeleri \u00f6z halinde yazarak kayda ge\u00e7irmeyi hedeflemi\u015ftir. Ahmet K\u00e2mil Bey&#8217;in k\u0131sa ve \u00f6z bir i\u00e7erikle kaleme ald\u0131\u011f\u0131 &#8220;K\u00fbt\u00fclam\u00e2re ve Irak Cephesi Tarih\u00e7esi&#8221;, tan\u0131k olanlar\u0131n g\u00f6z\u00fcyle yaz\u0131lm\u0131\u015f olmas\u0131, daha \u00f6nce yay\u0131mlanm\u0131\u015f Irak cephesine dair eserlerden farkl\u0131 ve \u00f6zg\u00fcn bilgiler i\u00e7ermesi a\u00e7\u0131s\u0131ndan son derece k\u0131ymetlidir.  <\/p>\n","protected":false},"excerpt":{"rendered":"<p>I. D\u00fcnya Sava\u015f\u0131&#8217;nda Irak Cephesi&#8217;nde b\u00f6l\u00fck kumandan\u0131 olarak muharebelere kat\u0131lm\u0131\u015f ve m\u00fctarekeye yirmi d\u00f6rt saat kala 30 Ekim 1918&#8217;de \u0130ngilizlere esir d\u00fc\u015fm\u00fc\u015f bir subay olan Ahmet<span class=\"excerpt-hellip\"> [\u2026]<\/span><\/p>\n","protected":false},"featured_media":0,"template":"","meta":{"_monsterinsights_skip_tracking":false,"_monsterinsights_sitenote_active":false,"_monsterinsights_sitenote_note":"","_monsterinsights_sitenote_category":0},"product_brand":[],"product_cat":[12370,12304],"product_tag":[],"class_list":{"0":"post-772430","1":"product","2":"type-product","3":"status-publish","5":"product_cat-arastirma-inceleme","6":"product_cat-tarih","7":"pa_cilt-ciltsiz","8":"pa_tur-kitap","9":"pa_yayinevi-yeditepe-yayinevi","10":"pa_yazar-yuzbasi-ahmet-kamil","12":"first","13":"instock","14":"sale","15":"shipping-taxable","16":"purchasable","17":"product-type-simple"},"_links":{"self":[{"href":"https:\/\/roveyayinevi.com.tr\/index.php\/wp-json\/wp\/v2\/product\/772430","targetHints":{"allow":["GET"]}}],"collection":[{"href":"https:\/\/roveyayinevi.com.tr\/index.php\/wp-json\/wp\/v2\/product"}],"about":[{"href":"https:\/\/roveyayinevi.com.tr\/index.php\/wp-json\/wp\/v2\/types\/product"}],"wp:attachment":[{"href":"https:\/\/roveyayinevi.com.tr\/index.php\/wp-json\/wp\/v2\/media?parent=772430"}],"wp:term":[{"taxonomy":"product_brand","embeddable":true,"href":"https:\/\/roveyayinevi.com.tr\/index.php\/wp-json\/wp\/v2\/product_brand?post=772430"},{"taxonomy":"product_cat","embeddable":true,"href":"https:\/\/roveyayinevi.com.tr\/index.php\/wp-json\/wp\/v2\/product_cat?post=772430"},{"taxonomy":"product_tag","embeddable":true,"href":"https:\/\/roveyayinevi.com.tr\/index.php\/wp-json\/wp\/v2\/product_tag?post=772430"}],"curies":[{"name":"wp","href":"https:\/\/api.w.org\/{rel}","templated":true}]}}