{"id":772429,"date":"2025-08-28T15:39:35","date_gmt":"2025-08-28T12:39:35","guid":{"rendered":"https:\/\/roveyayinevi.com.tr\/index.php\/urun\/cocuklar-anneleri-ve-babalari-buyutur\/"},"modified":"2026-04-15T03:38:47","modified_gmt":"2026-04-15T00:38:47","slug":"cocuklar-anneleri-ve-babalari-buyutur","status":"publish","type":"product","link":"https:\/\/roveyayinevi.com.tr\/index.php\/urun\/cocuklar-anneleri-ve-babalari-buyutur\/","title":{"rendered":"\u00c7ocuklar Anneleri ve Babalar\u0131 B\u00fcy\u00fct\u00fcr"},"content":{"rendered":"<p>B\u00fcy\u00fcmek dedi\u011fin; al\u0131nganl\u0131klar\u0131 b\u0131rakmaktan, su\u00e7lamak yerine hayat\u0131n\u0131n sorumlulu\u011funu almaktan, soru sormaktan, dinlemeyi bilmekten, ge\u00e7mi\u015fi kendine ayak ba\u011f\u0131 de\u011fil, ba\u015fkalar\u0131n\u0131n yolunu kolayla\u015ft\u0131r\u0131c\u0131 k\u0131r\u0131nt\u0131lar h\u00e2line d\u00f6n\u00fc\u015ft\u00fcrmekten ge\u00e7iyor. B\u00fcy\u00fcmek dedi\u011fin; bir \u00e7ocu\u011fun elini tutup usul usul hayat\u0131 anlatmaktan, onunla oyun oynamaktan, c\u00fcmlelerini ayna olarak kullanmaktan ge\u00e7iyor. B\u00fcy\u00fcmek dedi\u011fin; \u00e7ocu\u011fun kar\u015f\u0131s\u0131nda de\u011fil, yan\u0131nda durana kolay. O zaman \u00e7ocuklar anneleri de, babalar\u0131 da, dedeleri de, nineleri de b\u00fcy\u00fct\u00fcr. B\u00fcy\u00fcmek dedi\u011fin, \u00e7ocuklarla g\u00fczel\u2026 <\/p>\n","protected":false},"excerpt":{"rendered":"<p>B\u00fcy\u00fcmek dedi\u011fin; al\u0131nganl\u0131klar\u0131 b\u0131rakmaktan, su\u00e7lamak yerine hayat\u0131n\u0131n sorumlulu\u011funu almaktan, soru sormaktan, dinlemeyi bilmekten, ge\u00e7mi\u015fi kendine ayak ba\u011f\u0131 de\u011fil, ba\u015fkalar\u0131n\u0131n yolunu kolayla\u015ft\u0131r\u0131c\u0131 k\u0131r\u0131nt\u0131lar h\u00e2line d\u00f6n\u00fc\u015ft\u00fcrmekten ge\u00e7iyor. B\u00fcy\u00fcmek<span class=\"excerpt-hellip\"> [\u2026]<\/span><\/p>\n","protected":false},"featured_media":0,"template":"","meta":{"_monsterinsights_skip_tracking":false,"_monsterinsights_sitenote_active":false,"_monsterinsights_sitenote_note":"","_monsterinsights_sitenote_category":0},"product_brand":[],"product_cat":[12831,12324],"product_tag":[],"class_list":{"0":"post-772429","1":"product","2":"type-product","3":"status-publish","5":"product_cat-aile-ve-cocuk","6":"product_cat-sosyoloji","7":"pa_cilt-ciltsiz","8":"pa_tur-kitap","9":"pa_yayinevi-nesil-yayinlari","10":"pa_yazar-tugba-akbey-inan","12":"first","13":"instock","14":"sale","15":"shipping-taxable","16":"purchasable","17":"product-type-simple"},"_links":{"self":[{"href":"https:\/\/roveyayinevi.com.tr\/index.php\/wp-json\/wp\/v2\/product\/772429","targetHints":{"allow":["GET"]}}],"collection":[{"href":"https:\/\/roveyayinevi.com.tr\/index.php\/wp-json\/wp\/v2\/product"}],"about":[{"href":"https:\/\/roveyayinevi.com.tr\/index.php\/wp-json\/wp\/v2\/types\/product"}],"wp:attachment":[{"href":"https:\/\/roveyayinevi.com.tr\/index.php\/wp-json\/wp\/v2\/media?parent=772429"}],"wp:term":[{"taxonomy":"product_brand","embeddable":true,"href":"https:\/\/roveyayinevi.com.tr\/index.php\/wp-json\/wp\/v2\/product_brand?post=772429"},{"taxonomy":"product_cat","embeddable":true,"href":"https:\/\/roveyayinevi.com.tr\/index.php\/wp-json\/wp\/v2\/product_cat?post=772429"},{"taxonomy":"product_tag","embeddable":true,"href":"https:\/\/roveyayinevi.com.tr\/index.php\/wp-json\/wp\/v2\/product_tag?post=772429"}],"curies":[{"name":"wp","href":"https:\/\/api.w.org\/{rel}","templated":true}]}}