{"id":772427,"date":"2025-08-28T15:39:31","date_gmt":"2025-08-28T12:39:31","guid":{"rendered":"https:\/\/roveyayinevi.com.tr\/index.php\/urun\/icindeki-mucize-kodu\/"},"modified":"2026-04-08T03:35:08","modified_gmt":"2026-04-08T00:35:08","slug":"icindeki-mucize-kodu","status":"publish","type":"product","link":"https:\/\/roveyayinevi.com.tr\/index.php\/urun\/icindeki-mucize-kodu\/","title":{"rendered":"\u0130\u00e7indeki Mucize Kodu"},"content":{"rendered":"<p>\u201cBayram Ta\u015fc\u0131 Hoca\u2019m\u0131z\u0131n ilham verici ve motive edici kitab\u0131, okuyucular\u0131na \u015fimdiden \u015fifa olsun. \u0130\u00e7erdi\u011fi derin bilgilerle hayat\u0131n\u0131za dokunacak.\u201d &#8211; B\u00fclent Gardiyano\u011flu   Hayat, kimi zaman bir \u00e7\u0131kmaz gibi g\u00f6r\u00fcnse de asl\u0131nda \u00e7\u00f6z\u00fcm i\u00e7imizde sakl\u0131d\u0131r. \u0130\u00e7indeki Mucize Kodu, hayallerinle bulu\u015fman i\u00e7in ihtiyac\u0131n olan o sihirli anahtar\u0131 eline veriyor. Zihninin s\u0131n\u0131rlar\u0131n\u0131 a\u015fmaya, tutkular\u0131n\u0131 kucaklamaya ve k\u00fc\u00e7\u00fck ad\u0131mlar\u0131n devasa d\u00f6n\u00fc\u015f\u00fcmleri nas\u0131l ate\u015fledi\u011fini ke\u015ffetmeye haz\u0131r m\u0131s\u0131n?   Bayram Ta\u015fc\u0131\u2019n\u0131n ilham verici hik\u00e2yeler, etkileyici \u00f6rnekler ve uygulamal\u0131 yakla\u015f\u0131mlar e\u015fli\u011finde kaleme ald\u0131\u011f\u0131 bu kitap; kararl\u0131l\u0131\u011f\u0131n g\u00fcc\u00fcn\u00fc, azmin zaferini, vazge\u00e7menin \u00f6zg\u00fcrl\u00fc\u011f\u00fcn\u00fc ve \u00f6z disiplinin ba\u015far\u0131ya giden yolda nas\u0131l bir pusula oldu\u011funu g\u00f6zler \u00f6n\u00fcne seriyor. Her sayfa, seni kendi i\u00e7sel g\u00fcc\u00fcnle tan\u0131\u015ft\u0131rmak i\u00e7in at\u0131lm\u0131\u015f bir ad\u0131md\u0131r.   Bu eser s\u0131radan bir ki\u015fisel geli\u015fim kitab\u0131 de\u011fil, kendini yeniden in\u015fa etmenin cesur bir rehberidir. \u015eimdi, d\u00f6n\u00fc\u015f\u00fcm yolunda ilk ad\u0131m\u0131 at, i\u00e7indeki mucizeyi uyand\u0131r ve \u0130\u00e7indeki Mucize Kodu ile hayat\u0131n\u0131 yeniden yaz! <\/p>\n","protected":false},"excerpt":{"rendered":"<p>\u201cBayram Ta\u015fc\u0131 Hoca\u2019m\u0131z\u0131n ilham verici ve motive edici kitab\u0131, okuyucular\u0131na \u015fimdiden \u015fifa olsun. \u0130\u00e7erdi\u011fi derin bilgilerle hayat\u0131n\u0131za dokunacak.\u201d &#8211; B\u00fclent Gardiyano\u011flu Hayat, kimi zaman bir \u00e7\u0131kmaz<span class=\"excerpt-hellip\"> [\u2026]<\/span><\/p>\n","protected":false},"featured_media":0,"template":"","meta":{"_monsterinsights_skip_tracking":false,"_monsterinsights_sitenote_active":false,"_monsterinsights_sitenote_note":"","_monsterinsights_sitenote_category":0},"product_brand":[],"product_cat":[12364,12376],"product_tag":[],"class_list":{"0":"post-772427","1":"product","2":"type-product","3":"status-publish","5":"product_cat-genel-konular","6":"product_cat-kisisel-gelisim","7":"pa_cilt-ciltsiz","8":"pa_tur-kitap","9":"pa_yayinevi-destek-yayinlari","10":"pa_yazar-bayram-tasci","12":"first","13":"instock","14":"sale","15":"shipping-taxable","16":"purchasable","17":"product-type-simple"},"_links":{"self":[{"href":"https:\/\/roveyayinevi.com.tr\/index.php\/wp-json\/wp\/v2\/product\/772427","targetHints":{"allow":["GET"]}}],"collection":[{"href":"https:\/\/roveyayinevi.com.tr\/index.php\/wp-json\/wp\/v2\/product"}],"about":[{"href":"https:\/\/roveyayinevi.com.tr\/index.php\/wp-json\/wp\/v2\/types\/product"}],"wp:attachment":[{"href":"https:\/\/roveyayinevi.com.tr\/index.php\/wp-json\/wp\/v2\/media?parent=772427"}],"wp:term":[{"taxonomy":"product_brand","embeddable":true,"href":"https:\/\/roveyayinevi.com.tr\/index.php\/wp-json\/wp\/v2\/product_brand?post=772427"},{"taxonomy":"product_cat","embeddable":true,"href":"https:\/\/roveyayinevi.com.tr\/index.php\/wp-json\/wp\/v2\/product_cat?post=772427"},{"taxonomy":"product_tag","embeddable":true,"href":"https:\/\/roveyayinevi.com.tr\/index.php\/wp-json\/wp\/v2\/product_tag?post=772427"}],"curies":[{"name":"wp","href":"https:\/\/api.w.org\/{rel}","templated":true}]}}