{"id":772425,"date":"2025-08-28T15:39:26","date_gmt":"2025-08-28T12:39:26","guid":{"rendered":"https:\/\/roveyayinevi.com.tr\/index.php\/urun\/nasreddin-hoca-fikralarinda-ve-kemal-sunal-filmlerinde-turk-akil-ve-ahlak-evreni\/"},"modified":"2026-04-15T03:38:47","modified_gmt":"2026-04-15T00:38:47","slug":"nasreddin-hoca-fikralarinda-ve-kemal-sunal-filmlerinde-turk-akil-ve-ahlak-evreni","status":"publish","type":"product","link":"https:\/\/roveyayinevi.com.tr\/index.php\/urun\/nasreddin-hoca-fikralarinda-ve-kemal-sunal-filmlerinde-turk-akil-ve-ahlak-evreni\/","title":{"rendered":"Nasreddin Hoca F\u0131kralar\u0131nda ve Kemal Sunal Filmlerinde  T\u00fcrk Ak\u0131l ve Ahlak Evreni"},"content":{"rendered":"<p>Nasreddin Hoca\u2019n\u0131n \u2018h\u0131zar tala\u015f\u0131n\u0131 ye\u015fil ot olarak g\u00f6rmesi i\u00e7in e\u015fe\u011fine ye\u015fil caml\u0131 g\u00f6zl\u00fck\u2019 takmas\u0131 veya Adem rol\u00fcndeki Kemal Sunal\u2019\u0131n \u2018e\u015fe\u011finin karn\u0131nda kald\u0131r\u0131m ta\u015f\u0131 kadar elmas oldu\u011fu yalan\u0131n\u0131 uydurmas\u0131\u2019 gibi kimi yorumcular T\u00fcrk ak\u0131l ve ahlak evreni yasalar\u0131ndaki olumsuz y\u00f6nleri olumlu g\u00f6rmek i\u00e7in \u2018pembe g\u00f6zl\u00fck\u2019 takarken, kimi yorumcular en olumlu yasalar\u0131 \u2018kara mizah\u2019 olarak g\u00f6rmek i\u00e7in \u2018kara\/siyah g\u00f6zl\u00fck\u2019 takarken, kimi de yasalardaki olan ile olmas\u0131 gereken \u00fczerine ahlaki\/etik \u00f6nyarg\u0131lardan ar\u0131nmak i\u00e7in ger\u00e7ekli\u011fi oldu\u011fu gibi yans\u0131tmak i\u00e7in \u2018g\u00f6zl\u00fcks\u00fcz\u2019 olarak T\u00fcrk ak\u0131l ve ahlak evreni h\u00fck\u00fcmlerini analiz etmi\u015ftir. Bu kitap boyunca T\u00fcrk k\u00fclt\u00fcr\u00fc a\u00e7\u0131s\u0131ndan bu \u00fc\u00e7 bak\u0131\u015f\/g\u00f6zl\u00fck a\u00e7\u0131s\u0131n\u0131n\/renginin de ger\u00e7ek ger\u00e7ekli\u011fi yans\u0131tt\u0131\u011f\u0131 oranda yans\u0131t\u0131lan metinler\/aynalar ve yasalar\/yans\u0131malar \u00fczerinden \u2018g\u00f6zl\u00fcks\u00fcz\u2019 yorumlar yap\u0131lmaya \u00f6zen g\u00f6sterilmi\u015ftir. <\/p>\n","protected":false},"excerpt":{"rendered":"<p>Nasreddin Hoca\u2019n\u0131n \u2018h\u0131zar tala\u015f\u0131n\u0131 ye\u015fil ot olarak g\u00f6rmesi i\u00e7in e\u015fe\u011fine ye\u015fil caml\u0131 g\u00f6zl\u00fck\u2019 takmas\u0131 veya Adem rol\u00fcndeki Kemal Sunal\u2019\u0131n \u2018e\u015fe\u011finin karn\u0131nda kald\u0131r\u0131m ta\u015f\u0131 kadar elmas oldu\u011fu<span class=\"excerpt-hellip\"> [\u2026]<\/span><\/p>\n","protected":false},"featured_media":0,"template":"","meta":{"_monsterinsights_skip_tracking":false,"_monsterinsights_sitenote_active":false,"_monsterinsights_sitenote_note":"","_monsterinsights_sitenote_category":0},"product_brand":[],"product_cat":[12325,12324],"product_tag":[],"class_list":{"0":"post-772425","1":"product","2":"type-product","3":"status-publish","5":"product_cat-diger-sosyoloji","6":"product_cat-sosyoloji","7":"pa_cilt-ciltsiz","8":"pa_tur-kitap","9":"pa_yayinevi-episteme-yayinlari","10":"pa_yazar-halis-cetin","12":"first","13":"instock","14":"sale","15":"shipping-taxable","16":"purchasable","17":"product-type-simple"},"_links":{"self":[{"href":"https:\/\/roveyayinevi.com.tr\/index.php\/wp-json\/wp\/v2\/product\/772425","targetHints":{"allow":["GET"]}}],"collection":[{"href":"https:\/\/roveyayinevi.com.tr\/index.php\/wp-json\/wp\/v2\/product"}],"about":[{"href":"https:\/\/roveyayinevi.com.tr\/index.php\/wp-json\/wp\/v2\/types\/product"}],"wp:attachment":[{"href":"https:\/\/roveyayinevi.com.tr\/index.php\/wp-json\/wp\/v2\/media?parent=772425"}],"wp:term":[{"taxonomy":"product_brand","embeddable":true,"href":"https:\/\/roveyayinevi.com.tr\/index.php\/wp-json\/wp\/v2\/product_brand?post=772425"},{"taxonomy":"product_cat","embeddable":true,"href":"https:\/\/roveyayinevi.com.tr\/index.php\/wp-json\/wp\/v2\/product_cat?post=772425"},{"taxonomy":"product_tag","embeddable":true,"href":"https:\/\/roveyayinevi.com.tr\/index.php\/wp-json\/wp\/v2\/product_tag?post=772425"}],"curies":[{"name":"wp","href":"https:\/\/api.w.org\/{rel}","templated":true}]}}