{"id":772424,"date":"2025-08-28T15:39:24","date_gmt":"2025-08-28T12:39:24","guid":{"rendered":"https:\/\/roveyayinevi.com.tr\/index.php\/urun\/klasik-sanat-kafasi\/"},"modified":"2026-03-12T03:36:24","modified_gmt":"2026-03-12T00:36:24","slug":"klasik-sanat-kafasi","status":"publish","type":"product","link":"https:\/\/roveyayinevi.com.tr\/index.php\/urun\/klasik-sanat-kafasi\/","title":{"rendered":"Klasik Sanat Kafas\u0131"},"content":{"rendered":"<p>Klasik sanat, kendinden \u00f6nceki ve sonraki d\u00f6nemlerin sanat\u0131n\u0131 \u015fekillendiren, onu do\u011fru de\u011ferlendirmeyi m\u00fcmk\u00fcn k\u0131lan bir mirasa i\u015faret eder. Sanat\u0131 yorumlayabilmek yolunda \u201cklasik\u201d sanata yak\u0131ndan bakmak b\u00fcy\u00fck \u00f6nem ta\u015f\u0131r. Akademisyen, k\u00fcrat\u00f6r ve sanat yazar\u0131 Marcus Graf\u2019\u0131n, on \u00fc\u00e7\u00fcnc\u00fc y\u00fczy\u0131ldan on dokuzuncu y\u00fczy\u0131la dek birbirinden \u00f6nemli yirmi sanat\u00e7\u0131y\u0131 ele ald\u0131\u011f\u0131 metinlerinden olu\u015fan Klasik Sanat Kafas\u0131, okuyucuyu R\u00f6nesans\u2019tan Neoklasizme uzanan uzun soluklu bir yolculu\u011fa \u00e7\u0131kar\u0131yor. Yirmi sanat\u00e7\u0131n\u0131n ve eserlerinin, \u00fcretildikleri d\u00f6nemden g\u00fcn\u00fcm\u00fcze dek koruduklar\u0131 \u00f6nemi, t\u00fcm sanatsal ve sosyok\u00fclt\u00fcrel ger\u00e7ekli\u011fiyle ortaya koyuyor.   Klasik Sanat Kafas\u0131\u2019n\u0131n, R\u00f6nesans\u2019\u0131n \u00f6nc\u00fcs\u00fc Giotto ile ba\u015flayan yolculu\u011fu, \u0130talyan R\u00f6nesans\u2019\u0131n\u0131n b\u00fcy\u00fck ustalar\u0131 Botticelli, Da Vinci, Michelangelo ve Raffaello\u2019nun yan\u0131 s\u0131ra Kuzey R\u00f6nesans\u0131\u2019n\u0131n \u00f6nemli ustalar\u0131 Van Eyck, Bosch, D\u00fcrer ve Brueghel ile devam ediyor. El Greco ve Tintoretto ile R\u00f6nesans\u2019a bir kar\u015f\u0131 \u00e7\u0131k\u0131\u015f olan Maniyerizme uzand\u0131ktan sonra toplumsal, k\u00fclt\u00fcrel ve sanatsal d\u00f6n\u00fc\u015f\u00fcmlerin damga vurdu\u011fu Barok d\u00f6nem sanat\u0131n\u0131 ve yeni yakla\u015f\u0131mlar\u0131 Caravaggio, Rubens, Rembrandt, Vermeer ve Vel\u00e1zquez ile irdeliyor. Sanat\u0131n daha idealize, daha s\u00fcsl\u00fc oldu\u011fu ve daha elit bir kesime hitap etti\u011fi Rokoko sanat\u00e7\u0131lar\u0131n\u0131n ill\u00fczyon ve fantezi dolu d\u00fcnyas\u0131n\u0131 de\u015fifre ettikten sonra, klasik sanat anlay\u0131\u015f\u0131na bir kez daha geri d\u00f6n\u00fc\u015f\u00fcn ya\u015fand\u0131\u011f\u0131 Neoklasizm ile yolculu\u011funu on sekizinci y\u00fczy\u0131l sonlar\u0131nda tamaml\u0131yor. Klasik Sanat Kafas\u0131 okuyucuya, 1300\u2019l\u00fc y\u0131llardan 1800\u2019l\u00fc y\u0131llara dek uzanan bir sanat miras\u0131n\u0131n kayd\u0131n\u0131 sunuyor. <\/p>\n","protected":false},"excerpt":{"rendered":"<p>Klasik sanat, kendinden \u00f6nceki ve sonraki d\u00f6nemlerin sanat\u0131n\u0131 \u015fekillendiren, onu do\u011fru de\u011ferlendirmeyi m\u00fcmk\u00fcn k\u0131lan bir mirasa i\u015faret eder. Sanat\u0131 yorumlayabilmek yolunda \u201cklasik\u201d sanata yak\u0131ndan bakmak b\u00fcy\u00fck<span class=\"excerpt-hellip\"> [\u2026]<\/span><\/p>\n","protected":false},"featured_media":0,"template":"","meta":{"_monsterinsights_skip_tracking":false,"_monsterinsights_sitenote_active":false,"_monsterinsights_sitenote_note":"","_monsterinsights_sitenote_category":0},"product_brand":[],"product_cat":[13548,12408],"product_tag":[],"class_list":{"0":"post-772424","1":"product","2":"type-product","3":"status-publish","5":"product_cat-kuram","6":"product_cat-sanat","7":"pa_cilt-ciltsiz","8":"pa_tur-kitap","9":"pa_yayinevi-hayalperest-yayinlari","10":"pa_yazar-marcus-graf","12":"first","13":"instock","14":"sale","15":"shipping-taxable","16":"purchasable","17":"product-type-simple"},"_links":{"self":[{"href":"https:\/\/roveyayinevi.com.tr\/index.php\/wp-json\/wp\/v2\/product\/772424","targetHints":{"allow":["GET"]}}],"collection":[{"href":"https:\/\/roveyayinevi.com.tr\/index.php\/wp-json\/wp\/v2\/product"}],"about":[{"href":"https:\/\/roveyayinevi.com.tr\/index.php\/wp-json\/wp\/v2\/types\/product"}],"wp:attachment":[{"href":"https:\/\/roveyayinevi.com.tr\/index.php\/wp-json\/wp\/v2\/media?parent=772424"}],"wp:term":[{"taxonomy":"product_brand","embeddable":true,"href":"https:\/\/roveyayinevi.com.tr\/index.php\/wp-json\/wp\/v2\/product_brand?post=772424"},{"taxonomy":"product_cat","embeddable":true,"href":"https:\/\/roveyayinevi.com.tr\/index.php\/wp-json\/wp\/v2\/product_cat?post=772424"},{"taxonomy":"product_tag","embeddable":true,"href":"https:\/\/roveyayinevi.com.tr\/index.php\/wp-json\/wp\/v2\/product_tag?post=772424"}],"curies":[{"name":"wp","href":"https:\/\/api.w.org\/{rel}","templated":true}]}}